{"id":10324,"date":"2025-03-27T12:09:09","date_gmt":"2025-03-27T11:09:09","guid":{"rendered":"https:\/\/moniberic.com\/producto\/montecillo-mg-rouge\/"},"modified":"2025-03-27T12:09:09","modified_gmt":"2025-03-27T11:09:09","slug":"montecillo-mg-rouge","status":"publish","type":"product","link":"https:\/\/moniberic.com\/fr\/produit\/montecillo-mg-rouge\/","title":{"rendered":"MONTECILLO MG ROUGE"},"content":{"rendered":"<h3>D.O.CA RIOJA<\/h3>\n<p><strong style=\"font-size: 16px;\">DOMAINE VINIF\u00c8RE<\/strong>: <span style=\"font-size: 16px;\">Montecillo<\/span><\/p>\n<p><strong>VARI\u00c9T\u00c9S<\/strong>: 87% Tempranillo, 13% Garnacha Tinta<\/p>\n<p><strong>D\u00c9GUSTATION<\/strong>: Au nez, il pr\u00e9sente des ar\u00f4mes de fruits rouges tels que les cerises et les framboises, accompagn\u00e9s de subtiles touches de vanille et d&rsquo;\u00e9pices, r\u00e9sultat de son vieillissement en f\u00fbts. En bouche, il est concentr\u00e9 et \u00e9quilibr\u00e9, avec des tanins souples qui lui conf\u00e8rent de la structure et une finale persistante. Parfait pour ceux qui recherchent un vin rouge avec du caract\u00e8re et de la complexit\u00e9.  <\/p>\n","protected":false},"excerpt":{"rendered":"<p>D.O.CA RIOJA DOMAINE VINIF\u00c8RE: Montecillo VARI\u00c9T\u00c9S: 87% Tempranillo, 13% Garnacha Tinta D\u00c9GUSTATION: Au nez, il pr\u00e9sente des ar\u00f4mes de fruits rouges tels que les cerises et les framboises, accompagn\u00e9s de subtiles touches de vanille et d&rsquo;\u00e9pices, r\u00e9sultat de son vieillissement en f\u00fbts. En bouche, il est concentr\u00e9 et \u00e9quilibr\u00e9, avec des tanins souples qui lui [&hellip;]<\/p>\n","protected":false},"featured_media":9826,"template":"","meta":[],"product_brand":[],"product_cat":[306],"product_tag":[],"class_list":{"0":"post-10324","1":"product","2":"type-product","3":"status-publish","4":"has-post-thumbnail","6":"product_cat-vins-et-cavas","8":"first","9":"instock","10":"taxable","11":"shipping-taxable","12":"purchasable","13":"product-type-simple"},"_links":{"self":[{"href":"https:\/\/moniberic.com\/fr\/wp-json\/wp\/v2\/product\/10324","targetHints":{"allow":["GET"]}}],"collection":[{"href":"https:\/\/moniberic.com\/fr\/wp-json\/wp\/v2\/product"}],"about":[{"href":"https:\/\/moniberic.com\/fr\/wp-json\/wp\/v2\/types\/product"}],"wp:featuredmedia":[{"embeddable":true,"href":"https:\/\/moniberic.com\/fr\/wp-json\/wp\/v2\/media\/9826"}],"wp:attachment":[{"href":"https:\/\/moniberic.com\/fr\/wp-json\/wp\/v2\/media?parent=10324"}],"wp:term":[{"taxonomy":"product_brand","embeddable":true,"href":"https:\/\/moniberic.com\/fr\/wp-json\/wp\/v2\/product_brand?post=10324"},{"taxonomy":"product_cat","embeddable":true,"href":"https:\/\/moniberic.com\/fr\/wp-json\/wp\/v2\/product_cat?post=10324"},{"taxonomy":"product_tag","embeddable":true,"href":"https:\/\/moniberic.com\/fr\/wp-json\/wp\/v2\/product_tag?post=10324"}],"curies":[{"name":"wp","href":"https:\/\/api.w.org\/{rel}","templated":true}]}}