{"id":10318,"date":"2025-03-27T12:14:49","date_gmt":"2025-03-27T11:14:49","guid":{"rendered":"https:\/\/moniberic.com\/producto\/nacional-122-roble-rouge\/"},"modified":"2025-03-27T12:14:49","modified_gmt":"2025-03-27T11:14:49","slug":"nacional-122-roble-rouge","status":"publish","type":"product","link":"https:\/\/moniberic.com\/fr\/produit\/nacional-122-roble-rouge\/","title":{"rendered":"NACIONAL 122 ROBLE ROUGE"},"content":{"rendered":"<h3>D.O. RIBERA DEL DUERO<\/h3>\n<p><strong style=\"font-size: 16px;\">CAVITE<\/strong>: <span style=\"font-size: 16px;\">Maturation et Vendanges<\/span><\/p>\n<p><strong>VARI\u00c9T\u00c9S<\/strong>: Tempranillo<\/p>\n<p><strong>D\u00c9GUSTATION<\/strong>: Quant \u00e0 son aspect visuel, il pr\u00e9sente une robe rouge cerise aux reflets violets. Il d\u00e9gage divers ar\u00f4mes de fruits des bois (framboises et cerises), accompagn\u00e9s de prunes, tr\u00e8s bien entrelac\u00e9s avec les notes \u00e9pic\u00e9es du bois. En bouche, il est sinc\u00e8re, conservant sa complexit\u00e9 et sa bonne acidit\u00e9. Avec un corps moyen, il est id\u00e9al pour toutes les occasions.   <\/p>\n","protected":false},"excerpt":{"rendered":"<p>D.O. RIBERA DEL DUERO CAVITE: Maturation et Vendanges VARI\u00c9T\u00c9S: Tempranillo D\u00c9GUSTATION: Quant \u00e0 son aspect visuel, il pr\u00e9sente une robe rouge cerise aux reflets violets. Il d\u00e9gage divers ar\u00f4mes de fruits des bois (framboises et cerises), accompagn\u00e9s de prunes, tr\u00e8s bien entrelac\u00e9s avec les notes \u00e9pic\u00e9es du bois. En bouche, il est sinc\u00e8re, conservant sa [&hellip;]<\/p>\n","protected":false},"featured_media":9952,"template":"","meta":[],"product_brand":[],"product_cat":[306],"product_tag":[],"class_list":{"0":"post-10318","1":"product","2":"type-product","3":"status-publish","4":"has-post-thumbnail","6":"product_cat-vins-et-cavas","8":"first","9":"outofstock","10":"taxable","11":"shipping-taxable","12":"purchasable","13":"product-type-simple"},"_links":{"self":[{"href":"https:\/\/moniberic.com\/fr\/wp-json\/wp\/v2\/product\/10318","targetHints":{"allow":["GET"]}}],"collection":[{"href":"https:\/\/moniberic.com\/fr\/wp-json\/wp\/v2\/product"}],"about":[{"href":"https:\/\/moniberic.com\/fr\/wp-json\/wp\/v2\/types\/product"}],"wp:featuredmedia":[{"embeddable":true,"href":"https:\/\/moniberic.com\/fr\/wp-json\/wp\/v2\/media\/9952"}],"wp:attachment":[{"href":"https:\/\/moniberic.com\/fr\/wp-json\/wp\/v2\/media?parent=10318"}],"wp:term":[{"taxonomy":"product_brand","embeddable":true,"href":"https:\/\/moniberic.com\/fr\/wp-json\/wp\/v2\/product_brand?post=10318"},{"taxonomy":"product_cat","embeddable":true,"href":"https:\/\/moniberic.com\/fr\/wp-json\/wp\/v2\/product_cat?post=10318"},{"taxonomy":"product_tag","embeddable":true,"href":"https:\/\/moniberic.com\/fr\/wp-json\/wp\/v2\/product_tag?post=10318"}],"curies":[{"name":"wp","href":"https:\/\/api.w.org\/{rel}","templated":true}]}}