{"id":10301,"date":"2022-11-09T15:48:04","date_gmt":"2022-11-09T15:48:04","guid":{"rendered":"https:\/\/moniberic.com\/producto\/lot-de-noel-lj10\/"},"modified":"2025-11-25T08:00:01","modified_gmt":"2025-11-25T07:00:01","slug":"lot-de-noel-lj10","status":"publish","type":"product","link":"https:\/\/moniberic.com\/fr\/produit\/lot-de-noel-lj10\/","title":{"rendered":"LOT DE NO\u00cbL LJ10"},"content":{"rendered":"","protected":false},"excerpt":{"rendered":"<p>Dans notre gamme d&rsquo;articles, vous pouvez acheter des packs comme celui que nous vous pr\u00e9sentons ci-dessous avec un large assortiment de produits :<\/p>\n<p>Notre lot comprend:<\/p>\n<ul>\n<li>1 jambon de cebo ib\u00e9rique Tom\u00e1s L\u00f3pez, 8,5 kg. environ<\/li>\n<li>1 saucisse de campagne Tom\u00e1s L\u00f3pez 250 grs. environ<\/li>\n<li>1 saucisse ib\u00e9rique de cebo vela 270 grs. environ<\/li>\n<li>1 vela de chorizo \u200b\u200bib\u00e9rique de cebo 270 grs. environ<\/li>\n<li>1 morceau de fromage de brebis semi-affin\u00e9 AQ 250 grs. environ<\/li>\n<li>1 morceau de fromage de brebis affin\u00e9 AQ 250 grs. environ<\/li>\n<li>1 Vin rouge D.O. Rioja Luis Ca\u00f1as Crianza<\/li>\n<li>1 Cava Anna Codorniu<\/li>\n<li>Lot de 4 nougats Torrons Vicens<\/li>\n<li>Les sommets du pays<\/li>\n<\/ul>\n<p>&nbsp;<\/p>\n<p>Pr\u00e9sent\u00e9 dans une bo\u00eete en carton<\/p>\n","protected":false},"featured_media":12274,"template":"","meta":[],"product_brand":[],"product_cat":[415],"product_tag":[607,606],"class_list":{"0":"post-10301","1":"product","2":"type-product","3":"status-publish","4":"has-post-thumbnail","6":"product_cat-lots-de-noel","7":"product_tag-cadeaux-speciaux","8":"product_tag-lots-de-noel-fr","10":"first","11":"instock","12":"taxable","13":"shipping-taxable","14":"purchasable","15":"product-type-simple"},"_links":{"self":[{"href":"https:\/\/moniberic.com\/fr\/wp-json\/wp\/v2\/product\/10301","targetHints":{"allow":["GET"]}}],"collection":[{"href":"https:\/\/moniberic.com\/fr\/wp-json\/wp\/v2\/product"}],"about":[{"href":"https:\/\/moniberic.com\/fr\/wp-json\/wp\/v2\/types\/product"}],"wp:featuredmedia":[{"embeddable":true,"href":"https:\/\/moniberic.com\/fr\/wp-json\/wp\/v2\/media\/12274"}],"wp:attachment":[{"href":"https:\/\/moniberic.com\/fr\/wp-json\/wp\/v2\/media?parent=10301"}],"wp:term":[{"taxonomy":"product_brand","embeddable":true,"href":"https:\/\/moniberic.com\/fr\/wp-json\/wp\/v2\/product_brand?post=10301"},{"taxonomy":"product_cat","embeddable":true,"href":"https:\/\/moniberic.com\/fr\/wp-json\/wp\/v2\/product_cat?post=10301"},{"taxonomy":"product_tag","embeddable":true,"href":"https:\/\/moniberic.com\/fr\/wp-json\/wp\/v2\/product_tag?post=10301"}],"curies":[{"name":"wp","href":"https:\/\/api.w.org\/{rel}","templated":true}]}}