{"id":10299,"date":"2022-11-15T16:23:25","date_gmt":"2022-11-15T15:23:25","guid":{"rendered":"https:\/\/moniberic.com\/producto\/venta-las-vacas\/"},"modified":"2022-11-15T16:23:25","modified_gmt":"2022-11-15T15:23:25","slug":"venta-las-vacas","status":"publish","type":"product","link":"https:\/\/moniberic.com\/fr\/produit\/venta-las-vacas\/","title":{"rendered":"VENTA LAS VACAS"},"content":{"rendered":"<h3>D.O. <strong>RIBERA DEL DUERO<\/strong><\/h3>\n<p><strong>MAGASIN<\/strong>: Uvas Felices<\/p>\n<p><strong>VARI\u00c9T\u00c9S<\/strong>: Tempranillo<\/p>\n<p><strong>\u00c9LEVAGE<\/strong>: 12 mois en f\u00fbts de ch\u00eane am\u00e9ricain et fran\u00e7ais<\/p>\n<p><strong>D\u00c9GUSTATION<\/strong>: Robe cerise avec une couche \u00e9paisse. Belle d\u00e9chirure tr\u00e8s pr\u00e9sente. Au nez, fruits noirs m\u00fbrs, notes torr\u00e9fi\u00e9es, vanille et menthol. En bouche, il est plus \u00e9l\u00e9gant que puissant, fin, avec une bonne acidit\u00e9, amer. Bonne finale avec une bonne persistance et une l\u00e9g\u00e8re amertume.<\/p>\n","protected":false},"excerpt":{"rendered":"<p>D.O. RIBERA DEL DUERO MAGASIN: Uvas Felices VARI\u00c9T\u00c9S: Tempranillo \u00c9LEVAGE: 12 mois en f\u00fbts de ch\u00eane am\u00e9ricain et fran\u00e7ais D\u00c9GUSTATION: Robe cerise avec une couche \u00e9paisse. Belle d\u00e9chirure tr\u00e8s pr\u00e9sente. Au nez, fruits noirs m\u00fbrs, notes torr\u00e9fi\u00e9es, vanille et menthol. En bouche, il est plus \u00e9l\u00e9gant que puissant, fin, avec une bonne acidit\u00e9, amer. Bonne [&hellip;]<\/p>\n","protected":false},"featured_media":4372,"template":"","meta":[],"product_brand":[],"product_cat":[306],"product_tag":[],"class_list":{"0":"post-10299","1":"product","2":"type-product","3":"status-publish","4":"has-post-thumbnail","6":"product_cat-vins-et-cavas","8":"first","9":"instock","10":"taxable","11":"shipping-taxable","12":"purchasable","13":"product-type-simple"},"_links":{"self":[{"href":"https:\/\/moniberic.com\/fr\/wp-json\/wp\/v2\/product\/10299","targetHints":{"allow":["GET"]}}],"collection":[{"href":"https:\/\/moniberic.com\/fr\/wp-json\/wp\/v2\/product"}],"about":[{"href":"https:\/\/moniberic.com\/fr\/wp-json\/wp\/v2\/types\/product"}],"wp:featuredmedia":[{"embeddable":true,"href":"https:\/\/moniberic.com\/fr\/wp-json\/wp\/v2\/media\/4372"}],"wp:attachment":[{"href":"https:\/\/moniberic.com\/fr\/wp-json\/wp\/v2\/media?parent=10299"}],"wp:term":[{"taxonomy":"product_brand","embeddable":true,"href":"https:\/\/moniberic.com\/fr\/wp-json\/wp\/v2\/product_brand?post=10299"},{"taxonomy":"product_cat","embeddable":true,"href":"https:\/\/moniberic.com\/fr\/wp-json\/wp\/v2\/product_cat?post=10299"},{"taxonomy":"product_tag","embeddable":true,"href":"https:\/\/moniberic.com\/fr\/wp-json\/wp\/v2\/product_tag?post=10299"}],"curies":[{"name":"wp","href":"https:\/\/api.w.org\/{rel}","templated":true}]}}