{"id":10261,"date":"2023-07-13T10:50:51","date_gmt":"2023-07-13T09:50:51","guid":{"rendered":"https:\/\/moniberic.com\/producto\/epaule-de-jambo-bellota-100-iberique\/"},"modified":"2023-07-13T10:50:51","modified_gmt":"2023-07-13T09:50:51","slug":"epaule-de-jambo-bellota-100-iberique","status":"publish","type":"product","link":"https:\/\/moniberic.com\/fr\/produit\/epaule-de-jambo-bellota-100-iberique\/","title":{"rendered":"\u00c9PAULE DE JAMBO BELLOTA 100% IB\u00c9RIQUE"},"content":{"rendered":"<p>Notre \u00c9paule de Jambon de Bellota 100% ib\u00e9rique repr\u00e9sente la plus grande puret\u00e9 ib\u00e9rique. Le porc est \u00e9lev\u00e9 \u00e0 l&rsquo;\u00e9tat sauvage parmi des ch\u00eanes verts, des ch\u00eanes-li\u00e8ges et d&rsquo;autres esp\u00e8ces typiques des meilleures dehesas, et son alimentation exquise est bas\u00e9e sur des p\u00e2turages naturels, des glands et d&rsquo;autres aliments caract\u00e9ristiques de l&rsquo;\u00e9cosyst\u00e8me dans lequel il vit. Cela lui conf\u00e8re une valeur diff\u00e9rentielle \u00e9lev\u00e9e et une qualit\u00e9 optimale qui font de ce produit le haut de gamme de l&rsquo;\u00e9paule ib\u00e9rique.<\/p>\n<p>Gr\u00e2ce au r\u00e9gime alimentaire du porc et \u00e0 son mode de vie d\u00e9tendu, le produit pr\u00e9sente un niveau \u00e9lev\u00e9 d&rsquo;infiltration de graisse dans la viande, ce qui nous permet de profiter d&rsquo;une jutosit\u00e9 in\u00e9gal\u00e9e, ainsi que d&rsquo;une saveur et d&rsquo;une intensit\u00e9 exceptionnelles. Le tout est accompagn\u00e9 d&rsquo;un \u00e9quilibre qui fait de cette palette une merveille pour notre palais et l&rsquo;une des mieux valoris\u00e9es du march\u00e9.<\/p>\n<h5>Marque<\/h5>\n<p><img decoding=\"async\" class=\"alignnone size-full wp-image-1216\" src=\"https:\/\/moniberic.com\/wp-content\/uploads\/2022\/10\/LogoTL200.png\" alt=\"\" width=\"200\" height=\"87\"><\/p>\n<p>L&rsquo;une des marques les plus r\u00e9put\u00e9es de jambons et de saucisses ib\u00e9riques.<\/p>\n","protected":false},"excerpt":{"rendered":"<p>Notre <strong>\u00c9paule de Jambon de Bellota 100% ib\u00e9rique<\/strong> repr\u00e9sente la plus grande puret\u00e9 ib\u00e9rique. Le porc est \u00e9lev\u00e9 \u00e0 l&rsquo;\u00e9tat sauvage parmi des ch\u00eanes verts, des ch\u00eanes-li\u00e8ges et d&rsquo;autres esp\u00e8ces typiques des meilleures dehesas, et son alimentation exquise est bas\u00e9e sur des p\u00e2turages naturels, des glands et d&rsquo;autres aliments caract\u00e9ristiques de l&rsquo;\u00e9cosyst\u00e8me dans lequel il vit. Cela lui conf\u00e8re une valeur diff\u00e9rentielle \u00e9lev\u00e9e et une qualit\u00e9 optimale.<\/p>\n","protected":false},"featured_media":0,"template":"","meta":[],"product_brand":[],"product_cat":[558],"product_tag":[],"class_list":{"0":"post-10261","1":"product","2":"type-product","3":"status-publish","5":"product_cat-palettes-horeca","7":"first","8":"instock","9":"taxable","10":"shipping-taxable","11":"purchasable","12":"product-type-simple"},"_links":{"self":[{"href":"https:\/\/moniberic.com\/fr\/wp-json\/wp\/v2\/product\/10261","targetHints":{"allow":["GET"]}}],"collection":[{"href":"https:\/\/moniberic.com\/fr\/wp-json\/wp\/v2\/product"}],"about":[{"href":"https:\/\/moniberic.com\/fr\/wp-json\/wp\/v2\/types\/product"}],"wp:attachment":[{"href":"https:\/\/moniberic.com\/fr\/wp-json\/wp\/v2\/media?parent=10261"}],"wp:term":[{"taxonomy":"product_brand","embeddable":true,"href":"https:\/\/moniberic.com\/fr\/wp-json\/wp\/v2\/product_brand?post=10261"},{"taxonomy":"product_cat","embeddable":true,"href":"https:\/\/moniberic.com\/fr\/wp-json\/wp\/v2\/product_cat?post=10261"},{"taxonomy":"product_tag","embeddable":true,"href":"https:\/\/moniberic.com\/fr\/wp-json\/wp\/v2\/product_tag?post=10261"}],"curies":[{"name":"wp","href":"https:\/\/api.w.org\/{rel}","templated":true}]}}