{"id":10227,"date":"2024-11-20T08:10:21","date_gmt":"2024-11-20T07:10:21","guid":{"rendered":"https:\/\/moniberic.com\/?post_type=product&#038;p=10227"},"modified":"2025-11-25T08:01:34","modified_gmt":"2025-11-25T07:01:34","slug":"panier-de-noel-cm2","status":"publish","type":"product","link":"https:\/\/moniberic.com\/fr\/produit\/panier-de-noel-cm2\/","title":{"rendered":"PANIER DE NO\u00cbL CM2"},"content":{"rendered":"","protected":false},"excerpt":{"rendered":"<p>Dans notre gamme d&rsquo;articles, vous pouvez acheter des packs comme celui que nous vous pr\u00e9sentons ci-dessous avec un large assortiment de produits.<\/p>\n<p>Notre panier CM2 comprend:<\/p>\n<ul>\n<li><span data-contrast=\"auto\"> Vin D.O Catalogne Marmellans rouge<\/span><span data-ccp-props=\"{\"134233117\":false,\"134233118\":false,\"335559738\":240,\"335559739\":240}\"> <\/span><\/li>\n<li><span data-contrast=\"auto\">1 D.O. Catalogne vin blanc<\/span><span data-ccp-props=\"{\"134233117\":false,\"134233118\":false,\"335559738\":240,\"335559739\":240}\"> <\/span><\/li>\n<li><span data-contrast=\"auto\">1 Assortiment de mantecados Gamito 200gr<\/span><span data-ccp-props=\"{\"134233117\":false,\"134233118\":false,\"335559738\":240,\"335559739\":240}\"> <\/span><\/li>\n<li><span data-contrast=\"auto\">1 gaufrettes Antiu Xixona<\/span><span data-ccp-props=\"{\"134233117\":false,\"134233118\":false,\"335559738\":240,\"335559739\":240}\"> <\/span><\/li>\n<li><span data-contrast=\"auto\">1 nougat Xixona Antiu Xixona marque blanche 150 gr<\/span><span data-ccp-props=\"{\"134233117\":false,\"134233118\":false,\"335559738\":240,\"335559739\":240}\"> <\/span><\/li>\n<li><span data-contrast=\"auto\">1 chocolat artisanal Trapa 75 gr<\/span><span data-ccp-props=\"{\"134233117\":false,\"134233118\":false,\"335559738\":240,\"335559739\":240}\"> <\/span><\/li>\n<li><span data-contrast=\"auto\">1 \u00c9paule de Cebo Ib\u00e9rique Tom\u00e1s L\u00f3pez 50% race ib\u00e9rique Tranch\u00e9e 100 gr<\/span><span data-ccp-props=\"{\"134233117\":false,\"134233118\":false,\"335559738\":240,\"335559739\":240}\"> <\/span><\/li>\n<li><span data-contrast=\"auto\">Pr\u00e9sent\u00e9 dans une petite bo\u00eete en bois<\/span><span data-ccp-props=\"{\"134233117\":false,\"134233118\":false,\"335559738\":240,\"335559739\":240}\"> <\/span><\/li>\n<\/ul>\n","protected":false},"featured_media":12335,"template":"","meta":[],"product_brand":[],"product_cat":[415],"product_tag":[568,567],"class_list":{"0":"post-10227","1":"product","2":"type-product","3":"status-publish","4":"has-post-thumbnail","6":"product_cat-lots-de-noel","7":"product_tag-cadeaux-de-noel","8":"product_tag-lots-de-noel","10":"first","11":"instock","12":"taxable","13":"shipping-taxable","14":"purchasable","15":"product-type-simple"},"_links":{"self":[{"href":"https:\/\/moniberic.com\/fr\/wp-json\/wp\/v2\/product\/10227","targetHints":{"allow":["GET"]}}],"collection":[{"href":"https:\/\/moniberic.com\/fr\/wp-json\/wp\/v2\/product"}],"about":[{"href":"https:\/\/moniberic.com\/fr\/wp-json\/wp\/v2\/types\/product"}],"wp:featuredmedia":[{"embeddable":true,"href":"https:\/\/moniberic.com\/fr\/wp-json\/wp\/v2\/media\/12335"}],"wp:attachment":[{"href":"https:\/\/moniberic.com\/fr\/wp-json\/wp\/v2\/media?parent=10227"}],"wp:term":[{"taxonomy":"product_brand","embeddable":true,"href":"https:\/\/moniberic.com\/fr\/wp-json\/wp\/v2\/product_brand?post=10227"},{"taxonomy":"product_cat","embeddable":true,"href":"https:\/\/moniberic.com\/fr\/wp-json\/wp\/v2\/product_cat?post=10227"},{"taxonomy":"product_tag","embeddable":true,"href":"https:\/\/moniberic.com\/fr\/wp-json\/wp\/v2\/product_tag?post=10227"}],"curies":[{"name":"wp","href":"https:\/\/api.w.org\/{rel}","templated":true}]}}