{"id":10219,"date":"2024-11-22T08:04:07","date_gmt":"2024-11-22T07:04:07","guid":{"rendered":"https:\/\/moniberic.com\/?post_type=product&#038;p=10219"},"modified":"2025-11-25T08:18:30","modified_gmt":"2025-11-25T07:18:30","slug":"lot-de-noel-5","status":"publish","type":"product","link":"https:\/\/moniberic.com\/fr\/produit\/lot-de-noel-5\/","title":{"rendered":"LOT DE NO\u00cbL 5"},"content":{"rendered":"","protected":false},"excerpt":{"rendered":"<p>Dans notre gamme d&rsquo;articles, vous pouvez acheter des packs comme celui que nous vous pr\u00e9sentons ci-dessous avec un large assortiment de produits.<\/p>\n<p>Notre Lot 5 comprend :<\/p>\n<ul>\n<li>1 Rives sans alcool 1 L<\/li>\n<li>1 Jus Jove 1 L<\/li>\n<li>1 Touron de Jijona La Fama 150 gr<\/li>\n<li>1 Turr\u00f3n La Fama Alicante 150 gr<\/li>\n<li>1 Turr\u00f3n Croquant Au Chocolat Trapa 150g<\/li>\n<li>1 gaufrette artisanale Antiu Xixona 100 gr<\/li>\n<li>1 figurines en p\u00e2te d&rsquo;amande Antiu Xixona 100 gr<\/li>\n<li>1 assortiment de biscuits sabl\u00e9s Gamito 200 g<\/li>\n<li>1 Trapa chocolats coup\u00e9s 115 gr<\/li>\n<li>1 Truffes au Cacao Antiu Xixona 100 gr<\/li>\n<li>1 p\u00e2te de coing 200 g<\/li>\n<li>1 bo\u00eete de houmous (110 g)<\/li>\n<li>1 sardine marin\u00e9e \u00e0 l&rsquo;espinaler 125 g<\/li>\n<li>1 olive Espinaler 200 g<\/li>\n<li>1 Poitrine de Thon Premium Espinaler 120 gr<\/li>\n<li>1 morceau de fromage de brebis semi-affin\u00e9 250 gr<\/li>\n<li>1 morceau de fromage de brebis affin\u00e9 de 250 g<\/li>\n<li>1 Les sommets du pays<\/li>\n<\/ul>\n<p>Pr\u00e9sent\u00e9 dans une bo\u00eete en carton<\/p>\n","protected":false},"featured_media":12356,"template":"","meta":[],"product_brand":[],"product_cat":[415],"product_tag":[568,567],"class_list":{"0":"post-10219","1":"product","2":"type-product","3":"status-publish","4":"has-post-thumbnail","6":"product_cat-lots-de-noel","7":"product_tag-cadeaux-de-noel","8":"product_tag-lots-de-noel","10":"first","11":"instock","12":"taxable","13":"shipping-taxable","14":"purchasable","15":"product-type-simple"},"_links":{"self":[{"href":"https:\/\/moniberic.com\/fr\/wp-json\/wp\/v2\/product\/10219","targetHints":{"allow":["GET"]}}],"collection":[{"href":"https:\/\/moniberic.com\/fr\/wp-json\/wp\/v2\/product"}],"about":[{"href":"https:\/\/moniberic.com\/fr\/wp-json\/wp\/v2\/types\/product"}],"wp:featuredmedia":[{"embeddable":true,"href":"https:\/\/moniberic.com\/fr\/wp-json\/wp\/v2\/media\/12356"}],"wp:attachment":[{"href":"https:\/\/moniberic.com\/fr\/wp-json\/wp\/v2\/media?parent=10219"}],"wp:term":[{"taxonomy":"product_brand","embeddable":true,"href":"https:\/\/moniberic.com\/fr\/wp-json\/wp\/v2\/product_brand?post=10219"},{"taxonomy":"product_cat","embeddable":true,"href":"https:\/\/moniberic.com\/fr\/wp-json\/wp\/v2\/product_cat?post=10219"},{"taxonomy":"product_tag","embeddable":true,"href":"https:\/\/moniberic.com\/fr\/wp-json\/wp\/v2\/product_tag?post=10219"}],"curies":[{"name":"wp","href":"https:\/\/api.w.org\/{rel}","templated":true}]}}