{"id":10217,"date":"2024-12-05T13:46:59","date_gmt":"2024-12-05T12:46:59","guid":{"rendered":"https:\/\/moniberic.com\/?post_type=product&#038;p=10217"},"modified":"2025-11-25T08:04:52","modified_gmt":"2025-11-25T07:04:52","slug":"lot-de-noel-lj12","status":"publish","type":"product","link":"https:\/\/moniberic.com\/fr\/produit\/lot-de-noel-lj12\/","title":{"rendered":"LOT DE NO\u00cbL LJ12"},"content":{"rendered":"","protected":false},"excerpt":{"rendered":"<p>Dans notre gamme d&rsquo;articles, vous pouvez acheter des packs comme celui que nous vous pr\u00e9sentons ci-dessous avec un large assortiment de produits :<\/p>\n<div class=\"SCXW128829349 BCX0\">\n<ul>\n<li class=\"ListContainerWrapper SCXW128829349 BCX0\">1 Jambon ib\u00e9rique Tom\u00e1s L\u00f3pez nourri aux glands<br \/>\n50 % de race ib\u00e9rique, 8,25 kg<br \/>\n1 Longe 100 % ib\u00e9rique nourrie aux glands, 350 g<br \/>\n1 Morceau de fromage de brebis semi-affin\u00e9, 250 g<br \/>\n1 Morceau de fromage de brebis affin\u00e9, 250 g<br \/>\n1 Paquet de gressins<br \/>\n1 Paquet de nougat Vicens Torrons<br \/>\n1 Bouteille de vin rouge Figuero 12<br \/>\n1 Bouteille de vin rouge Trus Crianza<br \/>\n1 Bouteille de cava imp\u00e9rial Gramona (vin mousseux)<br \/>Pr\u00e9sent\u00e9 dans une bo\u00eete en carton<\/li>\n<\/ul>\n<\/div>\n","protected":false},"featured_media":12278,"template":"","meta":[],"product_brand":[],"product_cat":[415],"product_tag":[568,567],"class_list":{"0":"post-10217","1":"product","2":"type-product","3":"status-publish","4":"has-post-thumbnail","6":"product_cat-lots-de-noel","7":"product_tag-cadeaux-de-noel","8":"product_tag-lots-de-noel","10":"first","11":"instock","12":"taxable","13":"shipping-taxable","14":"purchasable","15":"product-type-simple"},"_links":{"self":[{"href":"https:\/\/moniberic.com\/fr\/wp-json\/wp\/v2\/product\/10217","targetHints":{"allow":["GET"]}}],"collection":[{"href":"https:\/\/moniberic.com\/fr\/wp-json\/wp\/v2\/product"}],"about":[{"href":"https:\/\/moniberic.com\/fr\/wp-json\/wp\/v2\/types\/product"}],"wp:featuredmedia":[{"embeddable":true,"href":"https:\/\/moniberic.com\/fr\/wp-json\/wp\/v2\/media\/12278"}],"wp:attachment":[{"href":"https:\/\/moniberic.com\/fr\/wp-json\/wp\/v2\/media?parent=10217"}],"wp:term":[{"taxonomy":"product_brand","embeddable":true,"href":"https:\/\/moniberic.com\/fr\/wp-json\/wp\/v2\/product_brand?post=10217"},{"taxonomy":"product_cat","embeddable":true,"href":"https:\/\/moniberic.com\/fr\/wp-json\/wp\/v2\/product_cat?post=10217"},{"taxonomy":"product_tag","embeddable":true,"href":"https:\/\/moniberic.com\/fr\/wp-json\/wp\/v2\/product_tag?post=10217"}],"curies":[{"name":"wp","href":"https:\/\/api.w.org\/{rel}","templated":true}]}}