{"id":10215,"date":"2025-03-27T12:17:12","date_gmt":"2025-03-27T11:17:12","guid":{"rendered":"https:\/\/moniberic.com\/producto\/pago-de-carraovejas-2020-rouge\/"},"modified":"2025-03-27T12:17:12","modified_gmt":"2025-03-27T11:17:12","slug":"pago-de-carraovejas-2020-rouge","status":"publish","type":"product","link":"https:\/\/moniberic.com\/fr\/produit\/pago-de-carraovejas-2020-rouge\/","title":{"rendered":"PAGO DE CARRAOVEJAS 2020 ROUGE"},"content":{"rendered":"<h3>D.O. RIBERA DEL DUERO<\/h3>\n<p><strong style=\"font-size: 16px;\">MAGASIN<\/strong><span style=\"font-size: 16px;\">: Pago de Carraovejas<\/span><\/p>\n<p><strong>C\u00c9PAGES<\/strong>: Tinto Fino (92%), Cabernet Sauvignon (5%) et Merlot (3%)<\/p>\n<p><strong>D\u00c9GUSTATION<\/strong>: Il a un ar\u00f4me expressif de fruits rouges m\u00fbrs, d&rsquo;\u00e9pices douces et de notes grill\u00e9es, et est luxuriant et cr\u00e9meux, avec une texture onctueuse. Il est puissant dans le style de la maison, mais avec \u00e9quilibre et harmonie. <\/p>\n","protected":false},"excerpt":{"rendered":"<p>D.O. RIBERA DEL DUERO MAGASIN: Pago de Carraovejas C\u00c9PAGES: Tinto Fino (92%), Cabernet Sauvignon (5%) et Merlot (3%) D\u00c9GUSTATION: Il a un ar\u00f4me expressif de fruits rouges m\u00fbrs, d&rsquo;\u00e9pices douces et de notes grill\u00e9es, et est luxuriant et cr\u00e9meux, avec une texture onctueuse. Il est puissant dans le style de la maison, mais avec \u00e9quilibre [&hellip;]<\/p>\n","protected":false},"featured_media":12981,"template":"","meta":[],"product_brand":[],"product_cat":[306],"product_tag":[],"class_list":{"0":"post-10215","1":"product","2":"type-product","3":"status-publish","4":"has-post-thumbnail","6":"product_cat-vins-et-cavas","8":"first","9":"instock","10":"taxable","11":"shipping-taxable","12":"purchasable","13":"product-type-simple"},"_links":{"self":[{"href":"https:\/\/moniberic.com\/fr\/wp-json\/wp\/v2\/product\/10215","targetHints":{"allow":["GET"]}}],"collection":[{"href":"https:\/\/moniberic.com\/fr\/wp-json\/wp\/v2\/product"}],"about":[{"href":"https:\/\/moniberic.com\/fr\/wp-json\/wp\/v2\/types\/product"}],"wp:featuredmedia":[{"embeddable":true,"href":"https:\/\/moniberic.com\/fr\/wp-json\/wp\/v2\/media\/12981"}],"wp:attachment":[{"href":"https:\/\/moniberic.com\/fr\/wp-json\/wp\/v2\/media?parent=10215"}],"wp:term":[{"taxonomy":"product_brand","embeddable":true,"href":"https:\/\/moniberic.com\/fr\/wp-json\/wp\/v2\/product_brand?post=10215"},{"taxonomy":"product_cat","embeddable":true,"href":"https:\/\/moniberic.com\/fr\/wp-json\/wp\/v2\/product_cat?post=10215"},{"taxonomy":"product_tag","embeddable":true,"href":"https:\/\/moniberic.com\/fr\/wp-json\/wp\/v2\/product_tag?post=10215"}],"curies":[{"name":"wp","href":"https:\/\/api.w.org\/{rel}","templated":true}]}}