{"id":10209,"date":"2025-03-27T12:17:29","date_gmt":"2025-03-27T11:17:29","guid":{"rendered":"https:\/\/moniberic.com\/producto\/panoramico-caracuesta-rouge\/"},"modified":"2025-03-27T12:17:29","modified_gmt":"2025-03-27T11:17:29","slug":"panoramico-caracuesta-rouge","status":"publish","type":"product","link":"https:\/\/moniberic.com\/fr\/produit\/panoramico-caracuesta-rouge\/","title":{"rendered":"PANOR\u00c1MICO CARACUESTA ROUGE"},"content":{"rendered":"<h3>D.O.CA RIOJA<\/h3>\n<p><strong style=\"font-size: 16px;\">MAGASIN<\/strong>: <span style=\"font-size: 16px;\">Panor\u00e1mico<\/span><\/p>\n<p><strong>VARI\u00c9T\u00c9S<\/strong>: Garnacha<\/p>\n<p><strong>D\u00c9GUSTATION<\/strong>: Le vin est rouge fonc\u00e9 et non filtr\u00e9. Son vieillissement en f\u00fbts de ch\u00eane divers produit un nez intense aux notes de fruits rouges, d&rsquo;anis, de menthe et d&rsquo;herbes. En bouche, il est voluptueux et majestueux, ample et \u00e9l\u00e9gant. Bien qu&rsquo;il soit frais et dot\u00e9 d&rsquo;un long potentiel de garde, les fruits rouges et noirs pr\u00e9dominent, et de subtiles notes de pruneau, de figue et de dattes sont per\u00e7ues lorsque le vin a eu le temps de s&rsquo;a\u00e9rer. Finale tr\u00e8s longue, gr\u00e2ce \u00e0 la fra\u00eecheur apport\u00e9e par les vieilles vignes.    <\/p>\n","protected":false},"excerpt":{"rendered":"<p>D.O.CA RIOJA MAGASIN: Panor\u00e1mico VARI\u00c9T\u00c9S: Garnacha D\u00c9GUSTATION: Le vin est rouge fonc\u00e9 et non filtr\u00e9. Son vieillissement en f\u00fbts de ch\u00eane divers produit un nez intense aux notes de fruits rouges, d&rsquo;anis, de menthe et d&rsquo;herbes. En bouche, il est voluptueux et majestueux, ample et \u00e9l\u00e9gant. Bien qu&rsquo;il soit frais et dot\u00e9 d&rsquo;un long potentiel [&hellip;]<\/p>\n","protected":false},"featured_media":9948,"template":"","meta":[],"product_brand":[],"product_cat":[306],"product_tag":[],"class_list":{"0":"post-10209","1":"product","2":"type-product","3":"status-publish","4":"has-post-thumbnail","6":"product_cat-vins-et-cavas","8":"first","9":"instock","10":"taxable","11":"shipping-taxable","12":"purchasable","13":"product-type-simple"},"_links":{"self":[{"href":"https:\/\/moniberic.com\/fr\/wp-json\/wp\/v2\/product\/10209","targetHints":{"allow":["GET"]}}],"collection":[{"href":"https:\/\/moniberic.com\/fr\/wp-json\/wp\/v2\/product"}],"about":[{"href":"https:\/\/moniberic.com\/fr\/wp-json\/wp\/v2\/types\/product"}],"wp:featuredmedia":[{"embeddable":true,"href":"https:\/\/moniberic.com\/fr\/wp-json\/wp\/v2\/media\/9948"}],"wp:attachment":[{"href":"https:\/\/moniberic.com\/fr\/wp-json\/wp\/v2\/media?parent=10209"}],"wp:term":[{"taxonomy":"product_brand","embeddable":true,"href":"https:\/\/moniberic.com\/fr\/wp-json\/wp\/v2\/product_brand?post=10209"},{"taxonomy":"product_cat","embeddable":true,"href":"https:\/\/moniberic.com\/fr\/wp-json\/wp\/v2\/product_cat?post=10209"},{"taxonomy":"product_tag","embeddable":true,"href":"https:\/\/moniberic.com\/fr\/wp-json\/wp\/v2\/product_tag?post=10209"}],"curies":[{"name":"wp","href":"https:\/\/api.w.org\/{rel}","templated":true}]}}