{"id":10197,"date":"2025-03-27T12:22:13","date_gmt":"2025-03-27T11:22:13","guid":{"rendered":"https:\/\/moniberic.com\/producto\/ramon-bilbao-crianza-rouge\/"},"modified":"2025-03-27T12:22:13","modified_gmt":"2025-03-27T11:22:13","slug":"ramon-bilbao-crianza-rouge","status":"publish","type":"product","link":"https:\/\/moniberic.com\/fr\/produit\/ramon-bilbao-crianza-rouge\/","title":{"rendered":"RAMON BILBAO CRIANZA ROUGE"},"content":{"rendered":"<h3>D.O.CA RIOJA<\/h3>\n<p><strong style=\"font-size: 16px;\">MAGASIN<\/strong>: <span style=\"font-size: 16px;\">Ram\u00f3n Bilbao<\/span><\/p>\n<p><strong>VARI\u00c9T\u00c9S<\/strong>: Tempranillo<\/p>\n<p><strong>D\u00c9GUSTATION<\/strong>: Il est l\u00e9ger, frais et avec une bonne intensit\u00e9 de fruits, notamment noirs, comme les m\u00fbres ou les prunes. Le vieillissement est pr\u00e9sent \u00e0 travers de subtiles notes de r\u00e9glisse, de vanille, de noix de coco et de boulangerie. En bouche, il est \u00e9l\u00e9gant, juteux et tr\u00e8s facile \u00e0 boire.<\/p>\n","protected":false},"excerpt":{"rendered":"<p>D.O.CA RIOJA MAGASIN: Ram\u00f3n Bilbao VARI\u00c9T\u00c9S: Tempranillo D\u00c9GUSTATION: Il est l\u00e9ger, frais et avec une bonne intensit\u00e9 de fruits, notamment noirs, comme les m\u00fbres ou les prunes. Le vieillissement est pr\u00e9sent \u00e0 travers de subtiles notes de r\u00e9glisse, de vanille, de noix de coco et de boulangerie. En bouche, il est \u00e9l\u00e9gant, juteux et tr\u00e8s [&hellip;]<\/p>\n","protected":false},"featured_media":9850,"template":"","meta":[],"product_brand":[],"product_cat":[306],"product_tag":[],"class_list":{"0":"post-10197","1":"product","2":"type-product","3":"status-publish","4":"has-post-thumbnail","6":"product_cat-vins-et-cavas","8":"first","9":"instock","10":"taxable","11":"shipping-taxable","12":"purchasable","13":"product-type-simple"},"_links":{"self":[{"href":"https:\/\/moniberic.com\/fr\/wp-json\/wp\/v2\/product\/10197","targetHints":{"allow":["GET"]}}],"collection":[{"href":"https:\/\/moniberic.com\/fr\/wp-json\/wp\/v2\/product"}],"about":[{"href":"https:\/\/moniberic.com\/fr\/wp-json\/wp\/v2\/types\/product"}],"wp:featuredmedia":[{"embeddable":true,"href":"https:\/\/moniberic.com\/fr\/wp-json\/wp\/v2\/media\/9850"}],"wp:attachment":[{"href":"https:\/\/moniberic.com\/fr\/wp-json\/wp\/v2\/media?parent=10197"}],"wp:term":[{"taxonomy":"product_brand","embeddable":true,"href":"https:\/\/moniberic.com\/fr\/wp-json\/wp\/v2\/product_brand?post=10197"},{"taxonomy":"product_cat","embeddable":true,"href":"https:\/\/moniberic.com\/fr\/wp-json\/wp\/v2\/product_cat?post=10197"},{"taxonomy":"product_tag","embeddable":true,"href":"https:\/\/moniberic.com\/fr\/wp-json\/wp\/v2\/product_tag?post=10197"}],"curies":[{"name":"wp","href":"https:\/\/api.w.org\/{rel}","templated":true}]}}