{"id":10191,"date":"2025-03-27T12:26:17","date_gmt":"2025-03-27T11:26:17","guid":{"rendered":"https:\/\/moniberic.com\/producto\/sumarroca-temps-de-fruits-rouge\/"},"modified":"2025-03-27T12:26:17","modified_gmt":"2025-03-27T11:26:17","slug":"sumarroca-temps-de-fruits-rouge","status":"publish","type":"product","link":"https:\/\/moniberic.com\/fr\/produit\/sumarroca-temps-de-fruits-rouge\/","title":{"rendered":"SUMARROCA TEMPS DE FRUITS ROUGE"},"content":{"rendered":"<h3>D.O. PENED\u00c8S<\/h3>\n<p><strong style=\"font-size: 16px;\">MAGASIN<\/strong>: <span style=\"font-size: 16px;\">Sumarroca<\/span><\/p>\n<p><strong>VARI\u00c9T\u00c9S<\/strong>: Merlot, Carmen\u00e8re, Syrah, Cabernet Franc<\/p>\n<p><strong>D\u00c9GUSTATION<\/strong>: Robe d&rsquo;intensit\u00e9 moyenne avec des reflets violets. Ar\u00f4me intense et fruit\u00e9 de fraises et de cerises avec des notes florales fra\u00eeches. En bouche, il est onctueux et velout\u00e9 avec une \u00e9l\u00e9gante intensit\u00e9 de fraises et de cerises. La finale est longue et fruit\u00e9e avec des notes de cerise.   <\/p>\n","protected":false},"excerpt":{"rendered":"<p>D.O. PENED\u00c8S MAGASIN: Sumarroca VARI\u00c9T\u00c9S: Merlot, Carmen\u00e8re, Syrah, Cabernet Franc D\u00c9GUSTATION: Robe d&rsquo;intensit\u00e9 moyenne avec des reflets violets. Ar\u00f4me intense et fruit\u00e9 de fraises et de cerises avec des notes florales fra\u00eeches. En bouche, il est onctueux et velout\u00e9 avec une \u00e9l\u00e9gante intensit\u00e9 de fraises et de cerises. La finale est longue et fruit\u00e9e avec [&hellip;]<\/p>\n","protected":false},"featured_media":9926,"template":"","meta":[],"product_brand":[],"product_cat":[306],"product_tag":[],"class_list":{"0":"post-10191","1":"product","2":"type-product","3":"status-publish","4":"has-post-thumbnail","6":"product_cat-vins-et-cavas","8":"first","9":"instock","10":"taxable","11":"shipping-taxable","12":"purchasable","13":"product-type-simple"},"_links":{"self":[{"href":"https:\/\/moniberic.com\/fr\/wp-json\/wp\/v2\/product\/10191","targetHints":{"allow":["GET"]}}],"collection":[{"href":"https:\/\/moniberic.com\/fr\/wp-json\/wp\/v2\/product"}],"about":[{"href":"https:\/\/moniberic.com\/fr\/wp-json\/wp\/v2\/types\/product"}],"wp:featuredmedia":[{"embeddable":true,"href":"https:\/\/moniberic.com\/fr\/wp-json\/wp\/v2\/media\/9926"}],"wp:attachment":[{"href":"https:\/\/moniberic.com\/fr\/wp-json\/wp\/v2\/media?parent=10191"}],"wp:term":[{"taxonomy":"product_brand","embeddable":true,"href":"https:\/\/moniberic.com\/fr\/wp-json\/wp\/v2\/product_brand?post=10191"},{"taxonomy":"product_cat","embeddable":true,"href":"https:\/\/moniberic.com\/fr\/wp-json\/wp\/v2\/product_cat?post=10191"},{"taxonomy":"product_tag","embeddable":true,"href":"https:\/\/moniberic.com\/fr\/wp-json\/wp\/v2\/product_tag?post=10191"}],"curies":[{"name":"wp","href":"https:\/\/api.w.org\/{rel}","templated":true}]}}