{"id":10185,"date":"2025-03-27T12:26:34","date_gmt":"2025-03-27T11:26:34","guid":{"rendered":"https:\/\/moniberic.com\/producto\/tresmano-rouge\/"},"modified":"2025-03-27T12:26:34","modified_gmt":"2025-03-27T11:26:34","slug":"tresmano-rouge","status":"publish","type":"product","link":"https:\/\/moniberic.com\/fr\/produit\/tresmano-rouge\/","title":{"rendered":"TRESMANO ROUGE"},"content":{"rendered":"<h3>D.O. RIBERA DEL DUERO<\/h3>\n<p><strong style=\"font-size: 16px;\">MAGASIN<\/strong>: <span style=\"font-size: 16px;\">Lagar de Proventus<\/span><\/p>\n<p><strong>VARI\u00c9T\u00c9S<\/strong>: Tempranillo<\/p>\n<p><strong>D\u00c9GUSTATION<\/strong>: Avec une forte intensit\u00e9 de couleur dans des tons rouge cerise. Au nez, les ar\u00f4mes et la fra\u00eecheur des tons de fleurs bleues sont surprenants, associ\u00e9s \u00e0 ceux de fruits rouges m\u00fbrs et \u00e0 de subtiles notes de pain grill\u00e9, de fum\u00e9e, de th\u00e9, de caf\u00e9 et d&rsquo;\u00e9pices. En bouche, il est charnu et frais, avec de la complexit\u00e9 et de la puissance, mais fin et \u00e9l\u00e9gant. La structure tannique est soyeuse et en parfait \u00e9quilibre avec l&rsquo;acidit\u00e9 et l&rsquo;alcool. La persistance en bouche est prolong\u00e9e.    <\/p>\n","protected":false},"excerpt":{"rendered":"<p>D.O. RIBERA DEL DUERO MAGASIN: Lagar de Proventus VARI\u00c9T\u00c9S: Tempranillo D\u00c9GUSTATION: Avec une forte intensit\u00e9 de couleur dans des tons rouge cerise. Au nez, les ar\u00f4mes et la fra\u00eecheur des tons de fleurs bleues sont surprenants, associ\u00e9s \u00e0 ceux de fruits rouges m\u00fbrs et \u00e0 de subtiles notes de pain grill\u00e9, de fum\u00e9e, de th\u00e9, [&hellip;]<\/p>\n","protected":false},"featured_media":9944,"template":"","meta":[],"product_brand":[],"product_cat":[306],"product_tag":[],"class_list":{"0":"post-10185","1":"product","2":"type-product","3":"status-publish","4":"has-post-thumbnail","6":"product_cat-vins-et-cavas","8":"first","9":"instock","10":"taxable","11":"shipping-taxable","12":"purchasable","13":"product-type-simple"},"_links":{"self":[{"href":"https:\/\/moniberic.com\/fr\/wp-json\/wp\/v2\/product\/10185","targetHints":{"allow":["GET"]}}],"collection":[{"href":"https:\/\/moniberic.com\/fr\/wp-json\/wp\/v2\/product"}],"about":[{"href":"https:\/\/moniberic.com\/fr\/wp-json\/wp\/v2\/types\/product"}],"wp:featuredmedia":[{"embeddable":true,"href":"https:\/\/moniberic.com\/fr\/wp-json\/wp\/v2\/media\/9944"}],"wp:attachment":[{"href":"https:\/\/moniberic.com\/fr\/wp-json\/wp\/v2\/media?parent=10185"}],"wp:term":[{"taxonomy":"product_brand","embeddable":true,"href":"https:\/\/moniberic.com\/fr\/wp-json\/wp\/v2\/product_brand?post=10185"},{"taxonomy":"product_cat","embeddable":true,"href":"https:\/\/moniberic.com\/fr\/wp-json\/wp\/v2\/product_cat?post=10185"},{"taxonomy":"product_tag","embeddable":true,"href":"https:\/\/moniberic.com\/fr\/wp-json\/wp\/v2\/product_tag?post=10185"}],"curies":[{"name":"wp","href":"https:\/\/api.w.org\/{rel}","templated":true}]}}