{"id":10179,"date":"2025-03-27T12:28:44","date_gmt":"2025-03-27T11:28:44","guid":{"rendered":"https:\/\/moniberic.com\/producto\/trus-crianza-rouge\/"},"modified":"2025-03-27T12:28:44","modified_gmt":"2025-03-27T11:28:44","slug":"trus-crianza-rouge","status":"publish","type":"product","link":"https:\/\/moniberic.com\/fr\/produit\/trus-crianza-rouge\/","title":{"rendered":"TRUS CRIANZA ROUGE"},"content":{"rendered":"<h3>D.O. RIBERA DEL DUERO<\/h3>\n<p><strong style=\"font-size: 16px;\">MAGASIN<\/strong>: <span style=\"font-size: 16px;\">Bodegas Trus<\/span><\/p>\n<p><strong>VARI\u00c9T\u00c9S<\/strong>: Tempranillo<\/p>\n<p><strong>D\u00c9GUSTATION<\/strong>: Avec un caract\u00e8re de baies tr\u00e8s attrayant et des notes de c\u00e8dre et de vanille, ce Crianza moyennement cors\u00e9 a des tanins fermes et ronds et une finale savoureuse.<\/p>\n","protected":false},"excerpt":{"rendered":"<p>D.O. RIBERA DEL DUERO MAGASIN: Bodegas Trus VARI\u00c9T\u00c9S: Tempranillo D\u00c9GUSTATION: Avec un caract\u00e8re de baies tr\u00e8s attrayant et des notes de c\u00e8dre et de vanille, ce Crianza moyennement cors\u00e9 a des tanins fermes et ronds et une finale savoureuse.<\/p>\n","protected":false},"featured_media":9936,"template":"","meta":[],"product_brand":[],"product_cat":[306],"product_tag":[],"class_list":{"0":"post-10179","1":"product","2":"type-product","3":"status-publish","4":"has-post-thumbnail","6":"product_cat-vins-et-cavas","8":"first","9":"instock","10":"taxable","11":"shipping-taxable","12":"purchasable","13":"product-type-simple"},"_links":{"self":[{"href":"https:\/\/moniberic.com\/fr\/wp-json\/wp\/v2\/product\/10179","targetHints":{"allow":["GET"]}}],"collection":[{"href":"https:\/\/moniberic.com\/fr\/wp-json\/wp\/v2\/product"}],"about":[{"href":"https:\/\/moniberic.com\/fr\/wp-json\/wp\/v2\/types\/product"}],"wp:featuredmedia":[{"embeddable":true,"href":"https:\/\/moniberic.com\/fr\/wp-json\/wp\/v2\/media\/9936"}],"wp:attachment":[{"href":"https:\/\/moniberic.com\/fr\/wp-json\/wp\/v2\/media?parent=10179"}],"wp:term":[{"taxonomy":"product_brand","embeddable":true,"href":"https:\/\/moniberic.com\/fr\/wp-json\/wp\/v2\/product_brand?post=10179"},{"taxonomy":"product_cat","embeddable":true,"href":"https:\/\/moniberic.com\/fr\/wp-json\/wp\/v2\/product_cat?post=10179"},{"taxonomy":"product_tag","embeddable":true,"href":"https:\/\/moniberic.com\/fr\/wp-json\/wp\/v2\/product_tag?post=10179"}],"curies":[{"name":"wp","href":"https:\/\/api.w.org\/{rel}","templated":true}]}}