{"id":10173,"date":"2025-03-28T07:59:59","date_gmt":"2025-03-28T06:59:59","guid":{"rendered":"https:\/\/moniberic.com\/producto\/gioia-mia-rouge\/"},"modified":"2025-03-28T07:59:59","modified_gmt":"2025-03-28T06:59:59","slug":"gioia-mia-rouge","status":"publish","type":"product","link":"https:\/\/moniberic.com\/fr\/produit\/gioia-mia-rouge\/","title":{"rendered":"GIOIA MIA ROUGE"},"content":{"rendered":"<h3>D.O. BIERZO<\/h3>\n<p><strong style=\"font-size: 16px;\">CAVITE<\/strong>: <span style=\"font-size: 16px;\">Bodegas Alm\u00e1zcara Majara<\/span><\/p>\n<p><strong>VARI\u00c9T\u00c9S<\/strong>: Menc\u00eda<\/p>\n<p>&nbsp;<\/p>\n<p>\u00c0 ces gens que nous ne choisissons pas, mais que nous aimons. Enfants. D\u00e9sir, effort et t\u00e9nacit\u00e9, assaisonn\u00e9s de beaucoup de patience. Marcher sur le m\u00eame chemin ou sur un chemin diff\u00e9rent, penser de la m\u00eame mani\u00e8re ou diff\u00e9remment. Amour \u00e9ternel et inconditionnel.    <\/p>\n<p><strong>La vie m&rsquo;appartient<\/strong>, ne laisse personne te dire le contraire.<\/p>\n<p>Javier \u00c1lvarez<\/p>\n","protected":false},"excerpt":{"rendered":"<p>D.O. BIERZO CAVITE: Bodegas Alm\u00e1zcara Majara VARI\u00c9T\u00c9S: Menc\u00eda &nbsp; \u00c0 ces gens que nous ne choisissons pas, mais que nous aimons. Enfants. D\u00e9sir, effort et t\u00e9nacit\u00e9, assaisonn\u00e9s de beaucoup de patience. Marcher sur le m\u00eame chemin ou sur un chemin diff\u00e9rent, penser de la m\u00eame mani\u00e8re ou diff\u00e9remment. Amour \u00e9ternel et inconditionnel. La vie m&rsquo;appartient, [&hellip;]<\/p>\n","protected":false},"featured_media":9876,"template":"","meta":[],"product_brand":[],"product_cat":[306],"product_tag":[],"class_list":{"0":"post-10173","1":"product","2":"type-product","3":"status-publish","4":"has-post-thumbnail","6":"product_cat-vins-et-cavas","8":"first","9":"instock","10":"taxable","11":"shipping-taxable","12":"purchasable","13":"product-type-simple"},"_links":{"self":[{"href":"https:\/\/moniberic.com\/fr\/wp-json\/wp\/v2\/product\/10173","targetHints":{"allow":["GET"]}}],"collection":[{"href":"https:\/\/moniberic.com\/fr\/wp-json\/wp\/v2\/product"}],"about":[{"href":"https:\/\/moniberic.com\/fr\/wp-json\/wp\/v2\/types\/product"}],"wp:featuredmedia":[{"embeddable":true,"href":"https:\/\/moniberic.com\/fr\/wp-json\/wp\/v2\/media\/9876"}],"wp:attachment":[{"href":"https:\/\/moniberic.com\/fr\/wp-json\/wp\/v2\/media?parent=10173"}],"wp:term":[{"taxonomy":"product_brand","embeddable":true,"href":"https:\/\/moniberic.com\/fr\/wp-json\/wp\/v2\/product_brand?post=10173"},{"taxonomy":"product_cat","embeddable":true,"href":"https:\/\/moniberic.com\/fr\/wp-json\/wp\/v2\/product_cat?post=10173"},{"taxonomy":"product_tag","embeddable":true,"href":"https:\/\/moniberic.com\/fr\/wp-json\/wp\/v2\/product_tag?post=10173"}],"curies":[{"name":"wp","href":"https:\/\/api.w.org\/{rel}","templated":true}]}}