{"id":10165,"date":"2025-03-28T08:18:02","date_gmt":"2025-03-28T07:18:02","guid":{"rendered":"https:\/\/moniberic.com\/producto\/davila-m-100-blanc\/"},"modified":"2025-03-28T08:18:02","modified_gmt":"2025-03-28T07:18:02","slug":"davila-m-100-blanc","status":"publish","type":"product","link":"https:\/\/moniberic.com\/fr\/produit\/davila-m-100-blanc\/","title":{"rendered":"DAVILA M-100 BLANC"},"content":{"rendered":"<h3>D.O. R\u00cdAS BAIXAS<\/h3>\n<p><strong style=\"font-size: 16px;\">MAGASIN<\/strong>: <span style=\"font-size: 16px;\">Adegas Valmi\u00f1or<\/span><\/p>\n<p><strong>VARI\u00c9T\u00c9S <\/strong>: Loureiro, Ca\u00ed\u00f1o Blanco et Albari\u00f1o<\/p>\n<p><strong>D\u00c9GUSTATION<\/strong>: Vin de caract\u00e8re vari\u00e9tal, onctueux et consistant. Couleur jaune aux reflets dor\u00e9s. Des notes d&rsquo;agrumes de mandarine et de pamplemousse ressortent. Ainsi que des fruits \u00e0 noyau (abricot, p\u00eache) et des fruits blancs (pomme et poire). Notes de fleurs blanches (camomille et fleur d&rsquo;oranger) avec de l\u00e9g\u00e8res nuances balsamiques et des touches grill\u00e9es. Bouche ample et intense, min\u00e9rale, avec une finale longue, fra\u00eeche et onctueuse.     <\/p>\n","protected":false},"excerpt":{"rendered":"<p>D.O. R\u00cdAS BAIXAS MAGASIN: Adegas Valmi\u00f1or VARI\u00c9T\u00c9S : Loureiro, Ca\u00ed\u00f1o Blanco et Albari\u00f1o D\u00c9GUSTATION: Vin de caract\u00e8re vari\u00e9tal, onctueux et consistant. Couleur jaune aux reflets dor\u00e9s. Des notes d&rsquo;agrumes de mandarine et de pamplemousse ressortent. Ainsi que des fruits \u00e0 noyau (abricot, p\u00eache) et des fruits blancs (pomme et poire). Notes de fleurs blanches (camomille [&hellip;]<\/p>\n","protected":false},"featured_media":9881,"template":"","meta":[],"product_brand":[],"product_cat":[306],"product_tag":[],"class_list":{"0":"post-10165","1":"product","2":"type-product","3":"status-publish","4":"has-post-thumbnail","6":"product_cat-vins-et-cavas","8":"first","9":"instock","10":"taxable","11":"shipping-taxable","12":"purchasable","13":"product-type-simple"},"_links":{"self":[{"href":"https:\/\/moniberic.com\/fr\/wp-json\/wp\/v2\/product\/10165","targetHints":{"allow":["GET"]}}],"collection":[{"href":"https:\/\/moniberic.com\/fr\/wp-json\/wp\/v2\/product"}],"about":[{"href":"https:\/\/moniberic.com\/fr\/wp-json\/wp\/v2\/types\/product"}],"wp:featuredmedia":[{"embeddable":true,"href":"https:\/\/moniberic.com\/fr\/wp-json\/wp\/v2\/media\/9881"}],"wp:attachment":[{"href":"https:\/\/moniberic.com\/fr\/wp-json\/wp\/v2\/media?parent=10165"}],"wp:term":[{"taxonomy":"product_brand","embeddable":true,"href":"https:\/\/moniberic.com\/fr\/wp-json\/wp\/v2\/product_brand?post=10165"},{"taxonomy":"product_cat","embeddable":true,"href":"https:\/\/moniberic.com\/fr\/wp-json\/wp\/v2\/product_cat?post=10165"},{"taxonomy":"product_tag","embeddable":true,"href":"https:\/\/moniberic.com\/fr\/wp-json\/wp\/v2\/product_tag?post=10165"}],"curies":[{"name":"wp","href":"https:\/\/api.w.org\/{rel}","templated":true}]}}