{"id":10114,"date":"2025-03-28T10:22:16","date_gmt":"2025-03-28T09:22:16","guid":{"rendered":"https:\/\/moniberic.com\/?post_type=product&#038;p=10114"},"modified":"2025-04-14T10:15:12","modified_gmt":"2025-04-14T09:15:12","slug":"epaule-de-jambon-iberique-cebo-de-campo-tomas-lopez-tranchee-100g-copia-copia-copia-copia-copia-copia-copia","status":"publish","type":"product","link":"https:\/\/moniberic.com\/fr\/produit\/epaule-de-jambon-iberique-cebo-de-campo-tomas-lopez-tranchee-100g-copia-copia-copia-copia-copia-copia-copia\/","title":{"rendered":"MORCEAU DE FROMAGE DE BREBIS SEMI-AFFIN\u00c9 DE LA ANTIGUA QUESER\u00cdA 250 g"},"content":{"rendered":"<p>Morceau de fromage de brebis semi-affin\u00e9 de La Antigua Queser\u00eda, 250 g<\/p>\n<p><strong>Le Fromage de Brebis Semi-Affin\u00e9 La Antigua (250 g)<\/strong> est un fromage fabriqu\u00e9 avec du lait cru de brebis, suivant un processus artisanal qui garantit son authenticit\u00e9 et sa qualit\u00e9. Sa maturation interm\u00e9diaire lui conf\u00e8re une texture onctueuse et cr\u00e9meuse, maintenant l&rsquo;\u00e9quilibre parfait entre fra\u00eecheur et caract\u00e8re. <\/p>\n<p>De couleur ivoire avec une l\u00e9g\u00e8re teinte dor\u00e9e, il a une saveur d\u00e9licate mais distinctive, avec des notes lact\u00e9es et une subtile touche de noix. Son ar\u00f4me est doux et agr\u00e9able, avec une persistance en bouche qui invite \u00e0 continuer \u00e0 en profiter. Parfait seul, avec du pain rustique ou accompagn\u00e9 de noix et de confitures, c&rsquo;est un choix id\u00e9al pour ceux qui recherchent un fromage aux nuances \u00e9quilibr\u00e9es et \u00e0 la texture irr\u00e9sistible.  <\/p>\n<h5>Marque<\/h5>\n<p><img decoding=\"async\" class=\"\" src=\"https:\/\/queserialaantigua.com\/wp-content\/uploads\/2024\/02\/LOGO.png\" alt=\"Queser\u00eda La Antigua\" width=\"236\" height=\"63\"><\/p>\n","protected":false},"excerpt":{"rendered":"<p>Notre <strong>fromage de brebis semi-affin\u00e9 Artisanal La Antigua<\/strong> est un produit de qualit\u00e9 exceptionnelle, fabriqu\u00e9 avec du lait cru de brebis et selon des m\u00e9thodes traditionnelles qui respectent la saveur et la texture uniques de ce fromage.<\/p>\n","protected":false},"featured_media":10575,"template":"","meta":[],"product_brand":[],"product_cat":[559],"product_tag":[],"class_list":{"0":"post-10114","1":"product","2":"type-product","3":"status-publish","4":"has-post-thumbnail","6":"product_cat-fromages","8":"first","9":"instock","10":"taxable","11":"shipping-taxable","12":"purchasable","13":"product-type-simple"},"_links":{"self":[{"href":"https:\/\/moniberic.com\/fr\/wp-json\/wp\/v2\/product\/10114","targetHints":{"allow":["GET"]}}],"collection":[{"href":"https:\/\/moniberic.com\/fr\/wp-json\/wp\/v2\/product"}],"about":[{"href":"https:\/\/moniberic.com\/fr\/wp-json\/wp\/v2\/types\/product"}],"wp:featuredmedia":[{"embeddable":true,"href":"https:\/\/moniberic.com\/fr\/wp-json\/wp\/v2\/media\/10575"}],"wp:attachment":[{"href":"https:\/\/moniberic.com\/fr\/wp-json\/wp\/v2\/media?parent=10114"}],"wp:term":[{"taxonomy":"product_brand","embeddable":true,"href":"https:\/\/moniberic.com\/fr\/wp-json\/wp\/v2\/product_brand?post=10114"},{"taxonomy":"product_cat","embeddable":true,"href":"https:\/\/moniberic.com\/fr\/wp-json\/wp\/v2\/product_cat?post=10114"},{"taxonomy":"product_tag","embeddable":true,"href":"https:\/\/moniberic.com\/fr\/wp-json\/wp\/v2\/product_tag?post=10114"}],"curies":[{"name":"wp","href":"https:\/\/api.w.org\/{rel}","templated":true}]}}