{"id":10102,"date":"2025-03-28T10:14:47","date_gmt":"2025-03-28T09:14:47","guid":{"rendered":"https:\/\/moniberic.com\/?post_type=product&#038;p=10102"},"modified":"2025-04-14T10:15:27","modified_gmt":"2025-04-14T09:15:27","slug":"epaule-de-jambon-iberique-cebo-de-campo-tomas-lopez-tranchee-100g-copia-copia-copia-copia-copia-copia","status":"publish","type":"product","link":"https:\/\/moniberic.com\/fr\/produit\/epaule-de-jambon-iberique-cebo-de-campo-tomas-lopez-tranchee-100g-copia-copia-copia-copia-copia-copia\/","title":{"rendered":"MORCEAU DE FROMAGE DE BREBIS ARTISANAL DE LA ANTIGUA QUESER\u00cdA 250 g"},"content":{"rendered":"<p>Morceau de fromage de brebis artisanal de La Antigua Queser\u00eda 250 g<\/p>\n<p>Le <strong>fromage de brebis artisanal affin\u00e9 La Antigua (250 g)<\/strong> est un produit de qualit\u00e9 exceptionnelle, fabriqu\u00e9 avec du lait cru de brebis et selon des m\u00e9thodes traditionnelles qui respectent la saveur et la texture uniques de ce fromage. Sa maturation contr\u00f4l\u00e9e permet de d\u00e9velopper un \u00e9quilibre parfait entre intensit\u00e9 et onctuosit\u00e9, offrant une bouch\u00e9e cr\u00e9meuse et nuanc\u00e9e.<\/p>\n<p>Avec une p\u00e2te ferme et une cro\u00fbte naturelle, il a une couleur ivoire avec un grain subtil et une texture l\u00e9g\u00e8rement beurr\u00e9e. Sa saveur est profonde et persistante, avec des notes lact\u00e9es et une touche l\u00e9g\u00e8rement \u00e9pic\u00e9e qui s&rsquo;intensifie avec le temps. Id\u00e9al \u00e0 d\u00e9guster seul, accompagn\u00e9 de noix, de miel ou d&rsquo;un bon vin, c&rsquo;est un v\u00e9ritable d\u00e9lice pour les amateurs de fromages artisanaux.  <\/p>\n<h5>Marque<\/h5>\n<p><img decoding=\"async\" class=\"\" src=\"https:\/\/queserialaantigua.com\/wp-content\/uploads\/2024\/02\/LOGO.png\" alt=\"Queser\u00eda La Antigua\" width=\"236\" height=\"63\"><\/p>\n","protected":false},"excerpt":{"rendered":"<p>Notre <strong>fromage de brebis artisanal La Antigua<\/strong> est un produit de qualit\u00e9 exceptionnelle, fabriqu\u00e9 avec du lait de brebis cru et selon des m\u00e9thodes traditionnelles qui respectent la saveur et la texture uniques de ce fromage.<\/p>\n","protected":false},"featured_media":10588,"template":"","meta":[],"product_brand":[],"product_cat":[559],"product_tag":[],"class_list":{"0":"post-10102","1":"product","2":"type-product","3":"status-publish","4":"has-post-thumbnail","6":"product_cat-fromages","8":"first","9":"instock","10":"taxable","11":"shipping-taxable","12":"purchasable","13":"product-type-simple"},"_links":{"self":[{"href":"https:\/\/moniberic.com\/fr\/wp-json\/wp\/v2\/product\/10102","targetHints":{"allow":["GET"]}}],"collection":[{"href":"https:\/\/moniberic.com\/fr\/wp-json\/wp\/v2\/product"}],"about":[{"href":"https:\/\/moniberic.com\/fr\/wp-json\/wp\/v2\/types\/product"}],"wp:featuredmedia":[{"embeddable":true,"href":"https:\/\/moniberic.com\/fr\/wp-json\/wp\/v2\/media\/10588"}],"wp:attachment":[{"href":"https:\/\/moniberic.com\/fr\/wp-json\/wp\/v2\/media?parent=10102"}],"wp:term":[{"taxonomy":"product_brand","embeddable":true,"href":"https:\/\/moniberic.com\/fr\/wp-json\/wp\/v2\/product_brand?post=10102"},{"taxonomy":"product_cat","embeddable":true,"href":"https:\/\/moniberic.com\/fr\/wp-json\/wp\/v2\/product_cat?post=10102"},{"taxonomy":"product_tag","embeddable":true,"href":"https:\/\/moniberic.com\/fr\/wp-json\/wp\/v2\/product_tag?post=10102"}],"curies":[{"name":"wp","href":"https:\/\/api.w.org\/{rel}","templated":true}]}}