{"id":10077,"date":"2025-03-28T10:02:30","date_gmt":"2025-03-28T09:02:30","guid":{"rendered":"https:\/\/moniberic.com\/?post_type=product&#038;p=10077"},"modified":"2025-03-31T11:11:30","modified_gmt":"2025-03-31T10:11:30","slug":"epaule-de-jambon-iberique-cebo-de-campo-tomas-lopez-tranchee-100g-copia-copia-copia-copia-copia","status":"publish","type":"product","link":"https:\/\/moniberic.com\/fr\/produit\/epaule-de-jambon-iberique-cebo-de-campo-tomas-lopez-tranchee-100g-copia-copia-copia-copia-copia\/","title":{"rendered":"LONGE DE PORC 100% IB\u00c9RIQUE NOURRIE AUX GLANDS TOM\u00c1S L\u00d3PEZ 100g"},"content":{"rendered":"<p>Sachet de 100 grammes de longe 100 % ib\u00e9rique nourrie aux glands de Tom\u00e1s L\u00f3pez<\/p>\n<p>Le <strong>filet de porc ib\u00e9rique nourri aux glands 100 % ib\u00e9rique<\/strong> est un v\u00e9ritable joyau culinaire, \u00e9labor\u00e9 \u00e0 partir de porcs ib\u00e9riques de race pure \u00e9lev\u00e9s en libert\u00e9 et nourris exclusivement aux glands pendant la p\u00e9riode de la montanera. Cette alimentation naturelle, combin\u00e9e \u00e0 son \u00e9levage en p\u00e2turage, permet \u00e0 la viande de d\u00e9velopper une parfaite infiltration de graisse, offrant une texture juteuse et une saveur profonde et incomparable. <\/p>\n<p>Son processus de maturation artisanale, r\u00e9alis\u00e9 dans des s\u00e9choirs naturels pendant des mois, exalte son ar\u00f4me d\u00e9licat et ses nuances douces et \u00e9pic\u00e9es. De couleur rouge profond avec des veines grasses brillantes, cette longe se distingue par sa douceur en bouche et sa persistance en bouche. Un produit 100% naturel sans additifs, parfait pour d\u00e9guster en fines tranches et savourer l&rsquo;essence de la meilleure tradition ib\u00e9rique.  <\/p>\n<h5>Marque<\/h5>\n<p><img decoding=\"async\" class=\"alignnone wp-image-1216\" src=\"https:\/\/moniberic.com\/wp-content\/uploads\/2022\/10\/LogoTL200.png\" alt=\"\" width=\"163\" height=\"71\"><\/p>\n<p>L&rsquo;une des marques les plus r\u00e9put\u00e9es de jambons et de saucisses ib\u00e9riques.<\/p>\n","protected":false},"excerpt":{"rendered":"<p>Notre <strong>longe 100 % ib\u00e9rique Tom\u00e1s L\u00f3pez nourrie aux glands<\/strong> provient de porcs ib\u00e9riques de haute qualit\u00e9.<\/p>\n","protected":false},"featured_media":10592,"template":"","meta":[],"product_brand":[],"product_cat":[493],"product_tag":[],"class_list":{"0":"post-10077","1":"product","2":"type-product","3":"status-publish","4":"has-post-thumbnail","6":"product_cat-viandes-tranchees","8":"first","9":"instock","10":"taxable","11":"shipping-taxable","12":"purchasable","13":"product-type-simple"},"_links":{"self":[{"href":"https:\/\/moniberic.com\/fr\/wp-json\/wp\/v2\/product\/10077","targetHints":{"allow":["GET"]}}],"collection":[{"href":"https:\/\/moniberic.com\/fr\/wp-json\/wp\/v2\/product"}],"about":[{"href":"https:\/\/moniberic.com\/fr\/wp-json\/wp\/v2\/types\/product"}],"wp:featuredmedia":[{"embeddable":true,"href":"https:\/\/moniberic.com\/fr\/wp-json\/wp\/v2\/media\/10592"}],"wp:attachment":[{"href":"https:\/\/moniberic.com\/fr\/wp-json\/wp\/v2\/media?parent=10077"}],"wp:term":[{"taxonomy":"product_brand","embeddable":true,"href":"https:\/\/moniberic.com\/fr\/wp-json\/wp\/v2\/product_brand?post=10077"},{"taxonomy":"product_cat","embeddable":true,"href":"https:\/\/moniberic.com\/fr\/wp-json\/wp\/v2\/product_cat?post=10077"},{"taxonomy":"product_tag","embeddable":true,"href":"https:\/\/moniberic.com\/fr\/wp-json\/wp\/v2\/product_tag?post=10077"}],"curies":[{"name":"wp","href":"https:\/\/api.w.org\/{rel}","templated":true}]}}