{"id":10061,"date":"2025-03-28T09:58:58","date_gmt":"2025-03-28T08:58:58","guid":{"rendered":"https:\/\/moniberic.com\/?post_type=product&#038;p=10061"},"modified":"2025-04-14T10:16:19","modified_gmt":"2025-04-14T09:16:19","slug":"epaule-de-jambon-iberique-cebo-de-campo-tomas-lopez-tranchee-100g-copia-copia-copia-copia","status":"publish","type":"product","link":"https:\/\/moniberic.com\/fr\/produit\/epaule-de-jambon-iberique-cebo-de-campo-tomas-lopez-tranchee-100g-copia-copia-copia-copia\/","title":{"rendered":"SALAMI JOSELITO TRANCH\u00c9 100 g"},"content":{"rendered":"<p>Sachet de 100 grammes de saucisse Joselito<\/p>\n<p>Le <strong>Saucisson Joselito<\/strong> est une saucisse gastronomique \u00e9labor\u00e9e avec le meilleur porc maigre, soigneusement s\u00e9lectionn\u00e9 pour garantir une texture tendre et juteuse. Son assaisonnement avec du sel, du poivre et des \u00e9pices naturelles, ainsi qu&rsquo;un processus de s\u00e9chage lent dans des s\u00e9choirs naturels, lui permettent de d\u00e9velopper sa saveur caract\u00e9ristique : douce, \u00e9quilibr\u00e9e et avec une l\u00e9g\u00e8re touche \u00e9pic\u00e9e qui la rend incomparable. <\/p>\n<p>De couleur rose avec un fin marbr\u00e9 de graisse infiltr\u00e9e, son ar\u00f4me d\u00e9licat et sa texture soyeuse en font une d\u00e9licatesse exquise pour les palais les plus exigeants. Sans conservateurs ni additifs, le Saucisson Joselito est un produit 100% naturel, id\u00e9al \u00e0 d\u00e9guster en toute occasion, seul ou accompagn\u00e9 de pain et de fromage. <\/p>\n<h5>Marque<\/h5>\n<p><img decoding=\"async\" class=\"alignnone wp-image-3111 size-medium\" title=\"\u00c9paule de Jambon Joselito\" src=\"https:\/\/moniberic.com\/wp-content\/uploads\/2022\/11\/logo_joselito-300x61.png\" alt=\"\u00c9paule de Jambon Joselito\" width=\"300\" height=\"61\" srcset=\"https:\/\/moniberic.com\/wp-content\/uploads\/2022\/11\/logo_joselito-300x61.png 300w, https:\/\/moniberic.com\/wp-content\/uploads\/2022\/11\/logo_joselito-600x123.png 600w, https:\/\/moniberic.com\/wp-content\/uploads\/2022\/11\/logo_joselito.png 757w\" sizes=\"(max-width: 300px) 100vw, 300px\" \/><\/p>\n<p>L&rsquo;une des marques les plus r\u00e9put\u00e9es de jambons et de saucisses ib\u00e9riques.<\/p>\n","protected":false},"excerpt":{"rendered":"<p>Notre <strong>saucisse Joselito<\/strong> provient de viandes ib\u00e9riques de haute qualit\u00e9.<\/p>\n","protected":false},"featured_media":10600,"template":"","meta":[],"product_brand":[],"product_cat":[493],"product_tag":[],"class_list":{"0":"post-10061","1":"product","2":"type-product","3":"status-publish","4":"has-post-thumbnail","6":"product_cat-viandes-tranchees","8":"first","9":"instock","10":"taxable","11":"shipping-taxable","12":"purchasable","13":"product-type-simple"},"_links":{"self":[{"href":"https:\/\/moniberic.com\/fr\/wp-json\/wp\/v2\/product\/10061","targetHints":{"allow":["GET"]}}],"collection":[{"href":"https:\/\/moniberic.com\/fr\/wp-json\/wp\/v2\/product"}],"about":[{"href":"https:\/\/moniberic.com\/fr\/wp-json\/wp\/v2\/types\/product"}],"wp:featuredmedia":[{"embeddable":true,"href":"https:\/\/moniberic.com\/fr\/wp-json\/wp\/v2\/media\/10600"}],"wp:attachment":[{"href":"https:\/\/moniberic.com\/fr\/wp-json\/wp\/v2\/media?parent=10061"}],"wp:term":[{"taxonomy":"product_brand","embeddable":true,"href":"https:\/\/moniberic.com\/fr\/wp-json\/wp\/v2\/product_brand?post=10061"},{"taxonomy":"product_cat","embeddable":true,"href":"https:\/\/moniberic.com\/fr\/wp-json\/wp\/v2\/product_cat?post=10061"},{"taxonomy":"product_tag","embeddable":true,"href":"https:\/\/moniberic.com\/fr\/wp-json\/wp\/v2\/product_tag?post=10061"}],"curies":[{"name":"wp","href":"https:\/\/api.w.org\/{rel}","templated":true}]}}