{"id":10044,"date":"2025-03-28T09:49:41","date_gmt":"2025-03-28T08:49:41","guid":{"rendered":"https:\/\/moniberic.com\/?post_type=product&#038;p=10044"},"modified":"2025-04-14T10:17:32","modified_gmt":"2025-04-14T09:17:32","slug":"epaule-de-jambon-iberique-cebo-de-campo-tomas-lopez-tranchee-100g-copia-copia-copia","status":"publish","type":"product","link":"https:\/\/moniberic.com\/fr\/produit\/epaule-de-jambon-iberique-cebo-de-campo-tomas-lopez-tranchee-100g-copia-copia-copia\/","title":{"rendered":"CHORIZO EN TRANCHES JOSELITO 100g"},"content":{"rendered":"<p>Sachet de 100 grammes de chorizo \u200b\u200bJoselito<\/p>\n<p>Le <strong>chorizo \u200b\u200bJoselito<\/strong> est une saucisse de premi\u00e8re qualit\u00e9, \u00e9labor\u00e9e avec du porc 100% naturel et assaisonn\u00e9e avec un m\u00e9lange soign\u00e9 de sel, de paprika et d&rsquo;\u00e9pices qui lui conf\u00e8rent sa saveur intense et \u00e9quilibr\u00e9e caract\u00e9ristique. Son processus d&rsquo;affinage naturel, d&rsquo;une dur\u00e9e de plus de six mois, lui permet de d\u00e9velopper une texture juteuse et une parfaite infiltration de graisse, qui fond au palais. <\/p>\n<p>Avec une couleur rouge intense et un ar\u00f4me incomparable, le chorizo \u200b\u200bJoselito se distingue par sa saveur douce et persistante, avec une l\u00e9g\u00e8re touche sucr\u00e9e qui rehausse sa qualit\u00e9. Sa pr\u00e9paration sans conservateurs ni additifs en fait un produit enti\u00e8rement naturel, id\u00e9al \u00e0 d\u00e9guster en fines tranches ou comme vedette de toute planche de charcuterie. <\/p>\n<h5>Marque<\/h5>\n<p><img decoding=\"async\" class=\"alignnone wp-image-3111 size-medium\" title=\"\u00c9paule de Jambon Joselito\" src=\"https:\/\/moniberic.com\/wp-content\/uploads\/2022\/11\/logo_joselito-300x61.png\" alt=\"\u00c9paule de Jambon Joselito\" width=\"300\" height=\"61\" srcset=\"https:\/\/moniberic.com\/wp-content\/uploads\/2022\/11\/logo_joselito-300x61.png 300w, https:\/\/moniberic.com\/wp-content\/uploads\/2022\/11\/logo_joselito-600x123.png 600w, https:\/\/moniberic.com\/wp-content\/uploads\/2022\/11\/logo_joselito.png 757w\" sizes=\"(max-width: 300px) 100vw, 300px\" \/><\/p>\n<p>L&rsquo;une des marques les plus r\u00e9put\u00e9es de jambons et de saucisses ib\u00e9riques.<\/p>\n","protected":false},"excerpt":{"rendered":"<p>Notre <strong>chorizo \u200b\u200bJoselito<\/strong> provient de viandes ib\u00e9riques de haute qualit\u00e9.<\/p>\n","protected":false},"featured_media":10604,"template":"","meta":[],"product_brand":[],"product_cat":[493],"product_tag":[],"class_list":{"0":"post-10044","1":"product","2":"type-product","3":"status-publish","4":"has-post-thumbnail","6":"product_cat-viandes-tranchees","8":"first","9":"instock","10":"taxable","11":"shipping-taxable","12":"purchasable","13":"product-type-simple"},"_links":{"self":[{"href":"https:\/\/moniberic.com\/fr\/wp-json\/wp\/v2\/product\/10044","targetHints":{"allow":["GET"]}}],"collection":[{"href":"https:\/\/moniberic.com\/fr\/wp-json\/wp\/v2\/product"}],"about":[{"href":"https:\/\/moniberic.com\/fr\/wp-json\/wp\/v2\/types\/product"}],"wp:featuredmedia":[{"embeddable":true,"href":"https:\/\/moniberic.com\/fr\/wp-json\/wp\/v2\/media\/10604"}],"wp:attachment":[{"href":"https:\/\/moniberic.com\/fr\/wp-json\/wp\/v2\/media?parent=10044"}],"wp:term":[{"taxonomy":"product_brand","embeddable":true,"href":"https:\/\/moniberic.com\/fr\/wp-json\/wp\/v2\/product_brand?post=10044"},{"taxonomy":"product_cat","embeddable":true,"href":"https:\/\/moniberic.com\/fr\/wp-json\/wp\/v2\/product_cat?post=10044"},{"taxonomy":"product_tag","embeddable":true,"href":"https:\/\/moniberic.com\/fr\/wp-json\/wp\/v2\/product_tag?post=10044"}],"curies":[{"name":"wp","href":"https:\/\/api.w.org\/{rel}","templated":true}]}}