{"id":10032,"date":"2025-03-28T09:45:29","date_gmt":"2025-03-28T08:45:29","guid":{"rendered":"https:\/\/moniberic.com\/?post_type=product&#038;p=10032"},"modified":"2025-07-07T08:59:40","modified_gmt":"2025-07-07T07:59:40","slug":"epaule-de-jambon-iberique-cebo-de-campo-tomas-lopez-tranchee-100g-copia-copia","status":"publish","type":"product","link":"https:\/\/moniberic.com\/fr\/produit\/epaule-de-jambon-iberique-cebo-de-campo-tomas-lopez-tranchee-100g-copia-copia\/","title":{"rendered":"LONGE DE PORC IB\u00c9RIQUE NOURRIE EN PLEIN AIR 50% RACE IB\u00c9RIQUE TOM\u00c1S L\u00d3PEZ 100 g"},"content":{"rendered":"<p>Sachet de 100 grammes de longe ib\u00e9rique nourrie en plein air Tom\u00e1s L\u00f3pez 50% race ib\u00e9rique<\/p>\n<p>Le <strong>Cebo de Campo Lomo tranch\u00e9 50% Race Ib\u00e9rique (100 g)<\/strong> est un produit s\u00e9lectionn\u00e9 qui se distingue par sa saveur intense et son \u00e9quilibre parfait entre maigre et graisse infiltr\u00e9e. Issu de porcs ib\u00e9riques \u00e9lev\u00e9s en libert\u00e9 et nourris avec une combinaison de ressources agricoles naturelles et d&rsquo;aliments de haute qualit\u00e9, ce filet d\u00e9veloppe une texture tendre et juteuse. <\/p>\n<p>Son processus de s\u00e9chage lent dans des chambres de s\u00e9chage naturelles rehausse son ar\u00f4me et ses nuances, offrant une saveur d\u00e9licate avec de l\u00e9g\u00e8res notes sucr\u00e9es et \u00e9pic\u00e9es. Tranch\u00e9, il est id\u00e9al pour une d\u00e9gustation facile, conservant toute son essence et sa qualit\u00e9 \u00e0 chaque bouch\u00e9e. Parfait \u00e0 d\u00e9guster seul ou avec du pain et du fromage, c&rsquo;est un v\u00e9ritable joyau de la cuisine ib\u00e9rique.  <\/p>\n<h5>Marque<\/h5>\n<p><img decoding=\"async\" class=\"alignnone size-full wp-image-1216\" src=\"https:\/\/moniberic.com\/wp-content\/uploads\/2022\/10\/LogoTL200.png\" alt=\"\" width=\"200\" height=\"87\"><\/p>\n<p>L&rsquo;une des marques les plus r\u00e9put\u00e9es de jambons et de saucisses ib\u00e9riques.<\/p>\n","protected":false},"excerpt":{"rendered":"<p><img fetchpriority=\"high\" decoding=\"async\" class=\"size-full wp-image-1059 aligncenter\" src=\"https:\/\/moniberic.com\/wp-content\/uploads\/2022\/11\/p-campo-50.png\" alt=\"\" width=\"500\" height=\"101\" srcset=\"https:\/\/moniberic.com\/wp-content\/uploads\/2022\/11\/p-campo-50.png 500w, https:\/\/moniberic.com\/wp-content\/uploads\/2022\/11\/p-campo-50-300x61.png 300w\" sizes=\"(max-width: 500px) 100vw, 500px\" \/><\/p>\n<p>Notre <strong>longe ib\u00e9rique nourrie en plein air, 50 % de race ib\u00e9rique<\/strong>, provient de porcs ib\u00e9riques de haute qualit\u00e9. Ces animaux sont \u00e9lev\u00e9s en plein air , o\u00f9 ils peuvent pa\u00eetre et se d\u00e9penser. Cela favorise l&rsquo;infiltration de la graisse dans la viande maigre, ce qui rend la viande plus juteuse. Leur alimentation est bas\u00e9e sur des p\u00e2turages naturels et compl\u00e9t\u00e9e par des c\u00e9r\u00e9ales de premi\u00e8re qualit\u00e9.<\/p>\n","protected":false},"featured_media":11240,"template":"","meta":[],"product_brand":[],"product_cat":[493],"product_tag":[],"class_list":{"0":"post-10032","1":"product","2":"type-product","3":"status-publish","4":"has-post-thumbnail","6":"product_cat-viandes-tranchees","8":"first","9":"instock","10":"taxable","11":"shipping-taxable","12":"purchasable","13":"product-type-simple"},"_links":{"self":[{"href":"https:\/\/moniberic.com\/fr\/wp-json\/wp\/v2\/product\/10032","targetHints":{"allow":["GET"]}}],"collection":[{"href":"https:\/\/moniberic.com\/fr\/wp-json\/wp\/v2\/product"}],"about":[{"href":"https:\/\/moniberic.com\/fr\/wp-json\/wp\/v2\/types\/product"}],"wp:featuredmedia":[{"embeddable":true,"href":"https:\/\/moniberic.com\/fr\/wp-json\/wp\/v2\/media\/11240"}],"wp:attachment":[{"href":"https:\/\/moniberic.com\/fr\/wp-json\/wp\/v2\/media?parent=10032"}],"wp:term":[{"taxonomy":"product_brand","embeddable":true,"href":"https:\/\/moniberic.com\/fr\/wp-json\/wp\/v2\/product_brand?post=10032"},{"taxonomy":"product_cat","embeddable":true,"href":"https:\/\/moniberic.com\/fr\/wp-json\/wp\/v2\/product_cat?post=10032"},{"taxonomy":"product_tag","embeddable":true,"href":"https:\/\/moniberic.com\/fr\/wp-json\/wp\/v2\/product_tag?post=10032"}],"curies":[{"name":"wp","href":"https:\/\/api.w.org\/{rel}","templated":true}]}}