{"id":10016,"date":"2025-03-28T09:39:52","date_gmt":"2025-03-28T08:39:52","guid":{"rendered":"https:\/\/moniberic.com\/?post_type=product&#038;p=10016"},"modified":"2025-04-14T10:20:24","modified_gmt":"2025-04-14T09:20:24","slug":"epaule-de-jambon-iberique-cebo-de-campo-tomas-lopez-tranchee-100g-copia-2","status":"publish","type":"product","link":"https:\/\/moniberic.com\/fr\/produit\/epaule-de-jambon-iberique-cebo-de-campo-tomas-lopez-tranchee-100g-copia-2\/","title":{"rendered":"SAUCISSE DE FERME TOM\u00c1S L\u00d3PEZ 100g"},"content":{"rendered":"<p>Sachet de 100 grammes de saucisse de campagne Tom\u00e1s L\u00f3pez<\/p>\n<p>La saucisse de campagne est une saucisse traditionnelle \u00e9labor\u00e9e avec le meilleur porc maigre, soigneusement s\u00e9lectionn\u00e9 et assaisonn\u00e9 avec un m\u00e9lange d&rsquo;\u00e9pices qui rehaussent sa saveur authentique. Son processus de maturation lent et naturel lui permet de d\u00e9velopper une texture ferme mais juteuse, caract\u00e9ristique de cette saucisse artisanale. <\/p>\n<p>Avec un ar\u00f4me intense et une saveur \u00e9quilibr\u00e9e, soulign\u00e9e par des notes \u00e9pic\u00e9es et l\u00e9g\u00e8rement fum\u00e9es, la Longaniza Pay\u00e9s est parfaite pour \u00eatre d\u00e9gust\u00e9e en fines tranches ou en bouch\u00e9es plus grosses qui mettent en valeur son caract\u00e8re rustique. Sa combinaison d&rsquo;ingr\u00e9dients et sa pr\u00e9paration traditionnelle font de ce produit une d\u00e9licatesse incontournable sur n&rsquo;importe quelle table. <\/p>\n<h5>Marque<\/h5>\n<p><img decoding=\"async\" class=\"alignnone size-full wp-image-1216\" src=\"https:\/\/moniberic.com\/wp-content\/uploads\/2022\/10\/LogoTL200.png\" alt=\"\" width=\"200\" height=\"87\"><\/p>\n<p>L&rsquo;une des marques les plus r\u00e9put\u00e9es de jambons et de saucisses ib\u00e9riques.<\/p>\n","protected":false},"excerpt":{"rendered":"<p><img fetchpriority=\"high\" decoding=\"async\" class=\"size-full wp-image-1059 aligncenter\" src=\"https:\/\/moniberic.com\/wp-content\/uploads\/2022\/11\/p-campo-50.png\" alt=\"\" width=\"500\" height=\"101\" srcset=\"https:\/\/moniberic.com\/wp-content\/uploads\/2022\/11\/p-campo-50.png 500w, https:\/\/moniberic.com\/wp-content\/uploads\/2022\/11\/p-campo-50-300x61.png 300w\" sizes=\"(max-width: 500px) 100vw, 500px\" \/><\/p>\n<p>Notre <strong>saucisse de campagne<\/strong> provient de porcs ib\u00e9riques de haute qualit\u00e9. Ces animaux sont \u00e9lev\u00e9s en plein air , o\u00f9 ils peuvent pa\u00eetre et se d\u00e9penser. Cela favorise l&rsquo;infiltration de la graisse dans la viande maigre, ce qui rend la viande plus juteuse. Leur alimentation est bas\u00e9e sur des p\u00e2turages naturels et compl\u00e9t\u00e9e par des c\u00e9r\u00e9ales de premi\u00e8re qualit\u00e9.<\/p>\n","protected":false},"featured_media":10620,"template":"","meta":[],"product_brand":[],"product_cat":[493],"product_tag":[],"class_list":{"0":"post-10016","1":"product","2":"type-product","3":"status-publish","4":"has-post-thumbnail","6":"product_cat-viandes-tranchees","8":"first","9":"instock","10":"taxable","11":"shipping-taxable","12":"purchasable","13":"product-type-simple"},"_links":{"self":[{"href":"https:\/\/moniberic.com\/fr\/wp-json\/wp\/v2\/product\/10016","targetHints":{"allow":["GET"]}}],"collection":[{"href":"https:\/\/moniberic.com\/fr\/wp-json\/wp\/v2\/product"}],"about":[{"href":"https:\/\/moniberic.com\/fr\/wp-json\/wp\/v2\/types\/product"}],"wp:featuredmedia":[{"embeddable":true,"href":"https:\/\/moniberic.com\/fr\/wp-json\/wp\/v2\/media\/10620"}],"wp:attachment":[{"href":"https:\/\/moniberic.com\/fr\/wp-json\/wp\/v2\/media?parent=10016"}],"wp:term":[{"taxonomy":"product_brand","embeddable":true,"href":"https:\/\/moniberic.com\/fr\/wp-json\/wp\/v2\/product_brand?post=10016"},{"taxonomy":"product_cat","embeddable":true,"href":"https:\/\/moniberic.com\/fr\/wp-json\/wp\/v2\/product_cat?post=10016"},{"taxonomy":"product_tag","embeddable":true,"href":"https:\/\/moniberic.com\/fr\/wp-json\/wp\/v2\/product_tag?post=10016"}],"curies":[{"name":"wp","href":"https:\/\/api.w.org\/{rel}","templated":true}]}}