{"id":9319,"date":"2024-10-23T11:29:31","date_gmt":"2024-10-23T10:29:31","guid":{"rendered":"https:\/\/moniberic.com\/catalogue-de-noel\/"},"modified":"2025-11-05T11:08:37","modified_gmt":"2025-11-05T10:08:37","slug":"catalogue-de-noel","status":"publish","type":"page","link":"https:\/\/moniberic.com\/fr\/catalogue-de-noel\/","title":{"rendered":"Catalogue de No\u00ebl"},"content":{"rendered":"\t\t<div data-elementor-type=\"wp-page\" data-elementor-id=\"9319\" class=\"elementor elementor-9319 elementor-8603\" data-elementor-post-type=\"page\">\n\t\t\t\t<div data-particle_enable=\"false\" data-particle-mobile-disabled=\"false\" class=\"elementor-element elementor-element-347ca19 e-con-full e-flex e-con e-parent\" data-id=\"347ca19\" data-element_type=\"container\" data-e-type=\"container\" data-settings=\"{&quot;background_background&quot;:&quot;classic&quot;}\">\n\t\t<div data-particle_enable=\"false\" data-particle-mobile-disabled=\"false\" class=\"elementor-element elementor-element-ccae4e0 e-con-full e-flex e-con e-child\" data-id=\"ccae4e0\" data-element_type=\"container\" data-e-type=\"container\">\n\t\t\t\t<div class=\"elementor-element elementor-element-1812ffe elementor-widget__width-initial elementor-widget elementor-widget-shortcode\" data-id=\"1812ffe\" data-element_type=\"widget\" data-e-type=\"widget\" data-widget_type=\"shortcode.default\">\n\t\t\t\t\t\t\t<div class=\"elementor-shortcode\"><div class=\"_df_thumb \" id=\"df_8632\"  _slug=\"8632\" data-title=\"catalogo-navidad\" wpoptions=\"true\" thumb=\"https:\/\/moniberic.com\/wp-content\/uploads\/2024\/10\/Portada-Catalogo-navidad-2025-Moniberic.webp\" thumbtype=\"\" >Cat\u00e1logo Navidad<\/div><script class=\"df-shortcode-script\" nowprocket type=\"application\/javascript\">window.option_df_8632 = {\"outline\":[],\"hard\":\"cover\",\"autoEnableOutline\":\"false\",\"autoEnableThumbnail\":\"false\",\"overwritePDFOutline\":\"false\",\"direction\":\"1\",\"pageSize\":\"0\",\"source\":\"https:\\\/\\\/moniberic.com\\\/pdf\\\/Moniberic_Catalogo_2025.pdf\",\"wpOptions\":\"true\"}; if(window.DFLIP && window.DFLIP.parseBooks){window.DFLIP.parseBooks();}<\/script><\/div>\n\t\t\t\t\t\t<\/div>\n\t\t\t\t<div class=\"elementor-element elementor-element-b1ee221 elementor-widget elementor-widget-heading\" data-id=\"b1ee221\" data-element_type=\"widget\" data-e-type=\"widget\" data-widget_type=\"heading.default\">\n\t\t\t\t\t<h2 class=\"elementor-heading-title elementor-size-default\">Consulter le catalogue en ligne<\/h2>\t\t\t\t<\/div>\n\t\t\t\t<\/div>\n\t\t<div data-particle_enable=\"false\" data-particle-mobile-disabled=\"false\" class=\"elementor-element elementor-element-5839ba5 e-con-full e-flex e-con e-child\" data-id=\"5839ba5\" data-element_type=\"container\" data-e-type=\"container\">\n\t\t<div data-particle_enable=\"false\" data-particle-mobile-disabled=\"false\" class=\"elementor-element elementor-element-ebf549e e-flex e-con-boxed e-con e-child\" data-id=\"ebf549e\" data-element_type=\"container\" data-e-type=\"container\">\n\t\t\t\t\t<div class=\"e-con-inner\">\n\t\t\t\t<div class=\"elementor-element elementor-element-1c99f84 elementor-widget elementor-widget-text-editor\" data-id=\"1c99f84\" data-element_type=\"widget\" data-e-type=\"widget\" data-widget_type=\"text-editor.default\">\n\t\t\t\t\t\t\t\t\t<p>Bienvenue dans notre collection de No\u00ebl de produits gourmands !<\/p><p>En cette p\u00e9riode des F\u00eates, nous vous invitons \u00e0 d\u00e9couvrir des saveurs exquises et des d\u00e9lices s\u00e9lectionn\u00e9s qui rendront vos c\u00e9l\u00e9brations vraiment sp\u00e9ciales. Des jambons affin\u00e9s artisanalement aux vins s\u00e9lectionn\u00e9s, chaque produit a \u00e9t\u00e9 soigneusement choisi pour vous offrir le meilleur en qualit\u00e9 et en saveur. <\/p><p>Offrez-vous et \u00e0 vos proches une exp\u00e9rience culinaire inoubliable.<\/p><p>Joyeuses f\u00eates et bon app\u00e9tit !<\/p>\t\t\t\t\t\t\t\t<\/div>\n\t\t\t\t<div class=\"elementor-element elementor-element-418375a elementor-widget elementor-widget-button\" data-id=\"418375a\" data-element_type=\"widget\" data-e-type=\"widget\" data-widget_type=\"button.default\">\n\t\t\t\t\t\t\t\t\t\t<a class=\"elementor-button elementor-button-link elementor-size-sm\" href=\"https:\/\/moniberic.com\/pdf\/Moniberic_Catalogo_2025.pdf\" target=\"_blank\">\n\t\t\t\t\t\t<span class=\"elementor-button-content-wrapper\">\n\t\t\t\t\t\t\t\t\t<span class=\"elementor-button-text\">T\u00e9l\u00e9charger le catalogue<\/span>\n\t\t\t\t\t<\/span>\n\t\t\t\t\t<\/a>\n\t\t\t\t\t\t\t\t<\/div>\n\t\t\t\t\t<\/div>\n\t\t\t\t<\/div>\n\t\t\t\t<\/div>\n\t\t\t\t<\/div>\n\t\t\t\t<\/div>\n\t\t","protected":false},"excerpt":{"rendered":"<p>Consulter le catalogue en ligne Bienvenue dans notre collection de No\u00ebl de produits gourmands ! En cette p\u00e9riode des F\u00eates, nous vous invitons \u00e0 d\u00e9couvrir des saveurs exquises et des d\u00e9lices s\u00e9lectionn\u00e9s qui rendront vos c\u00e9l\u00e9brations vraiment sp\u00e9ciales. Des jambons affin\u00e9s artisanalement aux vins s\u00e9lectionn\u00e9s, chaque produit a \u00e9t\u00e9 soigneusement choisi pour vous offrir le [&hellip;]<\/p>\n","protected":false},"author":1,"featured_media":0,"parent":0,"menu_order":0,"comment_status":"closed","ping_status":"closed","template":"elementor_header_footer","meta":{"footnotes":""},"class_list":["post-9319","page","type-page","status-publish","hentry"],"_links":{"self":[{"href":"https:\/\/moniberic.com\/fr\/wp-json\/wp\/v2\/pages\/9319","targetHints":{"allow":["GET"]}}],"collection":[{"href":"https:\/\/moniberic.com\/fr\/wp-json\/wp\/v2\/pages"}],"about":[{"href":"https:\/\/moniberic.com\/fr\/wp-json\/wp\/v2\/types\/page"}],"author":[{"embeddable":true,"href":"https:\/\/moniberic.com\/fr\/wp-json\/wp\/v2\/users\/1"}],"replies":[{"embeddable":true,"href":"https:\/\/moniberic.com\/fr\/wp-json\/wp\/v2\/comments?post=9319"}],"version-history":[{"count":0,"href":"https:\/\/moniberic.com\/fr\/wp-json\/wp\/v2\/pages\/9319\/revisions"}],"wp:attachment":[{"href":"https:\/\/moniberic.com\/fr\/wp-json\/wp\/v2\/media?parent=9319"}],"curies":[{"name":"wp","href":"https:\/\/api.w.org\/{rel}","templated":true}]}}