{"id":4860,"date":"2022-11-22T17:29:21","date_gmt":"2022-11-22T16:29:21","guid":{"rendered":"https:\/\/moniberic.com\/politique-sur-les-cookies\/"},"modified":"2025-02-28T14:46:03","modified_gmt":"2025-02-28T13:46:03","slug":"politique-sur-les-cookies","status":"publish","type":"page","link":"https:\/\/moniberic.com\/fr\/politique-sur-les-cookies\/","title":{"rendered":"Politique sur les cookies"},"content":{"rendered":"\t\t<div data-elementor-type=\"wp-page\" data-elementor-id=\"4860\" class=\"elementor elementor-4860 elementor-1171\" data-elementor-post-type=\"page\">\n\t\t\t\t<div data-particle_enable=\"false\" data-particle-mobile-disabled=\"false\" class=\"elementor-element elementor-element-94a7c41 e-flex e-con-boxed e-con e-parent\" data-id=\"94a7c41\" data-element_type=\"container\" data-e-type=\"container\">\n\t\t\t\t\t<div class=\"e-con-inner\">\n\t\t\t\t<div class=\"elementor-element elementor-element-e1b1eb2 elementor-widget elementor-widget-heading\" data-id=\"e1b1eb2\" data-element_type=\"widget\" data-e-type=\"widget\" data-widget_type=\"heading.default\">\n\t\t\t\t\t<h1 class=\"elementor-heading-title elementor-size-default\">POLITIQUE SUR LES COOKIES<\/h1>\t\t\t\t<\/div>\n\t\t\t\t<div class=\"elementor-element elementor-element-1477af9 elementor-widget elementor-widget-heading\" data-id=\"1477af9\" data-element_type=\"widget\" data-e-type=\"widget\" data-widget_type=\"heading.default\">\n\t\t\t\t\t<h2 class=\"elementor-heading-title elementor-size-default\">1. Information<\/h2>\t\t\t\t<\/div>\n\t\t\t\t<div class=\"elementor-element elementor-element-9fad3c6 elementor-widget elementor-widget-text-editor\" data-id=\"9fad3c6\" data-element_type=\"widget\" data-e-type=\"widget\" data-widget_type=\"text-editor.default\">\n\t\t\t\t\t\t\t\t\t<div class=\"rte\"><p>Utilisation des cookies sur le site <a href=\"https:\/\/moniberic.com\/fr\/\">https:\/\/moniberic.com<\/a> Conform\u00e9ment \u00e0 la loi 34\/2002, du 11 juillet, relative aux services de la soci\u00e9t\u00e9 de l&rsquo;information et au commerce \u00e9lectronique (LSSI), modifi\u00e9e \u00e0 l&rsquo;art. 22 par l&rsquo;art. 4. 3 appartenant au titre II, Modifications relatives \u00e0 la transposition des directives sur les t\u00e9l\u00e9communications et la soci\u00e9t\u00e9 de l&rsquo;information, du d\u00e9cret-loi royal 13\/2012, du 30 mars, transposant les directives sur les communications \u00e9lectroniques, nous vous informons de l&rsquo;utilisation de cookies sur le site web corporatif de MONIBERIC SELECCI\u00d3N, S.L. afin de faciliter et d&rsquo;am\u00e9liorer la navigation.<\/p><\/div>\t\t\t\t\t\t\t\t<\/div>\n\t\t\t\t<div class=\"elementor-element elementor-element-a5fa9d8 elementor-widget elementor-widget-heading\" data-id=\"a5fa9d8\" data-element_type=\"widget\" data-e-type=\"widget\" data-widget_type=\"heading.default\">\n\t\t\t\t\t<h2 class=\"elementor-heading-title elementor-size-default\">QU'EST-CE QU'UN COOKIE?\n\n<\/h2>\t\t\t\t<\/div>\n\t\t\t\t<div class=\"elementor-element elementor-element-df63705 elementor-widget elementor-widget-text-editor\" data-id=\"df63705\" data-element_type=\"widget\" data-e-type=\"widget\" data-widget_type=\"text-editor.default\">\n\t\t\t\t\t\t\t\t\t<div class=\"rte\"><p>Un cookie est un fichier qui est t\u00e9l\u00e9charg\u00e9 sur le disque dur de votre ordinateur lorsque vous acc\u00e9dez \u00e0 certains sites web ou applications. Les cookies permettent, entre autres, de collecter des informations statistiques, de faciliter certaines fonctionnalit\u00e9s techniques, de stocker et de r\u00e9cup\u00e9rer des informations sur les habitudes de navigation ou les pr\u00e9f\u00e9rences d&rsquo;un utilisateur ou de son \u00e9quipement et, en fonction des informations qu&rsquo;ils contiennent et de la mani\u00e8re dont vous utilisez votre ordinateur, ils peuvent \u00eatre utilis\u00e9s pour reconna\u00eetre l&rsquo;utilisateur. Veuillez noter que les cookies ne peuvent pas endommager votre ordinateur et qu&rsquo;en retour, le fait qu&rsquo;ils soient activ\u00e9s nous aide \u00e0 identifier et \u00e0 r\u00e9soudre d&rsquo;\u00e9ventuelles erreurs.<\/p><p>Cookies utilis\u00e9s sur <a href=\"https:\/\/moniberic.com\/fr\/\">https:\/\/moniberic.com<\/a><\/p><ul><li>Les cookies strictement n\u00e9cessaires comme, par exemple, ceux qui servent \u00e0 une bonne navigation et garantissent que le contenu du site web se charge efficacement.<\/li><li>Les cookies analytiques sont des cookies utilis\u00e9s \u00e0 des fins d&rsquo;analyse, de recherche ou de statistiques afin d&rsquo;am\u00e9liorer l&rsquo;exp\u00e9rience du site web. L&rsquo;utilisation de ces cookies permet d&rsquo;afficher des informations plus pertinentes aux visiteurs.<\/li><li>Les cookies tiers tels que ceux utilis\u00e9s par les r\u00e9seaux sociaux, ou par des plugins de contenu externes tels que google maps.<\/li><\/ul><\/div>\t\t\t\t\t\t\t\t<\/div>\n\t\t\t\t<div class=\"elementor-element elementor-element-ad5598f elementor-widget elementor-widget-heading\" data-id=\"ad5598f\" data-element_type=\"widget\" data-e-type=\"widget\" data-widget_type=\"heading.default\">\n\t\t\t\t\t<h2 class=\"elementor-heading-title elementor-size-default\">2. Consentement\n\n<\/h2>\t\t\t\t<\/div>\n\t\t\t\t<div class=\"elementor-element elementor-element-84cb9f7 elementor-widget elementor-widget-text-editor\" data-id=\"84cb9f7\" data-element_type=\"widget\" data-e-type=\"widget\" data-widget_type=\"text-editor.default\">\n\t\t\t\t\t\t\t\t\t<div class=\"rte\"><p>En continuant \u00e0 naviguer sur ce site, l&rsquo;utilisateur accepte cette politique en mati\u00e8re de cookies et consent \u00e0 l&rsquo;utilisation de cookies. Le stockage et le traitement des informations ainsi obtenues sont effectu\u00e9s \u00e0 des fins techniques, afin d&rsquo;effectuer la transmission d&rsquo;une communication sur un r\u00e9seau de communications \u00e9lectroniques, ainsi que pour pouvoir fournir un service de la soci\u00e9t\u00e9 de l&rsquo;information express\u00e9ment demand\u00e9 par l&rsquo;utilisateur enregistr\u00e9.<\/p><p>Dans tous les cas, l&rsquo;utilisateur peut acc\u00e9der au menu des pr\u00e9f\u00e9rences de son navigateur et le configurer de mani\u00e8re \u00e0 ce que les cookies ne soient pas install\u00e9s, \u00e0 supprimer les cookies existants et\/ou \u00e0 les supprimer avant de commencer \u00e0 naviguer sur d&rsquo;autres pages du site web. Vous pouvez \u00e9galement utiliser des outils de blocage des cookies.<\/p><\/div>\t\t\t\t\t\t\t\t<\/div>\n\t\t\t\t<div class=\"elementor-element elementor-element-7b71bc0 elementor-widget elementor-widget-heading\" data-id=\"7b71bc0\" data-element_type=\"widget\" data-e-type=\"widget\" data-widget_type=\"heading.default\">\n\t\t\t\t\t<h2 class=\"elementor-heading-title elementor-size-default\">D\u00c9SACTIVER LES COOKIES\n\n<\/h2>\t\t\t\t<\/div>\n\t\t\t\t<div class=\"elementor-element elementor-element-7ff0958 elementor-widget elementor-widget-text-editor\" data-id=\"7ff0958\" data-element_type=\"widget\" data-e-type=\"widget\" data-widget_type=\"text-editor.default\">\n\t\t\t\t\t\t\t\t\t<div class=\"rte\"><p>Pour savoir comment d\u00e9sactiver les cookies dans votre navigateur, voici les \u00e9tapes \u00e0 suivre dans les principaux navigateurs :<\/p><p>Internet Explorer : Outils \u2192 Options Internet \u2192 Confidentialit\u00e9 \u2192 Param\u00e8tres. <br>Pour plus d&rsquo;informations, vous pouvez consulter le support Microsoft ou l&rsquo;aide du navigateur.<\/p><p>Firefox : Outils \u2192 Options \u2192 Confidentialit\u00e9 \u2192 Historique \u2192 Param\u00e8tres personnalis\u00e9s. <br>Pour plus d&rsquo;informations, vous pouvez consulter le support Mozilla ou l&rsquo;aide du navigateur.<\/p><p>Chrome : Param\u00e8tres \u2192 Afficher les options avanc\u00e9es \u2192 Confidentialit\u00e9 \u2192 Param\u00e8tres de contenu. <br>Pour plus d&rsquo;informations, vous pouvez consulter l&rsquo;assistance de Google ou l&rsquo;aide du navigat<\/p><p>Safari : Pr\u00e9f\u00e9rences \u2192 S\u00e9curit\u00e9. <br>Pour plus d&rsquo;informations, vous pouvez consulter l&rsquo;assistance Apple ou l&rsquo;aide du navigateur.<\/p><\/div>\t\t\t\t\t\t\t\t<\/div>\n\t\t\t\t\t<\/div>\n\t\t\t\t<\/div>\n\t\t\t\t<\/div>\n\t\t","protected":false},"excerpt":{"rendered":"<p>POLITIQUE SUR LES COOKIES 1. Information Utilisation des cookies sur le site https:\/\/moniberic.com Conform\u00e9ment \u00e0 la loi 34\/2002, du 11 juillet, relative aux services de la soci\u00e9t\u00e9 de l&rsquo;information et au commerce \u00e9lectronique (LSSI), modifi\u00e9e \u00e0 l&rsquo;art. 22 par l&rsquo;art. 4. 3 appartenant au titre II, Modifications relatives \u00e0 la transposition des directives sur les [&hellip;]<\/p>\n","protected":false},"author":1,"featured_media":0,"parent":0,"menu_order":0,"comment_status":"closed","ping_status":"closed","template":"elementor_header_footer","meta":{"footnotes":""},"class_list":["post-4860","page","type-page","status-publish","hentry"],"_links":{"self":[{"href":"https:\/\/moniberic.com\/fr\/wp-json\/wp\/v2\/pages\/4860","targetHints":{"allow":["GET"]}}],"collection":[{"href":"https:\/\/moniberic.com\/fr\/wp-json\/wp\/v2\/pages"}],"about":[{"href":"https:\/\/moniberic.com\/fr\/wp-json\/wp\/v2\/types\/page"}],"author":[{"embeddable":true,"href":"https:\/\/moniberic.com\/fr\/wp-json\/wp\/v2\/users\/1"}],"replies":[{"embeddable":true,"href":"https:\/\/moniberic.com\/fr\/wp-json\/wp\/v2\/comments?post=4860"}],"version-history":[{"count":0,"href":"https:\/\/moniberic.com\/fr\/wp-json\/wp\/v2\/pages\/4860\/revisions"}],"wp:attachment":[{"href":"https:\/\/moniberic.com\/fr\/wp-json\/wp\/v2\/media?parent=4860"}],"curies":[{"name":"wp","href":"https:\/\/api.w.org\/{rel}","templated":true}]}}