{"id":4848,"date":"2022-11-01T10:54:43","date_gmt":"2022-11-01T09:54:43","guid":{"rendered":"https:\/\/moniberic.com\/franchises-moniberic\/"},"modified":"2023-07-31T11:22:09","modified_gmt":"2023-07-31T10:22:09","slug":"franchises-moniberic","status":"publish","type":"page","link":"https:\/\/moniberic.com\/fr\/franchises-moniberic\/","title":{"rendered":"Franchises Moniberic"},"content":{"rendered":"\t\t<div data-elementor-type=\"wp-page\" data-elementor-id=\"4848\" class=\"elementor elementor-4848 elementor-619\" data-elementor-post-type=\"page\">\n\t\t\t\t<div data-particle_enable=\"false\" data-particle-mobile-disabled=\"false\" class=\"elementor-element elementor-element-a69864e e-flex e-con-boxed e-con e-parent\" data-id=\"a69864e\" data-element_type=\"container\" data-e-type=\"container\" data-settings=\"{&quot;background_background&quot;:&quot;classic&quot;}\">\n\t\t\t\t\t<div class=\"e-con-inner\">\n\t\t<div data-particle_enable=\"false\" data-particle-mobile-disabled=\"false\" class=\"elementor-element elementor-element-869e976 e-con-full e-flex e-con e-parent\" data-id=\"869e976\" data-element_type=\"container\" data-e-type=\"container\">\n\t\t\t\t<\/div>\n\t\t<div data-particle_enable=\"false\" data-particle-mobile-disabled=\"false\" class=\"elementor-element elementor-element-e298ff8 e-con-full e-flex e-con e-parent\" data-id=\"e298ff8\" data-element_type=\"container\" data-e-type=\"container\">\n\t\t\t\t<div class=\"elementor-element elementor-element-eedc6cf elementor-widget elementor-widget-heading\" data-id=\"eedc6cf\" data-element_type=\"widget\" data-e-type=\"widget\" data-widget_type=\"heading.default\">\n\t\t\t\t\t<p class=\"elementor-heading-title elementor-size-default\">Franchises Moniberic<\/p>\t\t\t\t<\/div>\n\t\t\t\t<div class=\"elementor-element elementor-element-41273fc animated-slow elementor-invisible elementor-widget elementor-widget-heading\" data-id=\"41273fc\" data-element_type=\"widget\" data-e-type=\"widget\" data-settings=\"{&quot;_animation&quot;:&quot;fadeInRight&quot;,&quot;_animation_delay&quot;:1000}\" data-widget_type=\"heading.default\">\n\t\t\t\t\t<p class=\"elementor-heading-title elementor-size-default\">Un march\u00e9 en croissance et rentable<br>avec un concept de magasin diff\u00e9renci\u00e9<\/p>\t\t\t\t<\/div>\n\t\t\t\t<\/div>\n\t\t\t\t\t<\/div>\n\t\t\t\t<\/div>\n\t\t<div data-particle_enable=\"false\" data-particle-mobile-disabled=\"false\" class=\"elementor-element elementor-element-d7bb171 e-flex e-con-boxed e-con e-parent\" data-id=\"d7bb171\" data-element_type=\"container\" data-e-type=\"container\">\n\t\t\t\t\t<div class=\"e-con-inner\">\n\t\t<div data-particle_enable=\"false\" data-particle-mobile-disabled=\"false\" class=\"elementor-element elementor-element-2b97584 e-con-full e-flex e-con e-parent\" data-id=\"2b97584\" data-element_type=\"container\" data-e-type=\"container\">\n\t\t\t\t<div class=\"elementor-element elementor-element-7af3df2 elementor-widget elementor-widget-heading\" data-id=\"7af3df2\" data-element_type=\"widget\" data-e-type=\"widget\" data-widget_type=\"heading.default\">\n\t\t\t\t\t<h2 class=\"elementor-heading-title elementor-size-default\">Nous nous pr\u00e9sentons<\/h2>\t\t\t\t<\/div>\n\t\t\t\t<div class=\"elementor-element elementor-element-967fddb elementor-widget elementor-widget-text-editor\" data-id=\"967fddb\" data-element_type=\"widget\" data-e-type=\"widget\" data-widget_type=\"text-editor.default\">\n\t\t\t\t\t\t\t\t\t<p>Cher investisseur,<br \/>Avant de commencer, nous tenons \u00e0 vous remercier de l&rsquo;int\u00e9r\u00eat que vous portez \u00e0 notre franchise.<\/p>\n<p>Nous avons le plaisir de vous pr\u00e9senter notre concept de jambon sp\u00e9cialis\u00e9 et d&rsquo;autres produits ib\u00e9riques.<\/p>\n<p>moniberic est n\u00e9e il y a plus de 40 ans, apr\u00e8s beaucoup de travail et de d\u00e9vouement et gr\u00e2ce aux connaissances de la famille Tom\u00e1s. Une famille qui a avant tout la passion de notre produit, qui est une repr\u00e9sentation des plaisirs de la gastronomie de notre pays.<\/p>\n<p>Tout a commenc\u00e9 au march\u00e9 Salut de Barcelone, o\u00f9 la premi\u00e8re boutique a \u00e9t\u00e9 ouverte en 1970. Un concept commercial est n\u00e9, qui domine aujourd&rsquo;hui le march\u00e9 local.<\/p>\n<p>Aujourd&rsquo;hui, nous souhaitons partager avec vous notre produit ; nous sommes convaincus que notre proposition vous int\u00e9ressera.<\/p>\n<p><strong>Une croissance autofinanc\u00e9e de 30 % par an et plus de 40 magasins sont des faits qui repr\u00e9sentent notre succ\u00e8s sur le march\u00e9.<\/strong><\/p>\n\t\t\t\t\t\t\t\t<\/div>\n\t\t\t\t<div class=\"elementor-element elementor-element-783f07b elementor-widget elementor-widget-text-editor\" data-id=\"783f07b\" data-element_type=\"widget\" data-e-type=\"widget\" data-widget_type=\"text-editor.default\">\n\t\t\t\t\t\t\t\t\t<p><strong>SERGIO L\u00d3PEZ<\/strong><br \/>moniberic&rsquo;s Manager<\/p>\n\t\t\t\t\t\t\t\t<\/div>\n\t\t\t\t<\/div>\n\t\t<div data-particle_enable=\"false\" data-particle-mobile-disabled=\"false\" class=\"elementor-element elementor-element-e632bdc e-con-full e-flex e-con e-parent\" data-id=\"e632bdc\" data-element_type=\"container\" data-e-type=\"container\">\n\t\t\t\t<div class=\"elementor-element elementor-element-b5794fb elementor-widget elementor-widget-heading\" data-id=\"b5794fb\" data-element_type=\"widget\" data-e-type=\"widget\" data-widget_type=\"heading.default\">\n\t\t\t\t\t<h2 class=\"elementor-heading-title elementor-size-default\">Que proposons-nous ?<\/h2>\t\t\t\t<\/div>\n\t\t\t\t<div class=\"elementor-element elementor-element-33fb118 elementor-widget elementor-widget-text-editor\" data-id=\"33fb118\" data-element_type=\"widget\" data-e-type=\"widget\" data-widget_type=\"text-editor.default\">\n\t\t\t\t\t\t\t\t\t<p>Un march\u00e9 en croissance et rentable<\/p>\n<p>Un concept de magasins diff\u00e9renci\u00e9s avec <strong>une image urbaine, f\u00e9minine et accessible<\/strong>, qui d\u00e9montre notre haut niveau de sp\u00e9cialisation dans les produits ib\u00e9riques.<\/p>\n<p>Une <strong>marque de jambon et de saucisse<\/strong> qui se distingue sur le march\u00e9 par sa haute <strong>qualit\u00e9<\/strong> dans chaque cat\u00e9gorie et par d&rsquo;excellentes conditions de vente et d&rsquo;image.<\/p>\n<p>Un point de vente qui b\u00e9n\u00e9ficie des m\u00eames conditions que n&rsquo;importe quelle autre franchise Une m\u00e9thode de gestion \u00e9labor\u00e9e qui offre en d\u00e9tail tout le soutien et la formation n\u00e9cessaires \u00e0 votre \u00e9quipe.<\/p>\n<p>Ne vous arr\u00eatez pas l\u00e0 et n&rsquo;h\u00e9sitez pas \u00e0 lire attentivement tous les avantages de rejoindre moniberic, nous sommes convaincus qu&rsquo;avec un jambon comme le n\u00f4tre, vous ne pourrez pas r\u00e9sister &#8230;<\/p>\n\t\t\t\t\t\t\t\t<\/div>\n\t\t\t\t<div class=\"elementor-element elementor-element-5452250 elementor-widget elementor-widget-text-editor\" data-id=\"5452250\" data-element_type=\"widget\" data-e-type=\"widget\" data-widget_type=\"text-editor.default\">\n\t\t\t\t\t\t\t\t\t<p><strong>J\u00daLIA TORRECILLAS<\/strong><br \/>Expansion Director<\/p>\n<p><a href=\"mailto:franquicias@moniberic.com\">franquicias@moniberic.com<\/a><\/p>\n\t\t\t\t\t\t\t\t<\/div>\n\t\t\t\t<\/div>\n\t\t\t\t\t<\/div>\n\t\t\t\t<\/div>\n\t\t<div data-particle_enable=\"false\" data-particle-mobile-disabled=\"false\" class=\"elementor-element elementor-element-10dd28b e-flex e-con-boxed e-con e-parent\" data-id=\"10dd28b\" data-element_type=\"container\" data-e-type=\"container\">\n\t\t\t\t\t<div class=\"e-con-inner\">\n\t\t<div data-particle_enable=\"false\" data-particle-mobile-disabled=\"false\" class=\"elementor-element elementor-element-8479062 e-con-full e-flex e-con e-parent\" data-id=\"8479062\" data-element_type=\"container\" data-e-type=\"container\">\n\t\t\t\t<div class=\"elementor-element elementor-element-2f6996a elementor-cta--skin-classic elementor-animated-content elementor-bg-transform elementor-bg-transform-zoom-in elementor-widget elementor-widget-call-to-action\" data-id=\"2f6996a\" data-element_type=\"widget\" data-e-type=\"widget\" data-widget_type=\"call-to-action.default\">\n\t\t\t\t\t\t\t<div class=\"elementor-cta\">\n\t\t\t\t\t<div class=\"elementor-cta__bg-wrapper\">\n\t\t\t\t<div class=\"elementor-cta__bg elementor-bg\" style=\"background-image: url(https:\/\/moniberic.com\/wp-content\/uploads\/2022\/11\/Tienda-Moniberic.jpg);\" role=\"img\" aria-label=\"Tienda-Moniberic\"><\/div>\n\t\t\t\t<div class=\"elementor-cta__bg-overlay\"><\/div>\n\t\t\t<\/div>\n\t\t\t\t\t\t\t<div class=\"elementor-cta__content\">\n\t\t\t\t\n\t\t\t\t\t\t\t\t\t<h2 class=\"elementor-cta__title elementor-cta__content-item elementor-content-item\">\n\t\t\t\t\t\tMagasins ayant une tr\u00e8s bonne image de marque et de produit\t\t\t\t\t<\/h2>\n\t\t\t\t\n\t\t\t\t\t\t\t\t\t<div class=\"elementor-cta__description elementor-cta__content-item elementor-content-item\">\n\t\t\t\t\t\t<p>Une marque de jambon et de saucisse qui se distingue sur le march\u00e9 par sa haute qualit\u00e9 dans chaque cat\u00e9gorie et par d'excellentes conditions de vente et d'image.<\/p>\n\t\t\t\t\t<\/div>\n\t\t\t\t\n\t\t\t\t\t\t\t<\/div>\n\t\t\t\t\t\t<\/div>\n\t\t\t\t\t\t<\/div>\n\t\t\t\t<\/div>\n\t\t<div data-particle_enable=\"false\" data-particle-mobile-disabled=\"false\" class=\"elementor-element elementor-element-fd533ee e-con-full e-flex e-con e-parent\" data-id=\"fd533ee\" data-element_type=\"container\" data-e-type=\"container\">\n\t\t\t\t<div class=\"elementor-element elementor-element-1788cad elementor-cta--skin-classic elementor-animated-content elementor-bg-transform elementor-bg-transform-zoom-in elementor-widget elementor-widget-call-to-action\" data-id=\"1788cad\" data-element_type=\"widget\" data-e-type=\"widget\" data-widget_type=\"call-to-action.default\">\n\t\t\t\t\t\t\t<div class=\"elementor-cta\">\n\t\t\t\t\t<div class=\"elementor-cta__bg-wrapper\">\n\t\t\t\t<div class=\"elementor-cta__bg elementor-bg\" style=\"background-image: url(https:\/\/moniberic.com\/wp-content\/uploads\/2022\/11\/Secadero-Moniberic.jpg);\" role=\"img\" aria-label=\"Secadero-Moniberic\"><\/div>\n\t\t\t\t<div class=\"elementor-cta__bg-overlay\"><\/div>\n\t\t\t<\/div>\n\t\t\t\t\t\t\t<div class=\"elementor-cta__content\">\n\t\t\t\t\n\t\t\t\t\t\t\t\t\t<h2 class=\"elementor-cta__title elementor-cta__content-item elementor-content-item\">\n\t\t\t\t\t\tGestion et soutien de l'entrep\u00f4t\t\t\t\t\t<\/h2>\n\t\t\t\t\n\t\t\t\t\t\t\t\t\t<div class=\"elementor-cta__description elementor-cta__content-item elementor-content-item\">\n\t\t\t\t\t\t<p>Un point de vente qui b\u00e9n\u00e9ficie des m\u00eames conditions que n'importe quelle autre franchise Une m\u00e9thode de gestion \u00e9labor\u00e9e qui offre en d\u00e9tail tout le soutien et la formation n\u00e9cessaires \u00e0 votre \u00e9quipe.<\/p>\n\t\t\t\t\t<\/div>\n\t\t\t\t\n\t\t\t\t\t\t\t<\/div>\n\t\t\t\t\t\t<\/div>\n\t\t\t\t\t\t<\/div>\n\t\t\t\t<\/div>\n\t\t\t\t\t<\/div>\n\t\t\t\t<\/div>\n\t\t\t\t<\/div>\n\t\t","protected":false},"excerpt":{"rendered":"<p>Franchises Moniberic Un march\u00e9 en croissance et rentableavec un concept de magasin diff\u00e9renci\u00e9 Nous nous pr\u00e9sentons Cher investisseur,Avant de commencer, nous tenons \u00e0 vous remercier de l&rsquo;int\u00e9r\u00eat que vous portez \u00e0 notre franchise. Nous avons le plaisir de vous pr\u00e9senter notre concept de jambon sp\u00e9cialis\u00e9 et d&rsquo;autres produits ib\u00e9riques. moniberic est n\u00e9e il y a [&hellip;]<\/p>\n","protected":false},"author":1,"featured_media":0,"parent":0,"menu_order":0,"comment_status":"closed","ping_status":"closed","template":"elementor_header_footer","meta":{"footnotes":""},"class_list":["post-4848","page","type-page","status-publish","hentry"],"_links":{"self":[{"href":"https:\/\/moniberic.com\/fr\/wp-json\/wp\/v2\/pages\/4848","targetHints":{"allow":["GET"]}}],"collection":[{"href":"https:\/\/moniberic.com\/fr\/wp-json\/wp\/v2\/pages"}],"about":[{"href":"https:\/\/moniberic.com\/fr\/wp-json\/wp\/v2\/types\/page"}],"author":[{"embeddable":true,"href":"https:\/\/moniberic.com\/fr\/wp-json\/wp\/v2\/users\/1"}],"replies":[{"embeddable":true,"href":"https:\/\/moniberic.com\/fr\/wp-json\/wp\/v2\/comments?post=4848"}],"version-history":[{"count":0,"href":"https:\/\/moniberic.com\/fr\/wp-json\/wp\/v2\/pages\/4848\/revisions"}],"wp:attachment":[{"href":"https:\/\/moniberic.com\/fr\/wp-json\/wp\/v2\/media?parent=4848"}],"curies":[{"name":"wp","href":"https:\/\/api.w.org\/{rel}","templated":true}]}}