{"id":7900,"date":"2024-02-20T13:53:29","date_gmt":"2024-02-20T12:53:29","guid":{"rendered":"https:\/\/moniberic.com\/?post_type=product&#038;p=7900"},"modified":"2025-07-07T08:58:19","modified_gmt":"2025-07-07T07:58:19","slug":"acorn-fed-iberian-shoulder-50-iberian-breed-sliced-100g-2","status":"publish","type":"product","link":"https:\/\/moniberic.com\/en\/product\/acorn-fed-iberian-shoulder-50-iberian-breed-sliced-100g-2\/","title":{"rendered":"ACORN-FED IBERIAN SHOULDER 50% IBERIAN BREED SLICED 100g"},"content":{"rendered":"<p style=\"font-weight: 400;\">Sliced packet of 100 grams of Tom\u00e1s L\u00f3pez Iberian Acorn-fed Paleta de Bellota Ib\u00e9rica.<\/p>\n<p>Coming from the best pastures, the pig in our Acorn-fed Iberian Shoulder has fed freely on acorns, natural pastures and other foods from the ecosystem in which it lives. This translates into a top quality shoulder, in which every little detail has been treated with care to achieve one of the best Iberian shoulders on the market.<\/p>\n<p>As a result, we obtain an acorn-fed Iberian shoulder of the highest quality, with a lean marbling due to the high infiltration that is only present in the best Iberian pigs. This fact provides a unique juiciness in the mouth, stimulating all the senses. This variety has an intense and balanced flavor, accompanied by a slightly fibrous texture. One of the greatest jewels of gastronomy.<\/p>\n<h5>Brand<\/h5>\n<p><a href=\"https:\/\/www.jamonestomaslopez.com\/\"><img decoding=\"async\" class=\"alignnone size-full wp-image-1216\" src=\"https:\/\/moniberic.com\/wp-content\/uploads\/2022\/10\/LogoTL200.png\" alt=\"\" width=\"200\" height=\"87\"><\/a><\/p>\n<p>One of the most reputable brands in Iberian hams and sausages.<\/p>\n","protected":false},"excerpt":{"rendered":"<p><img fetchpriority=\"high\" decoding=\"async\" class=\"size-full wp-image-1061 aligncenter\" src=\"https:\/\/moniberic.com\/wp-content\/uploads\/2022\/11\/p-bellota-50.png\" alt=\"\" width=\"500\" height=\"101\" srcset=\"https:\/\/moniberic.com\/wp-content\/uploads\/2022\/11\/p-bellota-50.png 500w, https:\/\/moniberic.com\/wp-content\/uploads\/2022\/11\/p-bellota-50-300x61.png 300w\" sizes=\"(max-width: 500px) 100vw, 500px\" \/><\/p>\n<p>Coming from the best pastures, the pig in our Acorn-fed Iberian Shoulder has fed freely on acorns, natural pastures and other foods from the ecosystem in which it lives. This translates into a top quality shoulder, in which every little detail has been treated with care to achieve one of the best Iberian shoulders on the market.<\/p>\n","protected":false},"featured_media":11235,"template":"","meta":[],"product_brand":[],"product_cat":[492],"product_tag":[],"class_list":{"0":"post-7900","1":"product","2":"type-product","3":"status-publish","4":"has-post-thumbnail","6":"product_cat-sliced","8":"first","9":"instock","10":"taxable","11":"shipping-taxable","12":"purchasable","13":"product-type-simple"},"_links":{"self":[{"href":"https:\/\/moniberic.com\/en\/wp-json\/wp\/v2\/product\/7900","targetHints":{"allow":["GET"]}}],"collection":[{"href":"https:\/\/moniberic.com\/en\/wp-json\/wp\/v2\/product"}],"about":[{"href":"https:\/\/moniberic.com\/en\/wp-json\/wp\/v2\/types\/product"}],"wp:featuredmedia":[{"embeddable":true,"href":"https:\/\/moniberic.com\/en\/wp-json\/wp\/v2\/media\/11235"}],"wp:attachment":[{"href":"https:\/\/moniberic.com\/en\/wp-json\/wp\/v2\/media?parent=7900"}],"wp:term":[{"taxonomy":"product_brand","embeddable":true,"href":"https:\/\/moniberic.com\/en\/wp-json\/wp\/v2\/product_brand?post=7900"},{"taxonomy":"product_cat","embeddable":true,"href":"https:\/\/moniberic.com\/en\/wp-json\/wp\/v2\/product_cat?post=7900"},{"taxonomy":"product_tag","embeddable":true,"href":"https:\/\/moniberic.com\/en\/wp-json\/wp\/v2\/product_tag?post=7900"}],"curies":[{"name":"wp","href":"https:\/\/api.w.org\/{rel}","templated":true}]}}