{"id":5117,"date":"2023-09-27T06:16:38","date_gmt":"2023-09-27T05:16:38","guid":{"rendered":"https:\/\/moniberic.com\/?post_type=product&#038;p=5117"},"modified":"2025-04-10T09:10:15","modified_gmt":"2025-04-10T08:10:15","slug":"couteau-a-fromage-couteau-a-fromage","status":"publish","type":"product","link":"https:\/\/moniberic.com\/en\/product\/couteau-a-fromage-couteau-a-fromage\/","title":{"rendered":"COUTEAU \u00c0 FROMAGE couteau \u00e0 fromage"},"content":{"rendered":"<p>Poign\u00e9e ergonomique, confortable et s\u00fbre pour les activit\u00e9s naturelles.<\/p>\n<p>Ils sont fabriqu\u00e9s en polypropyl\u00e8ne inject\u00e9 (PP), un mat\u00e9riau plastique hygi\u00e9nique pr\u00e9sentant une bonne stabilit\u00e9 aux chocs, antid\u00e9rapant et r\u00e9sistant aux temp\u00e9ratures \u00e9lev\u00e9es (de 120\u00baC \u00e0 130\u00baC).<\/p>\n<p>Le lien entre le manche et la lame est permanent gr\u00e2ce au proc\u00e9d\u00e9 de moulage par injection qui permet de les assembler.<\/p>\n","protected":false},"excerpt":{"rendered":"<p>Con\u00e7u pour les professionnels.<\/p>\n<p>Couteau exclusif en acier inoxydable tr\u00e8s performant et durable.<\/p>\n","protected":false},"featured_media":5080,"template":"","meta":[],"product_brand":[],"product_cat":[243],"product_tag":[],"class_list":{"0":"post-5117","1":"product","2":"type-product","3":"status-publish","4":"has-post-thumbnail","6":"product_cat-accessories","8":"first","9":"instock","10":"taxable","11":"shipping-taxable","12":"purchasable","13":"product-type-simple"},"_links":{"self":[{"href":"https:\/\/moniberic.com\/en\/wp-json\/wp\/v2\/product\/5117","targetHints":{"allow":["GET"]}}],"collection":[{"href":"https:\/\/moniberic.com\/en\/wp-json\/wp\/v2\/product"}],"about":[{"href":"https:\/\/moniberic.com\/en\/wp-json\/wp\/v2\/types\/product"}],"wp:featuredmedia":[{"embeddable":true,"href":"https:\/\/moniberic.com\/en\/wp-json\/wp\/v2\/media\/5080"}],"wp:attachment":[{"href":"https:\/\/moniberic.com\/en\/wp-json\/wp\/v2\/media?parent=5117"}],"wp:term":[{"taxonomy":"product_brand","embeddable":true,"href":"https:\/\/moniberic.com\/en\/wp-json\/wp\/v2\/product_brand?post=5117"},{"taxonomy":"product_cat","embeddable":true,"href":"https:\/\/moniberic.com\/en\/wp-json\/wp\/v2\/product_cat?post=5117"},{"taxonomy":"product_tag","embeddable":true,"href":"https:\/\/moniberic.com\/en\/wp-json\/wp\/v2\/product_tag?post=5117"}],"curies":[{"name":"wp","href":"https:\/\/api.w.org\/{rel}","templated":true}]}}