{"id":10166,"date":"2025-03-28T08:18:02","date_gmt":"2025-03-28T07:18:02","guid":{"rendered":"https:\/\/moniberic.com\/producto\/davila-m-100-white\/"},"modified":"2025-03-28T08:18:02","modified_gmt":"2025-03-28T07:18:02","slug":"davila-m-100-white","status":"publish","type":"product","link":"https:\/\/moniberic.com\/en\/product\/davila-m-100-white\/","title":{"rendered":"DAVILA M-100 WHITE"},"content":{"rendered":"<h3>D.O. R\u00cdAS BAIXAS<\/h3>\n<p><strong style=\"font-size: 16px;\">STORE<\/strong>: <span style=\"font-size: 16px;\">Adegas Valmi\u00f1or<\/span><\/p>\n<p><strong>VARIETIES<\/strong>: Loureiro, Ca\u00ed\u00f1o Blanco and Albari\u00f1o<\/p>\n<p><strong>TASTING NOTES<\/strong>: A wine with a varietal character, smooth and consistent. Yellow color with golden highlights. Citrus notes of mandarin and grapefruit stand out, as well as stone fruits (apricot, peach) and white fruits (apple and pear). Notes of white flowers (chamomile and orange blossom) with light balsamic nuances and toasted notes. The palate is broad and intense, mineral, with a long, fresh and creamy finish.     <\/p>\n","protected":false},"excerpt":{"rendered":"<p>D.O. R\u00cdAS BAIXAS STORE: Adegas Valmi\u00f1or VARIETIES: Loureiro, Ca\u00ed\u00f1o Blanco and Albari\u00f1o TASTING NOTES: A wine with a varietal character, smooth and consistent. Yellow color with golden highlights. Citrus notes of mandarin and grapefruit stand out, as well as stone fruits (apricot, peach) and white fruits (apple and pear). Notes of white flowers (chamomile and [&hellip;]<\/p>\n","protected":false},"featured_media":9880,"template":"","meta":[],"product_brand":[],"product_cat":[172],"product_tag":[],"class_list":{"0":"post-10166","1":"product","2":"type-product","3":"status-publish","4":"has-post-thumbnail","6":"product_cat-wines-and-cavas","8":"first","9":"instock","10":"taxable","11":"shipping-taxable","12":"purchasable","13":"product-type-simple"},"_links":{"self":[{"href":"https:\/\/moniberic.com\/en\/wp-json\/wp\/v2\/product\/10166","targetHints":{"allow":["GET"]}}],"collection":[{"href":"https:\/\/moniberic.com\/en\/wp-json\/wp\/v2\/product"}],"about":[{"href":"https:\/\/moniberic.com\/en\/wp-json\/wp\/v2\/types\/product"}],"wp:featuredmedia":[{"embeddable":true,"href":"https:\/\/moniberic.com\/en\/wp-json\/wp\/v2\/media\/9880"}],"wp:attachment":[{"href":"https:\/\/moniberic.com\/en\/wp-json\/wp\/v2\/media?parent=10166"}],"wp:term":[{"taxonomy":"product_brand","embeddable":true,"href":"https:\/\/moniberic.com\/en\/wp-json\/wp\/v2\/product_brand?post=10166"},{"taxonomy":"product_cat","embeddable":true,"href":"https:\/\/moniberic.com\/en\/wp-json\/wp\/v2\/product_cat?post=10166"},{"taxonomy":"product_tag","embeddable":true,"href":"https:\/\/moniberic.com\/en\/wp-json\/wp\/v2\/product_tag?post=10166"}],"curies":[{"name":"wp","href":"https:\/\/api.w.org\/{rel}","templated":true}]}}