{"id":10076,"date":"2025-03-28T10:02:30","date_gmt":"2025-03-28T09:02:30","guid":{"rendered":"https:\/\/moniberic.com\/?post_type=product&#038;p=10076"},"modified":"2025-03-31T11:12:39","modified_gmt":"2025-03-31T10:12:39","slug":"cebo-de-campo-iberian-shoulder-50-iberian-breed-sliced-100g-copia-copia-copia-copia-copia","status":"publish","type":"product","link":"https:\/\/moniberic.com\/en\/product\/cebo-de-campo-iberian-shoulder-50-iberian-breed-sliced-100g-copia-copia-copia-copia-copia\/","title":{"rendered":"TOM\u00c1S L\u00d3PEZ 100% IBERIAN ACORN-FED LOIN 100G"},"content":{"rendered":"<p>100 gram sachet of 100% Iberian acorn-fed loin from Tom\u00e1s L\u00f3pez<\/p>\n<p><strong>100% Iberian Acorn-Fed Loin<\/strong> is a true culinary gem, made from purebred Iberian pigs raised free range and fed exclusively on acorns during the montanera period. This natural diet, combined with its upbringing in pastures, allows the meat to develop perfect fat infiltration, providing a juicy texture and a deep, unmistakable flavor.<\/p>\n<p>Its artisanal curing process, carried out in natural drying rooms for months, enhances its delicate aroma and sweet and spicy nuances. Deep red in color with shiny fat veins, this loin stands out for its softness in the mouth and its persistence on the palate. A 100% natural product with no additives, perfect for enjoying in thin slices and savoring the essence of the best Iberian tradition.<\/p>\n<h5>Brand<\/h5>\n<p><img decoding=\"async\" class=\"alignnone wp-image-1216\" src=\"https:\/\/moniberic.com\/wp-content\/uploads\/2022\/10\/LogoTL200.png\" alt=\"\" width=\"163\" height=\"71\"><\/p>\n<p>One of the most reputable brands in Iberian hams and sausages.<\/p>\n","protected":false},"excerpt":{"rendered":"<p>Our <strong>100% Tom\u00e1s L\u00f3pez Iberian acorn-fed loin <\/strong>comes from high-quality Iberian pigs.<\/p>\n","protected":false},"featured_media":10591,"template":"","meta":[],"product_brand":[],"product_cat":[492],"product_tag":[],"class_list":{"0":"post-10076","1":"product","2":"type-product","3":"status-publish","4":"has-post-thumbnail","6":"product_cat-sliced","8":"first","9":"instock","10":"taxable","11":"shipping-taxable","12":"purchasable","13":"product-type-simple"},"_links":{"self":[{"href":"https:\/\/moniberic.com\/en\/wp-json\/wp\/v2\/product\/10076","targetHints":{"allow":["GET"]}}],"collection":[{"href":"https:\/\/moniberic.com\/en\/wp-json\/wp\/v2\/product"}],"about":[{"href":"https:\/\/moniberic.com\/en\/wp-json\/wp\/v2\/types\/product"}],"wp:featuredmedia":[{"embeddable":true,"href":"https:\/\/moniberic.com\/en\/wp-json\/wp\/v2\/media\/10591"}],"wp:attachment":[{"href":"https:\/\/moniberic.com\/en\/wp-json\/wp\/v2\/media?parent=10076"}],"wp:term":[{"taxonomy":"product_brand","embeddable":true,"href":"https:\/\/moniberic.com\/en\/wp-json\/wp\/v2\/product_brand?post=10076"},{"taxonomy":"product_cat","embeddable":true,"href":"https:\/\/moniberic.com\/en\/wp-json\/wp\/v2\/product_cat?post=10076"},{"taxonomy":"product_tag","embeddable":true,"href":"https:\/\/moniberic.com\/en\/wp-json\/wp\/v2\/product_tag?post=10076"}],"curies":[{"name":"wp","href":"https:\/\/api.w.org\/{rel}","templated":true}]}}