{"id":10031,"date":"2025-03-28T09:45:29","date_gmt":"2025-03-28T08:45:29","guid":{"rendered":"https:\/\/moniberic.com\/?post_type=product&#038;p=10031"},"modified":"2025-12-17T08:48:02","modified_gmt":"2025-12-17T07:48:02","slug":"iberian-field-fed-loin-50-iberian-breed-tomas-lopez-100g","status":"publish","type":"product","link":"https:\/\/moniberic.com\/en\/product\/iberian-field-fed-loin-50-iberian-breed-tomas-lopez-100g\/","title":{"rendered":"IBERIAN FIELD-FED LOIN 50% IBERIAN BREED TOM\u00c1S L\u00d3PEZ 100g"},"content":{"rendered":"<p>100-gram sachet of Tom\u00e1s L\u00f3pez 50% Iberian breed Iberian field-fed loin<\/p>\n<p><strong>Sliced \u200b\u200b50% Iberian Breed field-fet Loin (100 g)<\/strong> is a select product that stands out for its intense flavor and perfect balance of lean meat and infiltrated fat. From free-range Iberian pigs fed a combination of natural farm resources and high-quality feed, this loin develops a tender and juicy texture.<\/p>\n<p>Its slow curing process in natural drying rooms enhances its aroma and nuances, offering a delicate flavor with light sweet and spicy notes. Sliced, it&#8217;s ideal for easy enjoyment, maintaining all its essence and quality in every bite. Perfect on its own or accompanied by bread and cheese, it&#8217;s a true gem of Iberian cuisine.<\/p>\n<h5>Brand<\/h5>\n<p><img decoding=\"async\" class=\"alignnone size-full wp-image-1216\" src=\"https:\/\/moniberic.com\/wp-content\/uploads\/2022\/10\/LogoTL200.png\" alt=\"\" width=\"200\" height=\"87\" \/><\/p>\n<p>One of the most reputable brands in Iberian hams and sausages.<\/p>\n","protected":false},"excerpt":{"rendered":"<p><img fetchpriority=\"high\" decoding=\"async\" class=\"size-full wp-image-1059 aligncenter\" src=\"https:\/\/moniberic.com\/wp-content\/uploads\/2022\/11\/p-campo-50.png\" alt=\"\" width=\"500\" height=\"101\" srcset=\"https:\/\/moniberic.com\/wp-content\/uploads\/2022\/11\/p-campo-50.png 500w, https:\/\/moniberic.com\/wp-content\/uploads\/2022\/11\/p-campo-50-300x61.png 300w\" sizes=\"(max-width: 500px) 100vw, 500px\" \/><\/p>\n<p>Our<strong> 50% Iberian breed Iberian field-fed loin <\/strong>comes from high-quality Iberian pigs. These animals are raised in open fields , where they can graze and exercise. This favors the infiltration of fat in the lean meat, making the meat juicier. Their diet is based on natural pastures and is complemented with top quality cereals.<\/p>\n","protected":false},"featured_media":11239,"template":"","meta":[],"product_brand":[],"product_cat":[492],"product_tag":[],"class_list":{"0":"post-10031","1":"product","2":"type-product","3":"status-publish","4":"has-post-thumbnail","6":"product_cat-sliced","8":"first","9":"instock","10":"taxable","11":"shipping-taxable","12":"purchasable","13":"product-type-simple"},"_links":{"self":[{"href":"https:\/\/moniberic.com\/en\/wp-json\/wp\/v2\/product\/10031","targetHints":{"allow":["GET"]}}],"collection":[{"href":"https:\/\/moniberic.com\/en\/wp-json\/wp\/v2\/product"}],"about":[{"href":"https:\/\/moniberic.com\/en\/wp-json\/wp\/v2\/types\/product"}],"wp:featuredmedia":[{"embeddable":true,"href":"https:\/\/moniberic.com\/en\/wp-json\/wp\/v2\/media\/11239"}],"wp:attachment":[{"href":"https:\/\/moniberic.com\/en\/wp-json\/wp\/v2\/media?parent=10031"}],"wp:term":[{"taxonomy":"product_brand","embeddable":true,"href":"https:\/\/moniberic.com\/en\/wp-json\/wp\/v2\/product_brand?post=10031"},{"taxonomy":"product_cat","embeddable":true,"href":"https:\/\/moniberic.com\/en\/wp-json\/wp\/v2\/product_cat?post=10031"},{"taxonomy":"product_tag","embeddable":true,"href":"https:\/\/moniberic.com\/en\/wp-json\/wp\/v2\/product_tag?post=10031"}],"curies":[{"name":"wp","href":"https:\/\/api.w.org\/{rel}","templated":true}]}}