{"id":10015,"date":"2025-03-28T09:39:52","date_gmt":"2025-03-28T08:39:52","guid":{"rendered":"https:\/\/moniberic.com\/?post_type=product&#038;p=10015"},"modified":"2025-04-14T10:18:36","modified_gmt":"2025-04-14T09:18:36","slug":"cebo-de-campo-iberian-shoulder-50-iberian-breed-sliced-100g-copia-2","status":"publish","type":"product","link":"https:\/\/moniberic.com\/en\/product\/cebo-de-campo-iberian-shoulder-50-iberian-breed-sliced-100g-copia-2\/","title":{"rendered":"TOM\u00c1S L\u00d3PEZ FARM SAUSAGE 100g"},"content":{"rendered":"<p>100 gram sachet of Tom\u00e1s L\u00f3pez country sausage<\/p>\n<p>The country sausage is a traditional sausage made with the finest lean pork, carefully selected and seasoned with a blend of spices that enhance its authentic flavor. Its slow, natural curing process allows it to develop a firm yet juicy texture, characteristic of this artisanal sausage. <\/p>\n<p>With an intense aroma and balanced flavor, highlighted by spicy and slightly smoky notes, Longaniza Pay\u00e9s is perfect for enjoying in thin slices or in larger bites that highlight its rustic character. Its combination of ingredients and traditional preparation make this product a must-have delicacy on any table. <\/p>\n<h5>Brand<\/h5>\n<p><img decoding=\"async\" class=\"alignnone size-full wp-image-1216\" src=\"https:\/\/moniberic.com\/wp-content\/uploads\/2022\/10\/LogoTL200.png\" alt=\"\" width=\"200\" height=\"87\"><\/p>\n<p>One of the most reputable brands in Iberian hams and sausages.<\/p>\n","protected":false},"excerpt":{"rendered":"<p><img fetchpriority=\"high\" decoding=\"async\" class=\"size-full wp-image-1059 aligncenter\" src=\"https:\/\/moniberic.com\/wp-content\/uploads\/2022\/11\/p-campo-50.png\" alt=\"\" width=\"500\" height=\"101\" srcset=\"https:\/\/moniberic.com\/wp-content\/uploads\/2022\/11\/p-campo-50.png 500w, https:\/\/moniberic.com\/wp-content\/uploads\/2022\/11\/p-campo-50-300x61.png 300w\" sizes=\"(max-width: 500px) 100vw, 500px\" \/><\/p>\n<p>Our <strong>country sausage<\/strong> comes from high-quality Iberian pigs. These animals are raised in open fields , where they can graze and exercise. This favors the infiltration of fat in the lean meat, making the meat juicier. Their diet is based on natural pastures and is complemented with top quality cereals.<\/p>\n","protected":false},"featured_media":10619,"template":"","meta":[],"product_brand":[],"product_cat":[492],"product_tag":[],"class_list":{"0":"post-10015","1":"product","2":"type-product","3":"status-publish","4":"has-post-thumbnail","6":"product_cat-sliced","8":"first","9":"instock","10":"taxable","11":"shipping-taxable","12":"purchasable","13":"product-type-simple"},"_links":{"self":[{"href":"https:\/\/moniberic.com\/en\/wp-json\/wp\/v2\/product\/10015","targetHints":{"allow":["GET"]}}],"collection":[{"href":"https:\/\/moniberic.com\/en\/wp-json\/wp\/v2\/product"}],"about":[{"href":"https:\/\/moniberic.com\/en\/wp-json\/wp\/v2\/types\/product"}],"wp:featuredmedia":[{"embeddable":true,"href":"https:\/\/moniberic.com\/en\/wp-json\/wp\/v2\/media\/10619"}],"wp:attachment":[{"href":"https:\/\/moniberic.com\/en\/wp-json\/wp\/v2\/media?parent=10015"}],"wp:term":[{"taxonomy":"product_brand","embeddable":true,"href":"https:\/\/moniberic.com\/en\/wp-json\/wp\/v2\/product_brand?post=10015"},{"taxonomy":"product_cat","embeddable":true,"href":"https:\/\/moniberic.com\/en\/wp-json\/wp\/v2\/product_cat?post=10015"},{"taxonomy":"product_tag","embeddable":true,"href":"https:\/\/moniberic.com\/en\/wp-json\/wp\/v2\/product_tag?post=10015"}],"curies":[{"name":"wp","href":"https:\/\/api.w.org\/{rel}","templated":true}]}}