{"id":9966,"date":"2025-03-28T09:23:39","date_gmt":"2025-03-28T08:23:39","guid":{"rendered":"https:\/\/moniberic.com\/?post_type=product&#038;p=9966"},"modified":"2025-03-31T11:31:00","modified_gmt":"2025-03-31T10:31:00","slug":"espatlla-cebo-iberica-50-raca-iberica-llescada-100g-copia","status":"publish","type":"product","link":"https:\/\/moniberic.com\/ca\/producte\/espatlla-cebo-iberica-50-raca-iberica-llescada-100g-copia\/","title":{"rendered":"PALETA DUROC TOM\u00c0S L\u00d3PEZ 100g"},"content":{"rendered":"<p>Sobre de llescat de 100 grams de Paleta Duroc Tom\u00e1s L\u00f3pez.<\/p>\n<p>La Paleta de Porc Duroc prov\u00e9 d&#8217;exemplars d&#8217;aquesta ra\u00e7a selecta, reconeguda per la seva infiltraci\u00f3 excel\u00b7lent de greix intramuscular, cosa que li confereix una textura sucosa i un sabor inconfusible. Aquests porcs es crien seguint una alimentaci\u00f3 equilibrada, basada en cereals i lleguminoses d&#8217;alta qualitat, cosa que garanteix un desenvolupament \u00f2ptim de la carn.<\/p>\n<p>El resultat \u00e9s una paleta amb un vetejat caracter\u00edstic, que aporta suavitat i untuositat a cada tall. El sabor \u00e9s delicat i lleugerament dol\u00e7, amb matisos intensos que la converteixen en una opci\u00f3 ideal per als amants del bon pernil. A m\u00e9s, la seva aroma suau i apetitosa potencia encara m\u00e9s l&#8217;experi\u00e8ncia gastron\u00f2mica, oferint un producte exquisit per gaudir-ne en qualsevol ocasi\u00f3.<\/p>\n<h5>Marca<\/h5>\n<p><img decoding=\"async\" class=\"alignnone size-full wp-image-1216\" src=\"https:\/\/moniberic.com\/wp-content\/uploads\/2022\/10\/LogoTL200.png\" alt=\"\" width=\"200\" height=\"87\"><\/p>\n<p>Una de les m\u00e9s prestigioses marques en Pernils i embotits Ib\u00e8rics.<\/p>\n","protected":false},"excerpt":{"rendered":"<p>La nostra <strong>paleta duroc Tom\u00e1s L\u00f3pez<\/strong> posseeix una textura saborosa, equilibrada, suau i vellutada, prov\u00e9 dels porcs duroc de primera qualitat.<\/p>\n","protected":false},"featured_media":10634,"template":"","meta":[],"product_brand":[],"product_cat":[488],"product_tag":[],"class_list":{"0":"post-9966","1":"product","2":"type-product","3":"status-publish","4":"has-post-thumbnail","6":"product_cat-llescat","8":"first","9":"instock","10":"taxable","11":"shipping-taxable","12":"purchasable","13":"product-type-simple"},"_links":{"self":[{"href":"https:\/\/moniberic.com\/ca\/wp-json\/wp\/v2\/product\/9966","targetHints":{"allow":["GET"]}}],"collection":[{"href":"https:\/\/moniberic.com\/ca\/wp-json\/wp\/v2\/product"}],"about":[{"href":"https:\/\/moniberic.com\/ca\/wp-json\/wp\/v2\/types\/product"}],"wp:featuredmedia":[{"embeddable":true,"href":"https:\/\/moniberic.com\/ca\/wp-json\/wp\/v2\/media\/10634"}],"wp:attachment":[{"href":"https:\/\/moniberic.com\/ca\/wp-json\/wp\/v2\/media?parent=9966"}],"wp:term":[{"taxonomy":"product_brand","embeddable":true,"href":"https:\/\/moniberic.com\/ca\/wp-json\/wp\/v2\/product_brand?post=9966"},{"taxonomy":"product_cat","embeddable":true,"href":"https:\/\/moniberic.com\/ca\/wp-json\/wp\/v2\/product_cat?post=9966"},{"taxonomy":"product_tag","embeddable":true,"href":"https:\/\/moniberic.com\/ca\/wp-json\/wp\/v2\/product_tag?post=9966"}],"curies":[{"name":"wp","href":"https:\/\/api.w.org\/{rel}","templated":true}]}}