{"id":9690,"date":"2025-03-27T10:01:24","date_gmt":"2025-03-27T09:01:24","guid":{"rendered":"https:\/\/moniberic.com\/?post_type=product&#038;p=9690"},"modified":"2025-03-28T11:45:48","modified_gmt":"2025-03-28T10:45:48","slug":"jose-pariente-sauvingnon-copia","status":"publish","type":"product","link":"https:\/\/moniberic.com\/ca\/producte\/jose-pariente-sauvingnon-copia\/","title":{"rendered":"CAVA GRAMONA III LUSTROS"},"content":{"rendered":"<h3>D.O.P. CORPINNAT<\/h3>\n<p><strong>BODEGA<\/strong>: Gramona<\/p>\n<p><strong>VARIETATS<\/strong>: 70% Xarel\u00b7lo, 30% Macabeo.<\/p>\n<p><strong>CATA<\/strong>: Sense sucres afegits. De color groc palla amb reflexes verdosos. Al nas mostra una gran paleta arom\u00e0tica, amb marcades notes de crian\u00e7a (fumats i torrats), flors i nou sobre un fons de mantega, caramel de caf\u00e8 i records de figues seques. A la boca \u00e9s suau al tacte, amb una entrada fina de la bombolla, notes de gran maduresa i records a dol\u00e7 de llet, pa de pinyons i pastisseria. Embolica b\u00e9 la boca, tacte molt crem\u00f3s de l&#8217;escuma i carb\u00f2nic ben modulat.    <\/p>\n","protected":false},"excerpt":{"rendered":"<p>D.O.P. CORPINNAT BODEGA: Gramona VARIETATS: 70% Xarel\u00b7lo, 30% Macabeo. CATA: Sense sucres afegits. De color groc palla amb reflexes verdosos. Al nas mostra una gran paleta arom\u00e0tica, amb marcades notes de crian\u00e7a (fumats i torrats), flors i nou sobre un fons de mantega, caramel de caf\u00e8 i records de figues seques. A la boca \u00e9s [&hellip;]<\/p>\n","protected":false},"featured_media":9694,"template":"","meta":[],"product_brand":[],"product_cat":[100],"product_tag":[],"class_list":{"0":"post-9690","1":"product","2":"type-product","3":"status-publish","4":"has-post-thumbnail","6":"product_cat-vins-i-caves","8":"first","9":"instock","10":"taxable","11":"shipping-taxable","12":"purchasable","13":"product-type-simple"},"_links":{"self":[{"href":"https:\/\/moniberic.com\/ca\/wp-json\/wp\/v2\/product\/9690","targetHints":{"allow":["GET"]}}],"collection":[{"href":"https:\/\/moniberic.com\/ca\/wp-json\/wp\/v2\/product"}],"about":[{"href":"https:\/\/moniberic.com\/ca\/wp-json\/wp\/v2\/types\/product"}],"wp:featuredmedia":[{"embeddable":true,"href":"https:\/\/moniberic.com\/ca\/wp-json\/wp\/v2\/media\/9694"}],"wp:attachment":[{"href":"https:\/\/moniberic.com\/ca\/wp-json\/wp\/v2\/media?parent=9690"}],"wp:term":[{"taxonomy":"product_brand","embeddable":true,"href":"https:\/\/moniberic.com\/ca\/wp-json\/wp\/v2\/product_brand?post=9690"},{"taxonomy":"product_cat","embeddable":true,"href":"https:\/\/moniberic.com\/ca\/wp-json\/wp\/v2\/product_cat?post=9690"},{"taxonomy":"product_tag","embeddable":true,"href":"https:\/\/moniberic.com\/ca\/wp-json\/wp\/v2\/product_tag?post=9690"}],"curies":[{"name":"wp","href":"https:\/\/api.w.org\/{rel}","templated":true}]}}