{"id":8398,"date":"2024-08-09T11:49:42","date_gmt":"2024-08-09T10:49:42","guid":{"rendered":"https:\/\/moniberic.com\/?post_type=product&#038;p=8398"},"modified":"2025-12-17T08:41:14","modified_gmt":"2025-12-17T07:41:14","slug":"xorico-iberic-vela","status":"publish","type":"product","link":"https:\/\/moniberic.com\/ca\/producte\/xorico-iberic-vela\/","title":{"rendered":"XORI\u00c7O IB\u00c8RIC VELA"},"content":{"rendered":"<div>\n<p class=\"Cuerpo\">El Xori\u00e7o ib\u00e8ric vela Tom\u00e1s L\u00f3pez s&#8217;elabora a partir de carns ib\u00e8riques embotides en budell natural, amb un suau adob de pebre vermell Curat lentament aconseguint una agradable aroma, una \u00f2ptima textura i un sabor \u00fanic.<\/p>\n<p>Presentaci\u00f3: Llescat en sobre de 100 grams.<\/p>\n<\/div>\n<p><strong>Marca<\/strong><\/p>\n<p><img decoding=\"async\" class=\"alignnone wp-image-1216\" src=\"https:\/\/moniberic.com\/wp-content\/uploads\/2022\/10\/LogoTL200.png\" alt=\"\" width=\"124\" height=\"54\" \/><\/p>\n","protected":false},"excerpt":{"rendered":"<p>El nostre xori\u00e7o ib\u00e8ric cular Tom\u00e1s L\u00f3pez s&#8217;eslabora a partir de carns ib\u00e8riques..<\/p>\n","protected":false},"featured_media":11242,"template":"","meta":[],"product_brand":[],"product_cat":[488],"product_tag":[501,503,505,502,500,504],"class_list":{"0":"post-8398","1":"product","2":"type-product","3":"status-publish","4":"has-post-thumbnail","6":"product_cat-llescat","7":"product_tag-embotit-iberic","8":"product_tag-embotit-llest-per-menjar","9":"product_tag-iberic","10":"product_tag-llescat","11":"product_tag-xorico","12":"product_tag-xorico-iberic","14":"first","15":"instock","16":"taxable","17":"shipping-taxable","18":"purchasable","19":"product-type-simple"},"_links":{"self":[{"href":"https:\/\/moniberic.com\/ca\/wp-json\/wp\/v2\/product\/8398","targetHints":{"allow":["GET"]}}],"collection":[{"href":"https:\/\/moniberic.com\/ca\/wp-json\/wp\/v2\/product"}],"about":[{"href":"https:\/\/moniberic.com\/ca\/wp-json\/wp\/v2\/types\/product"}],"wp:featuredmedia":[{"embeddable":true,"href":"https:\/\/moniberic.com\/ca\/wp-json\/wp\/v2\/media\/11242"}],"wp:attachment":[{"href":"https:\/\/moniberic.com\/ca\/wp-json\/wp\/v2\/media?parent=8398"}],"wp:term":[{"taxonomy":"product_brand","embeddable":true,"href":"https:\/\/moniberic.com\/ca\/wp-json\/wp\/v2\/product_brand?post=8398"},{"taxonomy":"product_cat","embeddable":true,"href":"https:\/\/moniberic.com\/ca\/wp-json\/wp\/v2\/product_cat?post=8398"},{"taxonomy":"product_tag","embeddable":true,"href":"https:\/\/moniberic.com\/ca\/wp-json\/wp\/v2\/product_tag?post=8398"}],"curies":[{"name":"wp","href":"https:\/\/api.w.org\/{rel}","templated":true}]}}