{"id":8187,"date":"2024-04-10T06:03:26","date_gmt":"2024-04-10T05:03:26","guid":{"rendered":"https:\/\/moniberic.com\/?post_type=product&#038;p=8187"},"modified":"2025-05-05T10:19:45","modified_gmt":"2025-05-05T09:19:45","slug":"pack-100-iberic-1-copia","status":"publish","type":"product","link":"https:\/\/moniberic.com\/ca\/producte\/pack-100-iberic-1-copia\/","title":{"rendered":"Pack 100% Ib\u00e8ric 2"},"content":{"rendered":"<p>Us presentem una selecci\u00f3 dels millors productes.<\/p>\n<p>Amb aquest pack , pots gaudir de:<\/p>\n<ul>\n<li>3 Sobres de Espatlla de Bellota 100% Ib\u00e8rica Tom\u00e1s L\u00f3pez 100g<\/li>\n<li>2 Sobres de Llom de Bellota 100% Ib\u00e8ric Tom\u00e1s L\u00f3pez 100g<\/li>\n<li>2 Sobres de Xori\u00e7 de Bellota 100% Ib\u00e8ric Sierra Mayor 100g<\/li>\n<li>Porci\u00f3 de formatge ovella semicurat La Antigua Queser\u00eda 250 g aprox.<\/li>\n<li>Porci\u00f3 de formatge ovella curat La Antigua Queser\u00eda 250 g aprox<\/li>\n<li>Porci\u00f3 de formatge ovella artes\u00e0 La Antigua Queser\u00eda 250 g aprox<\/li>\n<li>Bolsa de pics campers 300 g<\/li>\n<\/ul>\n<p>Marques<\/p>\n<p><img decoding=\"async\" class=\"alignnone wp-image-1216\" src=\"https:\/\/moniberic.com\/wp-content\/uploads\/2022\/10\/LogoTL200.png\" alt=\"\" width=\"163\" height=\"71\"><\/p>\n<p><img decoding=\"async\" class=\"alignnone wp-image-8119\" src=\"https:\/\/moniberic.com\/wp-content\/uploads\/2024\/04\/LA-ANTIGUA-QUESERIA.jpeg\" alt=\"\" width=\"109\" height=\"103\"><\/p>\n","protected":false},"excerpt":{"rendered":"<p>Us presentem el nostre pack ib\u00e8ric, hem fet una selecci\u00f3 de productes de primera qualitat.<\/p>\n<p>&nbsp;<\/p>\n","protected":false},"featured_media":10654,"template":"","meta":[],"product_brand":[],"product_cat":[488,442],"product_tag":[464,463,462,444,443],"class_list":{"0":"post-8187","1":"product","2":"type-product","3":"status-publish","4":"has-post-thumbnail","6":"product_cat-llescat","7":"product_cat-packs-ca","8":"product_tag-espatlla-bellota-100-iberic","9":"product_tag-pack-bellota-ca","10":"product_tag-pack-bellota-100-iberic","11":"product_tag-pack-estalvi","12":"product_tag-pack-iberic","14":"first","15":"instock","16":"taxable","17":"shipping-taxable","18":"purchasable","19":"product-type-simple"},"_links":{"self":[{"href":"https:\/\/moniberic.com\/ca\/wp-json\/wp\/v2\/product\/8187","targetHints":{"allow":["GET"]}}],"collection":[{"href":"https:\/\/moniberic.com\/ca\/wp-json\/wp\/v2\/product"}],"about":[{"href":"https:\/\/moniberic.com\/ca\/wp-json\/wp\/v2\/types\/product"}],"wp:featuredmedia":[{"embeddable":true,"href":"https:\/\/moniberic.com\/ca\/wp-json\/wp\/v2\/media\/10654"}],"wp:attachment":[{"href":"https:\/\/moniberic.com\/ca\/wp-json\/wp\/v2\/media?parent=8187"}],"wp:term":[{"taxonomy":"product_brand","embeddable":true,"href":"https:\/\/moniberic.com\/ca\/wp-json\/wp\/v2\/product_brand?post=8187"},{"taxonomy":"product_cat","embeddable":true,"href":"https:\/\/moniberic.com\/ca\/wp-json\/wp\/v2\/product_cat?post=8187"},{"taxonomy":"product_tag","embeddable":true,"href":"https:\/\/moniberic.com\/ca\/wp-json\/wp\/v2\/product_tag?post=8187"}],"curies":[{"name":"wp","href":"https:\/\/api.w.org\/{rel}","templated":true}]}}