{"id":8175,"date":"2024-04-08T09:31:04","date_gmt":"2024-04-08T08:31:04","guid":{"rendered":"https:\/\/moniberic.com\/?post_type=product&#038;p=8175"},"modified":"2025-05-05T07:23:28","modified_gmt":"2025-05-05T06:23:28","slug":"pack-iberic-1-copia","status":"publish","type":"product","link":"https:\/\/moniberic.com\/ca\/producte\/pack-iberic-1-copia\/","title":{"rendered":"Pack 100% Ib\u00e8ric 1"},"content":{"rendered":"<p>Us presentem una selecci\u00f3 dels millors productes.<\/p>\n<p>Amb aquest pack , pots gaudir de:<\/p>\n<ul>\n<li>3 Sobres de Espatlla de Bellota 100% Ib\u00e8rica Tom\u00e1s L\u00f3pez 100g<\/li>\n<li>2 Sobres de Llom de Bellota 100% Ib\u00e8ric Tom\u00e1s L\u00f3pez 100g<\/li>\n<li>2 Sobres de Xori\u00e7 de Bellota 100% Ib\u00e8ric Sierra Mayor 100g<\/li>\n<\/ul>\n<p>Marques<\/p>\n<p><img decoding=\"async\" class=\"alignnone wp-image-1216\" src=\"https:\/\/moniberic.com\/wp-content\/uploads\/2022\/10\/LogoTL200.png\" alt=\"\" width=\"163\" height=\"71\"><\/p>\n<p>&nbsp;<\/p>\n","protected":false},"excerpt":{"rendered":"<p>Us presentem el nostre pack ib\u00e8ric, hem fet una selecci\u00f3 de productes de primera qualitat.<\/p>\n<p>&nbsp;<\/p>\n","protected":false},"featured_media":10658,"template":"","meta":[],"product_brand":[],"product_cat":[488,442],"product_tag":[464,463,462,444,443],"class_list":{"0":"post-8175","1":"product","2":"type-product","3":"status-publish","4":"has-post-thumbnail","6":"product_cat-llescat","7":"product_cat-packs-ca","8":"product_tag-espatlla-bellota-100-iberic","9":"product_tag-pack-bellota-ca","10":"product_tag-pack-bellota-100-iberic","11":"product_tag-pack-estalvi","12":"product_tag-pack-iberic","14":"first","15":"instock","16":"taxable","17":"shipping-taxable","18":"purchasable","19":"product-type-simple"},"_links":{"self":[{"href":"https:\/\/moniberic.com\/ca\/wp-json\/wp\/v2\/product\/8175","targetHints":{"allow":["GET"]}}],"collection":[{"href":"https:\/\/moniberic.com\/ca\/wp-json\/wp\/v2\/product"}],"about":[{"href":"https:\/\/moniberic.com\/ca\/wp-json\/wp\/v2\/types\/product"}],"wp:featuredmedia":[{"embeddable":true,"href":"https:\/\/moniberic.com\/ca\/wp-json\/wp\/v2\/media\/10658"}],"wp:attachment":[{"href":"https:\/\/moniberic.com\/ca\/wp-json\/wp\/v2\/media?parent=8175"}],"wp:term":[{"taxonomy":"product_brand","embeddable":true,"href":"https:\/\/moniberic.com\/ca\/wp-json\/wp\/v2\/product_brand?post=8175"},{"taxonomy":"product_cat","embeddable":true,"href":"https:\/\/moniberic.com\/ca\/wp-json\/wp\/v2\/product_cat?post=8175"},{"taxonomy":"product_tag","embeddable":true,"href":"https:\/\/moniberic.com\/ca\/wp-json\/wp\/v2\/product_tag?post=8175"}],"curies":[{"name":"wp","href":"https:\/\/api.w.org\/{rel}","templated":true}]}}