{"id":8171,"date":"2024-04-08T06:24:01","date_gmt":"2024-04-08T05:24:01","guid":{"rendered":"https:\/\/moniberic.com\/?post_type=product&#038;p=8171"},"modified":"2025-11-21T11:41:09","modified_gmt":"2025-11-21T10:41:09","slug":"pack-iberic-camp-2-copia","status":"publish","type":"product","link":"https:\/\/moniberic.com\/ca\/producte\/pack-iberic-camp-2-copia\/","title":{"rendered":"Pack Ib\u00e8ric Mix Camp Gla"},"content":{"rendered":"<p>Us presentem una selecci\u00f3 dels millors productes.<\/p>\n<p>Amb aquest pack , pots gaudir de:<\/p>\n<ul>\n<li>2 Sobres de Paleta de Cebo de Campo Ib\u00e9rica Tom\u00e1s L\u00f3pez 100g<\/li>\n<li>2 Sobres de Paleta de Bellota Ib\u00e8rica Tom\u00e1s L\u00f3pez 100g<\/li>\n<li> Sobre de Llom Cebo de Camp Ib\u00e8ric Tom\u00e1s L\u00f3pez 100g<\/li>\n<li> Sobre de Llom Bellota 100% Ib\u00e8ric Tom\u00e1s L\u00f3pez 100g<\/li>\n<li>Sobre de Llonganissa de Pag\u00e8s Tom\u00e1s L\u00f3pez 100 g<\/li>\n<li>Sobre de Xori\u00e7 Ib\u00e8ric Vela Tom\u00e1s L\u00f3pez 100g<\/li>\n<li>Porci\u00f3 de formatge ovella semicurat La Antigua Queser\u00eda 250 g aprox.<\/li>\n<li>Bossa de &#8220;picos camperos&#8221; 300 g<\/li>\n<\/ul>\n<p>Marques<\/p>\n<p><img decoding=\"async\" class=\"alignnone wp-image-1216\" src=\"https:\/\/moniberic.com\/wp-content\/uploads\/2022\/10\/LogoTL200.png\" alt=\"\" width=\"163\" height=\"71\"><\/p>\n<p><img decoding=\"async\" class=\"alignnone wp-image-8119\" src=\"https:\/\/moniberic.com\/wp-content\/uploads\/2024\/04\/LA-ANTIGUA-QUESERIA.jpeg\" alt=\"\" width=\"80\" height=\"75\"><\/p>\n","protected":false},"excerpt":{"rendered":"<p>Us presentem el nostre pack ib\u00e8ric, hem fet una selecci\u00f3 de productes de primera qualitat.<\/p>\n<p>&nbsp;<\/p>\n","protected":false},"featured_media":10675,"template":"","meta":[],"product_brand":[],"product_cat":[488,442],"product_tag":[444,443],"class_list":{"0":"post-8171","1":"product","2":"type-product","3":"status-publish","4":"has-post-thumbnail","6":"product_cat-llescat","7":"product_cat-packs-ca","8":"product_tag-pack-estalvi","9":"product_tag-pack-iberic","11":"first","12":"instock","13":"taxable","14":"shipping-taxable","15":"purchasable","16":"product-type-simple"},"_links":{"self":[{"href":"https:\/\/moniberic.com\/ca\/wp-json\/wp\/v2\/product\/8171","targetHints":{"allow":["GET"]}}],"collection":[{"href":"https:\/\/moniberic.com\/ca\/wp-json\/wp\/v2\/product"}],"about":[{"href":"https:\/\/moniberic.com\/ca\/wp-json\/wp\/v2\/types\/product"}],"wp:featuredmedia":[{"embeddable":true,"href":"https:\/\/moniberic.com\/ca\/wp-json\/wp\/v2\/media\/10675"}],"wp:attachment":[{"href":"https:\/\/moniberic.com\/ca\/wp-json\/wp\/v2\/media?parent=8171"}],"wp:term":[{"taxonomy":"product_brand","embeddable":true,"href":"https:\/\/moniberic.com\/ca\/wp-json\/wp\/v2\/product_brand?post=8171"},{"taxonomy":"product_cat","embeddable":true,"href":"https:\/\/moniberic.com\/ca\/wp-json\/wp\/v2\/product_cat?post=8171"},{"taxonomy":"product_tag","embeddable":true,"href":"https:\/\/moniberic.com\/ca\/wp-json\/wp\/v2\/product_tag?post=8171"}],"curies":[{"name":"wp","href":"https:\/\/api.w.org\/{rel}","templated":true}]}}