{"id":8167,"date":"2024-04-10T11:55:57","date_gmt":"2024-04-10T10:55:57","guid":{"rendered":"https:\/\/moniberic.com\/?post_type=product&#038;p=8167"},"modified":"2025-07-07T08:52:01","modified_gmt":"2025-07-07T07:52:01","slug":"pack-iberic-camp-1","status":"publish","type":"product","link":"https:\/\/moniberic.com\/ca\/producte\/pack-iberic-camp-1\/","title":{"rendered":"Pack Ib\u00e8ric Camp 1"},"content":{"rendered":"<p>Us presentem una selecci\u00f3 dels millors productes.<\/p>\n<p>Amb aquest pack , pots gaudir de:<\/p>\n<ul>\n<li>Sobre de Espatlla de Cebo de Camp Ib\u00e8rica Tom\u00e1s L\u00f3pez 100g<\/li>\n<li>Sobre de Llom Cebo de Camp Ib\u00e8ric Tom\u00e1s L\u00f3pez 100g<\/li>\n<li>Sobre de Llonganissa de Pag\u00e8s Tom\u00e1s L\u00f3pez 100 g<\/li>\n<li>Sobre de Xori\u00e7 Ib\u00e8ric Vela Tom\u00e1s L\u00f3pez 100g<\/li>\n<li>Porci\u00f3 de formatge ovella semicurat La Antigua Queser\u00eda 250 g aprox.<\/li>\n<li>Bossa de becs campers 180 g<\/li>\n<\/ul>\n<p>Marques<\/p>\n<p><img decoding=\"async\" class=\"alignnone wp-image-1216\" src=\"https:\/\/moniberic.com\/wp-content\/uploads\/2022\/10\/LogoTL200.png\" alt=\"\" width=\"163\" height=\"71\"><\/p>\n<p><img decoding=\"async\" class=\"alignnone wp-image-8119\" src=\"https:\/\/moniberic.com\/wp-content\/uploads\/2024\/04\/LA-ANTIGUA-QUESERIA.jpeg\" alt=\"\" width=\"80\" height=\"75\"><\/p>\n","protected":false},"excerpt":{"rendered":"<p>Us presentem el nostre pack ib\u00e8ric, hem fet una selecci\u00f3 de productes de primera qualitat.<\/p>\n<p>&nbsp;<\/p>\n","protected":false},"featured_media":10663,"template":"","meta":[],"product_brand":[],"product_cat":[488,442],"product_tag":[454,453,444,443],"class_list":{"0":"post-8167","1":"product","2":"type-product","3":"status-publish","4":"has-post-thumbnail","6":"product_cat-llescat","7":"product_cat-packs-ca","8":"product_tag-espatlla-cebo-de-camp","9":"product_tag-pack-cebo-de-camp","10":"product_tag-pack-estalvi","11":"product_tag-pack-iberic","13":"first","14":"instock","15":"taxable","16":"shipping-taxable","17":"purchasable","18":"product-type-simple"},"_links":{"self":[{"href":"https:\/\/moniberic.com\/ca\/wp-json\/wp\/v2\/product\/8167","targetHints":{"allow":["GET"]}}],"collection":[{"href":"https:\/\/moniberic.com\/ca\/wp-json\/wp\/v2\/product"}],"about":[{"href":"https:\/\/moniberic.com\/ca\/wp-json\/wp\/v2\/types\/product"}],"wp:featuredmedia":[{"embeddable":true,"href":"https:\/\/moniberic.com\/ca\/wp-json\/wp\/v2\/media\/10663"}],"wp:attachment":[{"href":"https:\/\/moniberic.com\/ca\/wp-json\/wp\/v2\/media?parent=8167"}],"wp:term":[{"taxonomy":"product_brand","embeddable":true,"href":"https:\/\/moniberic.com\/ca\/wp-json\/wp\/v2\/product_brand?post=8167"},{"taxonomy":"product_cat","embeddable":true,"href":"https:\/\/moniberic.com\/ca\/wp-json\/wp\/v2\/product_cat?post=8167"},{"taxonomy":"product_tag","embeddable":true,"href":"https:\/\/moniberic.com\/ca\/wp-json\/wp\/v2\/product_tag?post=8167"}],"curies":[{"name":"wp","href":"https:\/\/api.w.org\/{rel}","templated":true}]}}