{"id":8006,"date":"2024-03-27T10:14:33","date_gmt":"2024-03-27T09:14:33","guid":{"rendered":"https:\/\/moniberic.com\/?post_type=product&#038;p=8006"},"modified":"2025-07-23T09:29:45","modified_gmt":"2025-07-23T08:29:45","slug":"pernil-cebo-iberic-50-raca-iberica-copia","status":"publish","type":"product","link":"https:\/\/moniberic.com\/ca\/producte\/pernil-cebo-iberic-50-raca-iberica-copia\/","title":{"rendered":"PERNIL PLATA"},"content":{"rendered":"<p>El Pernil Plata s&#8217;obt\u00e9 dels millors porcs , que durant tota la seva vida, des del seu naixement fins al seu sacrifici, reben una alimentaci\u00f3 basada exclusivament en cereals i lleguminoses de primera qualitat.<\/p>\n<p>Donant lloc a un pernil reixat a causa de la infiltraci\u00f3 de greix intramuscular, la qual cosa \u00e9s sin\u00f2nim de qualitat, ja que aporta sucul\u00e8ncia i textura a la pe\u00e7a. Pel que fa al sabor, aquest \u00e9s equilibrat, suau i vellutat. T\u00e9 una suau aroma que, juntament amb totes les altres caracter\u00edstiques, ens far\u00e0 gaudir d&#8217;aquest producte al m\u00e0xim nivell.<\/p>\n<h5>Marca<\/h5>\n<p><img decoding=\"async\" class=\"alignnone size-full wp-image-1216\" src=\"https:\/\/moniberic.com\/wp-content\/uploads\/2022\/10\/LogoTL200.png\" alt=\"\" width=\"200\" height=\"87\"><\/p>\n<p>Una de les m\u00e9s prestigioses marques en Pernils i embotits Ib\u00e8rics.<\/p>\n","protected":false},"excerpt":{"rendered":"<p><img decoding=\"async\" class=\"alignnone wp-image-8030\" src=\"https:\/\/moniberic.com\/wp-content\/uploads\/2024\/03\/jamon-plata-1-300x66.jpg\" alt=\"\" width=\"400\" height=\"88\" srcset=\"https:\/\/moniberic.com\/wp-content\/uploads\/2024\/03\/jamon-plata-1-300x66.jpg 300w, https:\/\/moniberic.com\/wp-content\/uploads\/2024\/03\/jamon-plata-1-768x169.jpg 768w, https:\/\/moniberic.com\/wp-content\/uploads\/2024\/03\/jamon-plata-1-600x132.jpg 600w, https:\/\/moniberic.com\/wp-content\/uploads\/2024\/03\/jamon-plata-1.jpg 975w\" sizes=\"(max-width: 400px) 100vw, 400px\" \/><\/p>\n<p>El <strong>Pernil Plata<\/strong> s&#8217;obt\u00e9 dels millors porcs , que durant tota la seva vida, des del seu naixement fins al seu sacrifici, reben una alimentaci\u00f3 basada exclusivament en cereals i lleguminoses de primera qualitat.<\/p>\n","protected":false},"featured_media":8443,"template":"","meta":[],"product_brand":[],"product_cat":[158],"product_tag":[],"class_list":{"0":"post-8006","1":"product","2":"type-product","3":"status-publish","4":"has-post-thumbnail","6":"product_cat-pernil","8":"first","9":"instock","10":"taxable","11":"shipping-taxable","12":"purchasable","13":"product-type-variable"},"_links":{"self":[{"href":"https:\/\/moniberic.com\/ca\/wp-json\/wp\/v2\/product\/8006","targetHints":{"allow":["GET"]}}],"collection":[{"href":"https:\/\/moniberic.com\/ca\/wp-json\/wp\/v2\/product"}],"about":[{"href":"https:\/\/moniberic.com\/ca\/wp-json\/wp\/v2\/types\/product"}],"wp:featuredmedia":[{"embeddable":true,"href":"https:\/\/moniberic.com\/ca\/wp-json\/wp\/v2\/media\/8443"}],"wp:attachment":[{"href":"https:\/\/moniberic.com\/ca\/wp-json\/wp\/v2\/media?parent=8006"}],"wp:term":[{"taxonomy":"product_brand","embeddable":true,"href":"https:\/\/moniberic.com\/ca\/wp-json\/wp\/v2\/product_brand?post=8006"},{"taxonomy":"product_cat","embeddable":true,"href":"https:\/\/moniberic.com\/ca\/wp-json\/wp\/v2\/product_cat?post=8006"},{"taxonomy":"product_tag","embeddable":true,"href":"https:\/\/moniberic.com\/ca\/wp-json\/wp\/v2\/product_tag?post=8006"}],"curies":[{"name":"wp","href":"https:\/\/api.w.org\/{rel}","templated":true}]}}