{"id":7899,"date":"2024-02-20T13:53:29","date_gmt":"2024-02-20T12:53:29","guid":{"rendered":"https:\/\/moniberic.com\/?post_type=product&#038;p=7899"},"modified":"2025-07-07T08:58:20","modified_gmt":"2025-07-07T07:58:20","slug":"espatlla-bellota-iberica-50-raca-iberica-llescada-100g-2","status":"publish","type":"product","link":"https:\/\/moniberic.com\/ca\/producte\/espatlla-bellota-iberica-50-raca-iberica-llescada-100g-2\/","title":{"rendered":"ESPATLLA BELLOTA IB\u00c8RICA 50% RA\u00c7A IB\u00c8RICA LLESCADA 100g"},"content":{"rendered":"<p style=\"font-weight: 400;\">Sobre de llescat de 100 grams de Espatlla de Bellota Ib\u00e8rica Tom\u00e1s L\u00f3pez.<\/p>\n<p>Procedent de les millors deveses, el porc de la nostra Paleta de Bellota Ib\u00e8rica s&#8217;ha alimentat en llibertat de glans, pastures naturals i altres aliments de l&#8217;ecosistema en el qual habita. Aix\u00f2 es tradueix en una espatlla de m\u00e0xima qualitat, en la qual qualsevol m\u00ednim detall ha estat tractat amb manyaga per a aconseguir una de les millors paletes ib\u00e8riques del mercat.<\/p>\n<p>Com a conseq\u00fc\u00e8ncia, obtenim una espatlla ib\u00e8rica de gla de m\u00e0xima qualitat, amb un magre reixat a causa de l&#8217;elevada infiltraci\u00f3 que \u00fanicament es troba present en els millors porcs ib\u00e8rics. Aquest fet aporta una sucul\u00e8ncia \u00fanica en boca, estimulant tots els sentits. Aquesta varietat, posseeix un sabor intens i alhora equilibrat, acompanyat d&#8217;una textura poc fibrosa. Una de les majors joies de la gastronomia.<\/p>\n<h5>Marca<\/h5>\n<p><a href=\"https:\/\/www.jamonestomaslopez.com\/\"><img decoding=\"async\" class=\"alignnone size-full wp-image-1216\" src=\"https:\/\/moniberic.com\/wp-content\/uploads\/2022\/10\/LogoTL200.png\" alt=\"\" width=\"200\" height=\"87\"><\/a><\/p>\n<p>Una de les m\u00e9s prestigioses marques en Pernils i embotits Ib\u00e8rics.<\/p>\n","protected":false},"excerpt":{"rendered":"<p><img fetchpriority=\"high\" decoding=\"async\" class=\"size-full wp-image-1061 aligncenter\" src=\"https:\/\/moniberic.com\/wp-content\/uploads\/2022\/11\/p-bellota-50.png\" alt=\"\" width=\"500\" height=\"101\" srcset=\"https:\/\/moniberic.com\/wp-content\/uploads\/2022\/11\/p-bellota-50.png 500w, https:\/\/moniberic.com\/wp-content\/uploads\/2022\/11\/p-bellota-50-300x61.png 300w\" sizes=\"(max-width: 500px) 100vw, 500px\" \/><\/p>\n<p>Procedent de les millors deveses, el porc de la nostra Paleta de Bellota Ib\u00e8rica s&#8217;ha alimentat en llibertat de glans, pastures naturals i altres aliments de l&#8217;ecosistema en el qual habita. Aix\u00f2 es tradueix en una paleta de m\u00e0xima qualitat, en la qual qualsevol m\u00ednim detall ha estat tractat amb manyaga per a aconseguir una de les millors paletes ib\u00e8riques del mercat.<\/p>\n","protected":false},"featured_media":11234,"template":"","meta":[],"product_brand":[],"product_cat":[488],"product_tag":[],"class_list":{"0":"post-7899","1":"product","2":"type-product","3":"status-publish","4":"has-post-thumbnail","6":"product_cat-llescat","8":"first","9":"instock","10":"taxable","11":"shipping-taxable","12":"purchasable","13":"product-type-simple"},"_links":{"self":[{"href":"https:\/\/moniberic.com\/ca\/wp-json\/wp\/v2\/product\/7899","targetHints":{"allow":["GET"]}}],"collection":[{"href":"https:\/\/moniberic.com\/ca\/wp-json\/wp\/v2\/product"}],"about":[{"href":"https:\/\/moniberic.com\/ca\/wp-json\/wp\/v2\/types\/product"}],"wp:featuredmedia":[{"embeddable":true,"href":"https:\/\/moniberic.com\/ca\/wp-json\/wp\/v2\/media\/11234"}],"wp:attachment":[{"href":"https:\/\/moniberic.com\/ca\/wp-json\/wp\/v2\/media?parent=7899"}],"wp:term":[{"taxonomy":"product_brand","embeddable":true,"href":"https:\/\/moniberic.com\/ca\/wp-json\/wp\/v2\/product_brand?post=7899"},{"taxonomy":"product_cat","embeddable":true,"href":"https:\/\/moniberic.com\/ca\/wp-json\/wp\/v2\/product_cat?post=7899"},{"taxonomy":"product_tag","embeddable":true,"href":"https:\/\/moniberic.com\/ca\/wp-json\/wp\/v2\/product_tag?post=7899"}],"curies":[{"name":"wp","href":"https:\/\/api.w.org\/{rel}","templated":true}]}}