{"id":5112,"date":"2023-09-27T06:16:38","date_gmt":"2023-09-27T05:16:38","guid":{"rendered":"https:\/\/moniberic.com\/?post_type=product&#038;p=5112"},"modified":"2025-04-10T09:04:41","modified_gmt":"2025-04-10T08:04:41","slug":"ganivet-per-a-formatge","status":"publish","type":"product","link":"https:\/\/moniberic.com\/ca\/producte\/ganivet-per-a-formatge\/","title":{"rendered":"GANIVET PER A FORMATGE"},"content":{"rendered":"<p>M\u00e0nec ergon\u00f2mic, confortable i segur per a realitzar activitats de manera natural.<\/p>\n<p>Estan composts de polipropil\u00e8 (PP) injectat, material pl\u00e0stic higi\u00e8nic amb una bona estabilitat als cops, antilliscant i resistent a altes temperatures (de 120 \u00b0C fins a 130 \u00b0C).<\/p>\n<p>La uni\u00f3 entre m\u00e0nec i fulla \u00e9s permanent gr\u00e0cies al proc\u00e9s d&#8217;injecci\u00f3 amb el qual s&#8217;uneixen.<\/p>\n","protected":false},"excerpt":{"rendered":"<p>Dissenyat per a professionals.<\/p>\n<p>Exclusiu ganivet d&#8217;acer inoxidable d&#8217;alt rendiment i durabilitat.<\/p>\n","protected":false},"featured_media":5079,"template":"","meta":[],"product_brand":[],"product_cat":[242],"product_tag":[],"class_list":{"0":"post-5112","1":"product","2":"type-product","3":"status-publish","4":"has-post-thumbnail","6":"product_cat-accessoris","8":"first","9":"instock","10":"taxable","11":"shipping-taxable","12":"purchasable","13":"product-type-simple"},"_links":{"self":[{"href":"https:\/\/moniberic.com\/ca\/wp-json\/wp\/v2\/product\/5112","targetHints":{"allow":["GET"]}}],"collection":[{"href":"https:\/\/moniberic.com\/ca\/wp-json\/wp\/v2\/product"}],"about":[{"href":"https:\/\/moniberic.com\/ca\/wp-json\/wp\/v2\/types\/product"}],"wp:featuredmedia":[{"embeddable":true,"href":"https:\/\/moniberic.com\/ca\/wp-json\/wp\/v2\/media\/5079"}],"wp:attachment":[{"href":"https:\/\/moniberic.com\/ca\/wp-json\/wp\/v2\/media?parent=5112"}],"wp:term":[{"taxonomy":"product_brand","embeddable":true,"href":"https:\/\/moniberic.com\/ca\/wp-json\/wp\/v2\/product_brand?post=5112"},{"taxonomy":"product_cat","embeddable":true,"href":"https:\/\/moniberic.com\/ca\/wp-json\/wp\/v2\/product_cat?post=5112"},{"taxonomy":"product_tag","embeddable":true,"href":"https:\/\/moniberic.com\/ca\/wp-json\/wp\/v2\/product_tag?post=5112"}],"curies":[{"name":"wp","href":"https:\/\/api.w.org\/{rel}","templated":true}]}}