{"id":5095,"date":"2023-09-18T10:19:22","date_gmt":"2023-09-18T09:19:22","guid":{"rendered":"https:\/\/moniberic.com\/?post_type=product&#038;p=5095"},"modified":"2025-04-10T09:03:41","modified_gmt":"2025-04-10T08:03:41","slug":"pinces","status":"publish","type":"product","link":"https:\/\/moniberic.com\/ca\/producte\/pinces\/","title":{"rendered":"Pinces"},"content":{"rendered":"<p>Pinces professionals ARCOS.<\/p>\n<p>&nbsp;<\/p>\n","protected":false},"excerpt":{"rendered":"<p>Les pinces professionals per a pernil Arcos tenen un disseny especial, ja que la seva fi \u00e9s molt espec\u00edfica: mantenir la higiene i donar-li un toc m\u00e9s professional al tall de pernil.<\/p>\n<p>La fulla \u00e9s d\u00b4acer inoxidable, molt resistent i higi\u00e8nic.<\/p>\n","protected":false},"featured_media":5087,"template":"","meta":[],"product_brand":[],"product_cat":[242],"product_tag":[315,316],"class_list":{"0":"post-5095","1":"product","2":"type-product","3":"status-publish","4":"has-post-thumbnail","6":"product_cat-accessoris","7":"product_tag-accesoris","8":"product_tag-tall-pernil","10":"first","11":"instock","12":"taxable","13":"shipping-taxable","14":"purchasable","15":"product-type-simple"},"_links":{"self":[{"href":"https:\/\/moniberic.com\/ca\/wp-json\/wp\/v2\/product\/5095","targetHints":{"allow":["GET"]}}],"collection":[{"href":"https:\/\/moniberic.com\/ca\/wp-json\/wp\/v2\/product"}],"about":[{"href":"https:\/\/moniberic.com\/ca\/wp-json\/wp\/v2\/types\/product"}],"wp:featuredmedia":[{"embeddable":true,"href":"https:\/\/moniberic.com\/ca\/wp-json\/wp\/v2\/media\/5087"}],"wp:attachment":[{"href":"https:\/\/moniberic.com\/ca\/wp-json\/wp\/v2\/media?parent=5095"}],"wp:term":[{"taxonomy":"product_brand","embeddable":true,"href":"https:\/\/moniberic.com\/ca\/wp-json\/wp\/v2\/product_brand?post=5095"},{"taxonomy":"product_cat","embeddable":true,"href":"https:\/\/moniberic.com\/ca\/wp-json\/wp\/v2\/product_cat?post=5095"},{"taxonomy":"product_tag","embeddable":true,"href":"https:\/\/moniberic.com\/ca\/wp-json\/wp\/v2\/product_tag?post=5095"}],"curies":[{"name":"wp","href":"https:\/\/api.w.org\/{rel}","templated":true}]}}