{"id":1996,"date":"2022-11-09T15:32:37","date_gmt":"2022-11-09T15:32:37","guid":{"rendered":"https:\/\/moniberic.com\/producto\/lot-nadal-lj4\/"},"modified":"2025-11-25T08:00:00","modified_gmt":"2025-11-25T07:00:00","slug":"lot-nadal-lj4","status":"publish","type":"product","link":"https:\/\/moniberic.com\/ca\/producte\/lot-nadal-lj4\/","title":{"rendered":"LOT NADAL LJ4"},"content":{"rendered":"","protected":false},"excerpt":{"rendered":"<p>Dins la nostre gama d&#8217;articles podr\u00e0 comprar lots com el que presentem a continuaci\u00f3 amb un gran assortit de productes:<\/p>\n<ul>\n<li>1 Espatlla de bellota ib\u00e8rica Tom\u00e1s L\u00f3pez 5 kg. aprox.<\/li>\n<li>1 Llonganissa Tom\u00e1s L\u00f3pez 270g<\/li>\n<li>1 Llonganissa ib\u00e8rica vela 270g<\/li>\n<li>1 Xori\u00e7o ib\u00e8rica vela 270g<\/li>\n<li>1 Porci\u00f3 de formatge d&#8217;ovella semicurat 250 g aprox.<\/li>\n<li>1 Porci\u00f3 de formatge d&#8217;ovella curat 250 g aprox.<\/li>\n<li>1 Vi negre Figuero 12<\/li>\n<li>1 Cava Vilarnau Brut Reserva<\/li>\n<li>Pack 4 torrons Torrons Vicens<\/li>\n<li>Pics campers<\/li>\n<\/ul>\n<p>Presentat en caixa de cartr\u00f3.<\/p>\n<p>* En cas de rotura de stock d&#8217;alg\u00fan producte, aquest es canviar\u00e0 per un igual o superior.<\/p>\n","protected":false},"featured_media":12268,"template":"","meta":[],"product_brand":[],"product_cat":[173],"product_tag":[518,519],"class_list":{"0":"post-1996","1":"product","2":"type-product","3":"status-publish","4":"has-post-thumbnail","6":"product_cat-lots-de-nadal","7":"product_tag-lots-nadal","8":"product_tag-regals-nadal","10":"first","11":"instock","12":"taxable","13":"shipping-taxable","14":"purchasable","15":"product-type-simple"},"_links":{"self":[{"href":"https:\/\/moniberic.com\/ca\/wp-json\/wp\/v2\/product\/1996","targetHints":{"allow":["GET"]}}],"collection":[{"href":"https:\/\/moniberic.com\/ca\/wp-json\/wp\/v2\/product"}],"about":[{"href":"https:\/\/moniberic.com\/ca\/wp-json\/wp\/v2\/types\/product"}],"wp:featuredmedia":[{"embeddable":true,"href":"https:\/\/moniberic.com\/ca\/wp-json\/wp\/v2\/media\/12268"}],"wp:attachment":[{"href":"https:\/\/moniberic.com\/ca\/wp-json\/wp\/v2\/media?parent=1996"}],"wp:term":[{"taxonomy":"product_brand","embeddable":true,"href":"https:\/\/moniberic.com\/ca\/wp-json\/wp\/v2\/product_brand?post=1996"},{"taxonomy":"product_cat","embeddable":true,"href":"https:\/\/moniberic.com\/ca\/wp-json\/wp\/v2\/product_cat?post=1996"},{"taxonomy":"product_tag","embeddable":true,"href":"https:\/\/moniberic.com\/ca\/wp-json\/wp\/v2\/product_tag?post=1996"}],"curies":[{"name":"wp","href":"https:\/\/api.w.org\/{rel}","templated":true}]}}