{"id":1988,"date":"2024-12-05T13:46:59","date_gmt":"2024-12-05T12:46:59","guid":{"rendered":"https:\/\/moniberic.com\/producto\/lot-nadal-lj12\/"},"modified":"2025-11-25T08:02:38","modified_gmt":"2025-11-25T07:02:38","slug":"lot-nadal-lj12","status":"publish","type":"product","link":"https:\/\/moniberic.com\/ca\/producte\/lot-nadal-lj12\/","title":{"rendered":"LOT NADAL LJ12"},"content":{"rendered":"","protected":false},"excerpt":{"rendered":"<p>Dins la nostre gama d&#8217;articles podr\u00e0 comprar lots com el que presentem a continuaci\u00f3 amb un gran assortit de productes:<\/p>\n<div class=\"SCXW128829349 BCX0\">\n<ul>\n<li class=\"ListContainerWrapper SCXW128829349 BCX0\">1 Pernil de Bellota Ib\u00e8ric Tom\u00e1s L\u00f3pez<br \/>\n50% Ra\u00e7a Ib\u00e8rica 8,25 kg<br \/>\n1 Llom Bellota 100% Ib\u00e8ric 350 gr<br \/>\n1 Falca de formatge d&#8217;ovella semicurat 250 gr<br \/>\n1 Falca de formatge d&#8217;ovella curat 250 gr<br \/>\n1 Pics campers<br \/>\n1 Pack de Torrons Vicens<br \/>\n1 Vi negre Figuero 12<br \/>\n1 Vi negre Crian\u00e7a Trus<br \/>\n1 Cava Gramona Imperial<br \/>\nPresentat en caixa de cartr\u00f3<\/li>\n<\/ul>\n<\/div>\n","protected":false},"featured_media":12276,"template":"","meta":[],"product_brand":[],"product_cat":[173],"product_tag":[518,519],"class_list":{"0":"post-1988","1":"product","2":"type-product","3":"status-publish","4":"has-post-thumbnail","6":"product_cat-lots-de-nadal","7":"product_tag-lots-nadal","8":"product_tag-regals-nadal","10":"first","11":"instock","12":"taxable","13":"shipping-taxable","14":"purchasable","15":"product-type-simple"},"_links":{"self":[{"href":"https:\/\/moniberic.com\/ca\/wp-json\/wp\/v2\/product\/1988","targetHints":{"allow":["GET"]}}],"collection":[{"href":"https:\/\/moniberic.com\/ca\/wp-json\/wp\/v2\/product"}],"about":[{"href":"https:\/\/moniberic.com\/ca\/wp-json\/wp\/v2\/types\/product"}],"wp:featuredmedia":[{"embeddable":true,"href":"https:\/\/moniberic.com\/ca\/wp-json\/wp\/v2\/media\/12276"}],"wp:attachment":[{"href":"https:\/\/moniberic.com\/ca\/wp-json\/wp\/v2\/media?parent=1988"}],"wp:term":[{"taxonomy":"product_brand","embeddable":true,"href":"https:\/\/moniberic.com\/ca\/wp-json\/wp\/v2\/product_brand?post=1988"},{"taxonomy":"product_cat","embeddable":true,"href":"https:\/\/moniberic.com\/ca\/wp-json\/wp\/v2\/product_cat?post=1988"},{"taxonomy":"product_tag","embeddable":true,"href":"https:\/\/moniberic.com\/ca\/wp-json\/wp\/v2\/product_tag?post=1988"}],"curies":[{"name":"wp","href":"https:\/\/api.w.org\/{rel}","templated":true}]}}