{"id":1886,"date":"2022-11-15T16:17:03","date_gmt":"2022-11-15T15:17:03","guid":{"rendered":"https:\/\/moniberic.com\/producto\/el-recio\/"},"modified":"2025-03-31T07:18:09","modified_gmt":"2025-03-31T06:18:09","slug":"el-recio","status":"publish","type":"product","link":"https:\/\/moniberic.com\/ca\/producte\/el-recio\/","title":{"rendered":"EL RECIO"},"content":{"rendered":"<h3>D.O. TORO<\/h3>\n<p><strong>CELLER<\/strong>: Bodegas Matsu<\/p>\n<p><strong>VARIETATS<\/strong>: Tinta de Toro<\/p>\n<p><strong>CRIAN\u00c7A<\/strong>: 14 mesos<\/p>\n<p><strong>TAST<\/strong>: Color vermell cirera. Aromes a xocolata, vainilla i fruits negres. En boca es presenta Untu\u00f3s, rod\u00f3 i sed\u00f3s. Notes a fruites i minerals.<\/p>\n","protected":false},"excerpt":{"rendered":"<p>D.O. TORO CELLER: Bodegas Matsu VARIETATS: Tinta de Toro CRIAN\u00c7A: 14 mesos TAST: Color vermell cirera. Aromes a xocolata, vainilla i fruits negres. En boca es presenta Untu\u00f3s, rod\u00f3 i sed\u00f3s. Notes a fruites i minerals.<\/p>\n","protected":false},"featured_media":1601,"template":"","meta":[],"product_brand":[],"product_cat":[100],"product_tag":[],"class_list":{"0":"post-1886","1":"product","2":"type-product","3":"status-publish","4":"has-post-thumbnail","6":"product_cat-vins-i-caves","8":"first","9":"outofstock","10":"taxable","11":"shipping-taxable","12":"purchasable","13":"product-type-simple"},"_links":{"self":[{"href":"https:\/\/moniberic.com\/ca\/wp-json\/wp\/v2\/product\/1886","targetHints":{"allow":["GET"]}}],"collection":[{"href":"https:\/\/moniberic.com\/ca\/wp-json\/wp\/v2\/product"}],"about":[{"href":"https:\/\/moniberic.com\/ca\/wp-json\/wp\/v2\/types\/product"}],"wp:featuredmedia":[{"embeddable":true,"href":"https:\/\/moniberic.com\/ca\/wp-json\/wp\/v2\/media\/1601"}],"wp:attachment":[{"href":"https:\/\/moniberic.com\/ca\/wp-json\/wp\/v2\/media?parent=1886"}],"wp:term":[{"taxonomy":"product_brand","embeddable":true,"href":"https:\/\/moniberic.com\/ca\/wp-json\/wp\/v2\/product_brand?post=1886"},{"taxonomy":"product_cat","embeddable":true,"href":"https:\/\/moniberic.com\/ca\/wp-json\/wp\/v2\/product_cat?post=1886"},{"taxonomy":"product_tag","embeddable":true,"href":"https:\/\/moniberic.com\/ca\/wp-json\/wp\/v2\/product_tag?post=1886"}],"curies":[{"name":"wp","href":"https:\/\/api.w.org\/{rel}","templated":true}]}}