{"id":1884,"date":"2022-11-15T14:56:20","date_gmt":"2022-11-15T13:56:20","guid":{"rendered":"https:\/\/moniberic.com\/producto\/espatlla-cebo-de-camp-iberic-50-raca-iberica\/"},"modified":"2025-06-25T09:11:27","modified_gmt":"2025-06-25T08:11:27","slug":"espatlla-cebo-de-camp-iberic-50-raca-iberica","status":"publish","type":"product","link":"https:\/\/moniberic.com\/ca\/producte\/espatlla-cebo-de-camp-iberic-50-raca-iberica\/","title":{"rendered":"ESPATLLA CEBO DE CAMP IB\u00c8RIC 50% RA\u00c7A IB\u00c8RICA"},"content":{"rendered":"<p>La nostra Espatlla de Cebo de Camp Ib\u00e8ric prov\u00e9 de porcs ib\u00e8rics d&#8217;alta qualitat. Aquests animals s\u00f3n criats en terrenys a l&#8217;aire lliure per on poden pasturar i exercitar-se. Aix\u00f2 afavoreix la infiltraci\u00f3 de greix en el magre, fent la seva carn m\u00e9s sucosa. La seva alimentaci\u00f3 es basa en pastures naturals i es complementa amb cereals de primera qualitat.<\/p>\n<p>Gr\u00e0cies a aix\u00f2 obtenim una paleta reixada de sabor envolupant, estructurat, gust\u00f3s, de color intens i brillant. Estas caracter\u00edsticas, junto con un aroma excepcional, convierten este producto en una maravilla para todos nuestros sentidos.<\/p>\n<h5>Marca<\/h5>\n<p><img decoding=\"async\" class=\"alignnone size-full wp-image-1216\" src=\"https:\/\/moniberic.com\/wp-content\/uploads\/2022\/10\/LogoTL200.png\" alt=\"\" width=\"200\" height=\"87\"><\/p>\n<p>Una de les m\u00e9s prestigioses marques en Pernils i embotits Ib\u00e8rics.<\/p>\n","protected":false},"excerpt":{"rendered":"<p><img fetchpriority=\"high\" decoding=\"async\" class=\"size-full wp-image-1059 aligncenter\" src=\"https:\/\/moniberic.com\/wp-content\/uploads\/2022\/11\/p-campo-50.png\" alt=\"\" width=\"500\" height=\"101\" srcset=\"https:\/\/moniberic.com\/wp-content\/uploads\/2022\/11\/p-campo-50.png 500w, https:\/\/moniberic.com\/wp-content\/uploads\/2022\/11\/p-campo-50-300x61.png 300w\" sizes=\"(max-width: 500px) 100vw, 500px\" \/><\/p>\n<p>La nostra <strong>Espatlla de Cebo de Camp Ib\u00e8ric<\/strong> prov\u00e9 de porcs ib\u00e8rics d&#8217;alta qualitat. Aquests animals s\u00f3n criats en terrenys a l&#8217;aire lliure per on poden pasturar i exercitar-se. Aix\u00f2 afavoreix la infiltraci\u00f3 de greix en el magre, fent la seva carn m\u00e9s sucosa. La seva alimentaci\u00f3 es basa en pastures naturals i es complementa amb cereals de primera qualitat.<\/p>\n","protected":false},"featured_media":8503,"template":"","meta":[],"product_brand":[],"product_cat":[160],"product_tag":[],"class_list":{"0":"post-1884","1":"product","2":"type-product","3":"status-publish","4":"has-post-thumbnail","6":"product_cat-espatlla","8":"first","9":"instock","10":"taxable","11":"shipping-taxable","12":"purchasable","13":"product-type-variable"},"_links":{"self":[{"href":"https:\/\/moniberic.com\/ca\/wp-json\/wp\/v2\/product\/1884","targetHints":{"allow":["GET"]}}],"collection":[{"href":"https:\/\/moniberic.com\/ca\/wp-json\/wp\/v2\/product"}],"about":[{"href":"https:\/\/moniberic.com\/ca\/wp-json\/wp\/v2\/types\/product"}],"wp:featuredmedia":[{"embeddable":true,"href":"https:\/\/moniberic.com\/ca\/wp-json\/wp\/v2\/media\/8503"}],"wp:attachment":[{"href":"https:\/\/moniberic.com\/ca\/wp-json\/wp\/v2\/media?parent=1884"}],"wp:term":[{"taxonomy":"product_brand","embeddable":true,"href":"https:\/\/moniberic.com\/ca\/wp-json\/wp\/v2\/product_brand?post=1884"},{"taxonomy":"product_cat","embeddable":true,"href":"https:\/\/moniberic.com\/ca\/wp-json\/wp\/v2\/product_cat?post=1884"},{"taxonomy":"product_tag","embeddable":true,"href":"https:\/\/moniberic.com\/ca\/wp-json\/wp\/v2\/product_tag?post=1884"}],"curies":[{"name":"wp","href":"https:\/\/api.w.org\/{rel}","templated":true}]}}