{"id":1882,"date":"2022-11-15T16:23:25","date_gmt":"2022-11-15T15:23:25","guid":{"rendered":"https:\/\/moniberic.com\/producto\/venda-les-vacas\/"},"modified":"2025-03-31T07:15:23","modified_gmt":"2025-03-31T06:15:23","slug":"venta-las-vacas","status":"publish","type":"product","link":"https:\/\/moniberic.com\/ca\/producte\/venta-las-vacas\/","title":{"rendered":"VENDA LES VACAS"},"content":{"rendered":"<h3>D.O. <strong>RIBERA DEL DUERO<\/strong><\/h3>\n<p><strong>CELLER<\/strong>: Uvas Felices<\/p>\n<p><strong>VARIETATS <\/strong>: Tempranillo<\/p>\n<p><strong>CRIAN\u00c7A<\/strong>: 12 mesos en b\u00f3tes de roure americ\u00e0 i franc\u00e8s<\/p>\n<p><strong>TEST<\/strong>: Color picota amb capa llen\u00e7ant a alta. Fina ll\u00e0grima molt present. En nas, fruita negra madura, torrefactes, vainilles i mentolats. Pas per boca mes elegant que potent, fi, amb bona acidesa, amargos. Bon final amb bona persist\u00e8ncia i lleugers amargs.<\/p>\n","protected":false},"excerpt":{"rendered":"<p>D.O. RIBERA DEL DUERO CELLER: Uvas Felices VARIETATS : Tempranillo CRIAN\u00c7A: 12 mesos en b\u00f3tes de roure americ\u00e0 i franc\u00e8s TEST: Color picota amb capa llen\u00e7ant a alta. Fina ll\u00e0grima molt present. En nas, fruita negra madura, torrefactes, vainilles i mentolats. Pas per boca mes elegant que potent, fi, amb bona acidesa, amargos. Bon final [&hellip;]<\/p>\n","protected":false},"featured_media":1603,"template":"","meta":[],"product_brand":[],"product_cat":[100],"product_tag":[],"class_list":{"0":"post-1882","1":"product","2":"type-product","3":"status-publish","4":"has-post-thumbnail","6":"product_cat-vins-i-caves","8":"first","9":"instock","10":"taxable","11":"shipping-taxable","12":"purchasable","13":"product-type-simple"},"_links":{"self":[{"href":"https:\/\/moniberic.com\/ca\/wp-json\/wp\/v2\/product\/1882","targetHints":{"allow":["GET"]}}],"collection":[{"href":"https:\/\/moniberic.com\/ca\/wp-json\/wp\/v2\/product"}],"about":[{"href":"https:\/\/moniberic.com\/ca\/wp-json\/wp\/v2\/types\/product"}],"wp:featuredmedia":[{"embeddable":true,"href":"https:\/\/moniberic.com\/ca\/wp-json\/wp\/v2\/media\/1603"}],"wp:attachment":[{"href":"https:\/\/moniberic.com\/ca\/wp-json\/wp\/v2\/media?parent=1882"}],"wp:term":[{"taxonomy":"product_brand","embeddable":true,"href":"https:\/\/moniberic.com\/ca\/wp-json\/wp\/v2\/product_brand?post=1882"},{"taxonomy":"product_cat","embeddable":true,"href":"https:\/\/moniberic.com\/ca\/wp-json\/wp\/v2\/product_cat?post=1882"},{"taxonomy":"product_tag","embeddable":true,"href":"https:\/\/moniberic.com\/ca\/wp-json\/wp\/v2\/product_tag?post=1882"}],"curies":[{"name":"wp","href":"https:\/\/api.w.org\/{rel}","templated":true}]}}