{"id":1878,"date":"2022-11-15T16:25:37","date_gmt":"2022-11-15T15:25:37","guid":{"rendered":"https:\/\/moniberic.com\/producto\/camins-del-priorat\/"},"modified":"2025-03-31T07:15:29","modified_gmt":"2025-03-31T06:15:29","slug":"camins-del-priorat","status":"publish","type":"product","link":"https:\/\/moniberic.com\/ca\/producte\/camins-del-priorat\/","title":{"rendered":"CAMINS DEL PRIORAT"},"content":{"rendered":"<h3>D.O. <strong>PRIORAT<\/strong><\/h3>\n<p><strong>CELLER<\/strong>: Alvaro Palacios<\/p>\n<p><strong>VARIETATS<\/strong>: Cari\u00f1ena, Garnacha, Cabernet Sauvignon i Syrah.<\/p>\n<p><strong>CRIAN\u00c7A <\/strong>: 8 mesos en b\u00f3tes i tines de roure franc\u00e8s<\/p>\n<p><strong>TEST<\/strong>: En copa destaquen les aromes de pell de fruita madura, fruita sucosa, s\u00edndria. Al costat d&#8217;ells, les notes florals, especialment roses i clavells. En boca es mostra accessible, de textura vellutada i amb molta fruitositat, de mores i cassisos.<\/p>\n","protected":false},"excerpt":{"rendered":"<p>D.O. PRIORAT CELLER: Alvaro Palacios VARIETATS: Cari\u00f1ena, Garnacha, Cabernet Sauvignon i Syrah. CRIAN\u00c7A : 8 mesos en b\u00f3tes i tines de roure franc\u00e8s TEST: En copa destaquen les aromes de pell de fruita madura, fruita sucosa, s\u00edndria. Al costat d&#8217;ells, les notes florals, especialment roses i clavells. En boca es mostra accessible, de textura vellutada [&hellip;]<\/p>\n","protected":false},"featured_media":1605,"template":"","meta":[],"product_brand":[],"product_cat":[100],"product_tag":[],"class_list":{"0":"post-1878","1":"product","2":"type-product","3":"status-publish","4":"has-post-thumbnail","6":"product_cat-vins-i-caves","8":"first","9":"instock","10":"taxable","11":"shipping-taxable","12":"purchasable","13":"product-type-simple"},"_links":{"self":[{"href":"https:\/\/moniberic.com\/ca\/wp-json\/wp\/v2\/product\/1878","targetHints":{"allow":["GET"]}}],"collection":[{"href":"https:\/\/moniberic.com\/ca\/wp-json\/wp\/v2\/product"}],"about":[{"href":"https:\/\/moniberic.com\/ca\/wp-json\/wp\/v2\/types\/product"}],"wp:featuredmedia":[{"embeddable":true,"href":"https:\/\/moniberic.com\/ca\/wp-json\/wp\/v2\/media\/1605"}],"wp:attachment":[{"href":"https:\/\/moniberic.com\/ca\/wp-json\/wp\/v2\/media?parent=1878"}],"wp:term":[{"taxonomy":"product_brand","embeddable":true,"href":"https:\/\/moniberic.com\/ca\/wp-json\/wp\/v2\/product_brand?post=1878"},{"taxonomy":"product_cat","embeddable":true,"href":"https:\/\/moniberic.com\/ca\/wp-json\/wp\/v2\/product_cat?post=1878"},{"taxonomy":"product_tag","embeddable":true,"href":"https:\/\/moniberic.com\/ca\/wp-json\/wp\/v2\/product_tag?post=1878"}],"curies":[{"name":"wp","href":"https:\/\/api.w.org\/{rel}","templated":true}]}}