{"id":1864,"date":"2022-10-18T09:37:09","date_gmt":"2022-10-18T08:37:09","guid":{"rendered":"https:\/\/moniberic.com\/producto\/pernil-bellota-100-iberic\/"},"modified":"2025-06-25T08:57:26","modified_gmt":"2025-06-25T07:57:26","slug":"pernil-bellota-100-iberic","status":"publish","type":"product","link":"https:\/\/moniberic.com\/ca\/producte\/pernil-bellota-100-iberic\/","title":{"rendered":"PERNIL BELLOTA 100% IB\u00c8RIC"},"content":{"rendered":"<p><strong>Descripci\u00f3<\/strong><\/p>\n<p>El nostre Pernil de Bellota 100% Ib\u00e8ric representa la m\u00e0xima puresa ib\u00e8rica. El porc \u00e9s criat en llibertat entre alzines, sureres i altres esp\u00e8cies pr\u00f2pies de les millors deveses, i la seva exquisida alimentaci\u00f3 es basa en pastures naturals, glans i altres aliments caracter\u00edstics de l&#8217;ecosistema en el qual viu. Aix\u00f2 li aporta un alt valor diferencial i una qualitat \u00f2ptima que fa que aquest producte constitueixi la m\u00e9s alta gamma dels pernils ib\u00e8rics.<\/p>\n<p>Arran de l&#8217;alimentaci\u00f3 i la relaxada manera de vida del porc, el producte presenta un alt nivell d&#8217;infiltraci\u00f3 de greix en la carn que ens permet gaudir d&#8217;una sucul\u00e8ncia inigualable, aix\u00ed com un sabor i intensitat excepcionals. Tot aix\u00f2 va acompanyat d&#8217;un equilibri que fa que aquest pernil es converteixi en una meravella per al nostre paladar i en un dels pernils millor valorats del mercat.<\/p>\n<p><strong>Marca<\/strong><\/p>\n<p><img decoding=\"async\" class=\"alignnone size-full wp-image-1216\" src=\"https:\/\/moniberic.com\/wp-content\/uploads\/2022\/10\/LogoTL200.png\" alt=\"\" width=\"200\" height=\"87\"><\/p>\n<p>&nbsp;<\/p>\n<p>Una de les m\u00e9s prestigioses marques en Pernils i embotits Ib\u00e8rics.<\/p>\n","protected":false},"excerpt":{"rendered":"<p><img fetchpriority=\"high\" decoding=\"async\" class=\"alignnone size-full wp-image-1052\" src=\"https:\/\/moniberic.com\/wp-content\/uploads\/2022\/10\/bellota100.png\" alt=\"\" width=\"500\" height=\"101\" srcset=\"https:\/\/moniberic.com\/wp-content\/uploads\/2022\/10\/bellota100.png 500w, https:\/\/moniberic.com\/wp-content\/uploads\/2022\/10\/bellota100-300x61.png 300w\" sizes=\"(max-width: 500px) 100vw, 500px\" \/><br \/>\nNuestro<strong> jam\u00f3n de bellota 100% ib\u00e9rico Tom\u00e1s L\u00f3pez<\/strong> \u00e9s el m\u00e9s exquisit, posseeix un sabor persistent amb una textura sucosa i intensa. Este jam\u00f3n procede de cerdos 100% ib\u00e9ricos, criados en libertad, alimentados en r\u00e9gimen de montanera a base de bellotas y pastos naturales, con una <strong>curaci\u00f3n superior a 36 meses<\/strong> con ventilaci\u00f3n natural regulada por nuestros expertos jaboneros.<\/p>\n","protected":false},"featured_media":11117,"template":"","meta":[],"product_brand":[],"product_cat":[158],"product_tag":[],"class_list":{"0":"post-1864","1":"product","2":"type-product","3":"status-publish","4":"has-post-thumbnail","6":"product_cat-pernil","8":"first","9":"instock","10":"taxable","11":"shipping-taxable","12":"purchasable","13":"product-type-variable"},"_links":{"self":[{"href":"https:\/\/moniberic.com\/ca\/wp-json\/wp\/v2\/product\/1864","targetHints":{"allow":["GET"]}}],"collection":[{"href":"https:\/\/moniberic.com\/ca\/wp-json\/wp\/v2\/product"}],"about":[{"href":"https:\/\/moniberic.com\/ca\/wp-json\/wp\/v2\/types\/product"}],"wp:featuredmedia":[{"embeddable":true,"href":"https:\/\/moniberic.com\/ca\/wp-json\/wp\/v2\/media\/11117"}],"wp:attachment":[{"href":"https:\/\/moniberic.com\/ca\/wp-json\/wp\/v2\/media?parent=1864"}],"wp:term":[{"taxonomy":"product_brand","embeddable":true,"href":"https:\/\/moniberic.com\/ca\/wp-json\/wp\/v2\/product_brand?post=1864"},{"taxonomy":"product_cat","embeddable":true,"href":"https:\/\/moniberic.com\/ca\/wp-json\/wp\/v2\/product_cat?post=1864"},{"taxonomy":"product_tag","embeddable":true,"href":"https:\/\/moniberic.com\/ca\/wp-json\/wp\/v2\/product_tag?post=1864"}],"curies":[{"name":"wp","href":"https:\/\/api.w.org\/{rel}","templated":true}]}}